{"id":9107,"date":"2023-07-17T11:03:28","date_gmt":"2023-07-17T14:03:28","guid":{"rendered":"https:\/\/kinetec.com.br\/new\/?page_id=9107"},"modified":"2023-07-26T11:08:43","modified_gmt":"2023-07-26T14:08:43","slug":"consultoria-de-marketing","status":"publish","type":"page","link":"https:\/\/kinetec.com.br\/new\/consultoria-de-marketing\/","title":{"rendered":"Consultoria de Marketing"},"content":{"rendered":"<p>[et_pb_section fb_built=&#8221;1&#8243; _builder_version=&#8221;4.21.0&#8243; _module_preset=&#8221;default&#8221; background_color=&#8221;rgba(247,221,198,0.13)&#8221; custom_margin=&#8221;0px||0px||false|false&#8221; custom_padding=&#8221;3px||0px|||&#8221; global_colors_info=&#8221;{}&#8221;][et_pb_row column_structure=&#8221;1_2,1_2&#8243; _builder_version=&#8221;4.21.0&#8243; _module_preset=&#8221;default&#8221; z_index=&#8221;1&#8243; custom_margin=&#8221;30px||||false|false&#8221; custom_padding=&#8221;||0px|||&#8221; global_colors_info=&#8221;{}&#8221;][et_pb_column type=&#8221;1_2&#8243; _builder_version=&#8221;4.20.0&#8243; _module_preset=&#8221;default&#8221; z_index=&#8221;10&#8243; z_index_tablet=&#8221;2&#8243; z_index_phone=&#8221;2&#8243; z_index_last_edited=&#8221;on|tablet&#8221; global_colors_info=&#8221;{}&#8221;][et_pb_text _builder_version=&#8221;4.21.0&#8243; _module_preset=&#8221;efcd5f7d-8692-49a6-a1f2-af65f1a765fc&#8221; header_font=&#8221;Poppins|800|||||||&#8221; header_text_color=&#8221;#009FDB&#8221; header_font_size=&#8221;50px&#8221; custom_margin=&#8221;28px|||||&#8221; custom_margin_tablet=&#8221;28px|||||&#8221; custom_margin_phone=&#8221;15px||8px||false|false&#8221; custom_margin_last_edited=&#8221;on|phone&#8221; header_font_size_phone=&#8221;30px&#8221; global_colors_info=&#8221;{%22gcid-606d042f-c90f-4ea6-97e7-7b08f1ba25f6%22:%91%22header_text_color%22%93}&#8221;]<\/p>\n<h1>Consultoria<br \/>de Marketing<\/h1>\n<p>[\/et_pb_text][et_pb_divider color=&#8221;rgba(0,0,0,0.2)&#8221; divider_weight=&#8221;2px&#8221; _builder_version=&#8221;4.21.0&#8243; _module_preset=&#8221;default&#8221; custom_margin=&#8221;|-24%|||false|false&#8221; custom_margin_tablet=&#8221;|0%|||false|false&#8221; custom_margin_phone=&#8221;|0%|-2px||false|false&#8221; custom_margin_last_edited=&#8221;on|tablet&#8221; global_colors_info=&#8221;{}&#8221;][\/et_pb_divider][et_pb_text _builder_version=&#8221;4.21.0&#8243; _module_preset=&#8221;85a65637-1dba-40f7-80a6-b03e891ce8a4&#8243; text_text_color=&#8221;gcid-606d042f-c90f-4ea6-97e7-7b08f1ba25f6&#8243; global_colors_info=&#8221;{%22gcid-606d042f-c90f-4ea6-97e7-7b08f1ba25f6%22:%91%22text_text_color%22%93}&#8221;]<\/p>\n<p>Se voc\u00ea \u00e9 um profissional de <strong>Fisioterapia<\/strong> que busca melhorar a qualidade de seus tratamentos e obter resultados mais precisos, o sensor inercial <strong>Baiobit<\/strong> \u00e9 a solu\u00e7\u00e3o que voc\u00ea procura.<\/p>\n<p>E se voc\u00ea quer tirar o m\u00e1ximo proveito desse equipamento, nossa Consultoria de Marketing ir\u00e1 ajud\u00e1-lo a atingir seus objetivos.<\/p>\n<p>[\/et_pb_text][et_pb_button button_url=&#8221;#mais&#8221; button_text=&#8221;leia mais \u2193&#8221; _builder_version=&#8221;4.21.0&#8243; _module_preset=&#8221;default&#8221; custom_button=&#8221;on&#8221; button_text_size=&#8221;17px&#8221; button_text_color=&#8221;#FFFFFF&#8221; button_bg_color=&#8221;#009FDB&#8221; button_border_width=&#8221;0px&#8221; button_border_radius=&#8221;0px&#8221; button_font=&#8221;Poppins|600||on|||||&#8221; button_use_icon=&#8221;off&#8221; global_colors_info=&#8221;{}&#8221;][\/et_pb_button][\/et_pb_column][et_pb_column type=&#8221;1_2&#8243; _builder_version=&#8221;4.21.0&#8243; _module_preset=&#8221;default&#8221; global_colors_info=&#8221;{}&#8221;][et_pb_image src=&#8221;https:\/\/kinetec.com.br\/new\/wp-content\/uploads\/2023\/07\/bdfbaaa.png&#8221; title_text=&#8221;bdfb&#8221; _builder_version=&#8221;4.21.0&#8243; _module_preset=&#8221;default&#8221; width=&#8221;85%&#8221; width_tablet=&#8221;85%&#8221; width_phone=&#8221;100%&#8221; width_last_edited=&#8221;on|phone&#8221; module_alignment=&#8221;center&#8221; max_height_tablet=&#8221;300px&#8221; max_height_phone=&#8221;300px&#8221; max_height_last_edited=&#8221;on|tablet&#8221; custom_margin_tablet=&#8221;&#8221; custom_margin_phone=&#8221;||||false|false&#8221; custom_margin_last_edited=&#8221;on|phone&#8221; custom_padding_tablet=&#8221;&#8221; custom_padding_phone=&#8221;|||25px|false|false&#8221; custom_padding_last_edited=&#8221;on|phone&#8221; module_alignment_tablet=&#8221;center&#8221; module_alignment_phone=&#8221;center&#8221; module_alignment_last_edited=&#8221;on|phone&#8221; locked=&#8221;off&#8221; global_colors_info=&#8221;{}&#8221;][\/et_pb_image][\/et_pb_column][\/et_pb_row][\/et_pb_section][et_pb_section fb_built=&#8221;1&#8243; admin_label=&#8221;Pricing&#8221; module_id=&#8221;mais&#8221; _builder_version=&#8221;4.21.0&#8243; _module_preset=&#8221;default&#8221; background_color=&#8221;#009FDB&#8221; custom_padding=&#8221;12px||0px|||&#8221; collapsed=&#8221;off&#8221; global_colors_info=&#8221;{}&#8221;][et_pb_row _builder_version=&#8221;4.20.0&#8243; _module_preset=&#8221;default&#8221; custom_padding=&#8221;0px||0px|||&#8221; global_colors_info=&#8221;{}&#8221;][et_pb_column type=&#8221;4_4&#8243; _builder_version=&#8221;4.20.0&#8243; _module_preset=&#8221;default&#8221; global_colors_info=&#8221;{}&#8221;][et_pb_text _builder_version=&#8221;4.21.0&#8243; _module_preset=&#8221;efcd5f7d-8692-49a6-a1f2-af65f1a765fc&#8221; header_font=&#8221;Poppins||||||||&#8221; header_text_color=&#8221;#FFFFFF&#8221; header_font_size=&#8221;26px&#8221; custom_margin=&#8221;28px|||||&#8221; custom_padding=&#8221;||9px|||&#8221; header_font_size_phone=&#8221;20px&#8221; global_colors_info=&#8221;{%22gcid-606d042f-c90f-4ea6-97e7-7b08f1ba25f6%22:%91%22header_text_color%22%93}&#8221;]<\/p>\n<h1>Aqui est\u00e3o as etapas do nosso processo de consultoria:<br \/>\n<\/h1>\n<p>[\/et_pb_text][\/et_pb_column][\/et_pb_row][et_pb_row column_structure=&#8221;1_2,1_2&#8243; custom_padding_last_edited=&#8221;on|desktop&#8221; _builder_version=&#8221;4.21.0&#8243; _module_preset=&#8221;default&#8221; custom_padding=&#8221;||0px|||&#8221; custom_padding_tablet=&#8221;||0px||false|false&#8221; custom_padding_phone=&#8221;||0px||false|false&#8221; global_colors_info=&#8221;{}&#8221;][et_pb_column type=&#8221;1_2&#8243; _builder_version=&#8221;4.21.0&#8243; _module_preset=&#8221;default&#8221; custom_padding=&#8221;||30px||false|false&#8221; border_color_all=&#8221;gcid-2706dfde-6b9b-4f28-a23e-00714258002c&#8221; global_colors_info=&#8221;{%22gcid-2706dfde-6b9b-4f28-a23e-00714258002c%22:%91%22border_color_all%22%93}&#8221;][et_pb_blurb title=&#8221;1- An\u00e1lise pr\u00e9via ap\u00f3s preenchimento do formul\u00e1rio&#8221; use_icon=&#8221;on&#8221; font_icon=&#8221;&#xf15c;||fa||400&#8243; icon_color=&#8221;#002c54&#8243; image_icon_width=&#8221;53px&#8221; icon_alignment=&#8221;left&#8221; _builder_version=&#8221;4.21.0&#8243; _module_preset=&#8221;default&#8221; header_font=&#8221;Poppins|700|||||||&#8221; header_text_color=&#8221;#FFFFFF&#8221; header_font_size=&#8221;22px&#8221; header_line_height=&#8221;1.3em&#8221; custom_margin=&#8221;||-1px|||&#8221; global_colors_info=&#8221;{}&#8221;][\/et_pb_blurb][et_pb_text _builder_version=&#8221;4.21.0&#8243; _module_preset=&#8221;aa3ac58f-330b-40b1-98b0-1cf289f74739&#8243; text_text_color=&#8221;#FFFFFF&#8221; text_font_size=&#8221;15px&#8221; custom_margin=&#8221;||10px||false|false&#8221; global_colors_info=&#8221;{}&#8221;]<\/p>\n<ul>\n<li>Ap\u00f3s preencher nosso formul\u00e1rio de an\u00e1lise pr\u00e9via, nossa equipe de especialistas em marketing far\u00e1 uma an\u00e1lise cuidadosa de suas necessidades e objetivos de neg\u00f3cios.<\/li>\n<li>Com base nessa an\u00e1lise, desenvolvemos um plano de a\u00e7\u00e3o personalizado para ajud\u00e1-lo a alcan\u00e7ar seus objetivos.<\/li>\n<li>Esse servi\u00e7o \u00e9 gratuito e est\u00e1 dispon\u00edvel para todos os clientes que adquirirem o Baiobit.<\/li>\n<\/ul>\n<p>[\/et_pb_text][et_pb_blurb title=&#8221;2- Apresenta\u00e7\u00e3o do plano de a\u00e7\u00e3o&#8221; use_icon=&#8221;on&#8221; font_icon=&#8221;&#xf201;||fa||900&#8243; icon_color=&#8221;#002c54&#8243; image_icon_width=&#8221;53px&#8221; icon_alignment=&#8221;left&#8221; _builder_version=&#8221;4.21.0&#8243; _module_preset=&#8221;default&#8221; header_font=&#8221;Poppins|700|||||||&#8221; header_text_color=&#8221;#FFFFFF&#8221; header_font_size=&#8221;22px&#8221; header_line_height=&#8221;1.3em&#8221; custom_margin=&#8221;||-1px|||&#8221; global_colors_info=&#8221;{}&#8221;][\/et_pb_blurb][et_pb_text _builder_version=&#8221;4.21.0&#8243; _module_preset=&#8221;aa3ac58f-330b-40b1-98b0-1cf289f74739&#8243; text_text_color=&#8221;#FFFFFF&#8221; text_font_size=&#8221;15px&#8221; custom_margin=&#8221;||10px||false|false&#8221; global_colors_info=&#8221;{}&#8221;]<\/p>\n<ul>\n<li>Ap\u00f3s a an\u00e1lise cuidadosa de suas necessidades e objetivos de neg\u00f3cios, agendaremos uma reuni\u00e3o online para apresentar nosso plano de a\u00e7\u00e3o personalizado para voc\u00ea. Nessa reuni\u00e3o, voc\u00ea ter\u00e1 a oportunidade de conhecer a equipe de marketing da Kinetec, liderada por Roberta Feij\u00f3, tamb\u00e9m s\u00f3cia da empresa.<\/li>\n<li>Poder\u00e3o participar os gestores da cl\u00ednica, a equipe de marketing da pr\u00f3pria cl\u00ednica e outros profissionais envolvidos, se desejarem.<\/li>\n<li>Durante a apresenta\u00e7\u00e3o, explicaremos detalhadamente cada uma das estrat\u00e9gias de marketing que propomos, bem como o impacto que elas ter\u00e3o em seus resultados de tratamento e na receita da sua cl\u00ednica.<\/li>\n<li>Queremos garantir que voc\u00ea compreenda plenamente as estrat\u00e9gias que propomos e que esteja completamente satisfeito com nosso plano de a\u00e7\u00e3o. Esse servi\u00e7o tamb\u00e9m \u00e9 gratuito e est\u00e1 dispon\u00edvel para todos os clientes que adquirirem o Baiobit.<\/li>\n<\/ul>\n<p><strong>Caso voc\u00ea tenha alguma d\u00favida ou sugest\u00e3o, estaremos \u00e0 disposi\u00e7\u00e3o para ouvi-lo e discutirmos suas ideias. Nosso objetivo \u00e9 desenvolver um plano de a\u00e7\u00e3o personalizado que atenda \u00e0s suas necessidades e ajude-o a alcan\u00e7ar seus objetivos de neg\u00f3cios.<\/strong><\/p>\n<p>[\/et_pb_text][\/et_pb_column][et_pb_column type=&#8221;1_2&#8243; _builder_version=&#8221;4.21.0&#8243; _module_preset=&#8221;default&#8221; custom_padding=&#8221;||30px||false|false&#8221; border_color_all=&#8221;gcid-2706dfde-6b9b-4f28-a23e-00714258002c&#8221; global_colors_info=&#8221;{%22gcid-2706dfde-6b9b-4f28-a23e-00714258002c%22:%91%22border_color_all%22%93}&#8221;][et_pb_blurb title=&#8221;3- Acompanhamento&#8221; use_icon=&#8221;on&#8221; font_icon=&#8221;&#xf109;||fa||900&#8243; icon_color=&#8221;#002c54&#8243; image_icon_width=&#8221;53px&#8221; icon_alignment=&#8221;left&#8221; _builder_version=&#8221;4.21.0&#8243; _module_preset=&#8221;default&#8221; header_font=&#8221;Poppins|700|||||||&#8221; header_text_color=&#8221;#FFFFFF&#8221; header_font_size=&#8221;22px&#8221; header_line_height=&#8221;1.3em&#8221; custom_margin=&#8221;||-1px|||&#8221; global_colors_info=&#8221;{}&#8221;][\/et_pb_blurb][et_pb_text _builder_version=&#8221;4.21.0&#8243; _module_preset=&#8221;aa3ac58f-330b-40b1-98b0-1cf289f74739&#8243; text_text_color=&#8221;#FFFFFF&#8221; text_font_size=&#8221;15px&#8221; custom_margin=&#8221;||10px||false|false&#8221; global_colors_info=&#8221;{}&#8221;]<\/p>\n<ul>\n<li>O acompanhamento \u00e9 uma etapa crucial em nosso processo de consultoria de marketing para cl\u00ednicas de Fisioterapia que adquirem o sensor inercial Baiobit. Ele \u00e9 compuls\u00f3rio e tem como objetivo monitorar o progresso e os resultados obtidos com as estrat\u00e9gias de marketing implementadas.<\/li>\n<\/ul>\n<p>A cada 15 dias, agendaremos uma reuni\u00e3o online de 1 hora para analisar os dados e resultados, revisar o plano de a\u00e7\u00e3o e fazer ajustes, se necess\u00e1rio.<\/p>\n<p>Durante a reuni\u00e3o, discutiremos o desempenho da campanha e faremos recomenda\u00e7\u00f5es para otimizar a estrat\u00e9gia de marketing e melhorar os resultados da sua cl\u00ednica.<\/p>\n<p>O acompanhamento \u00e9 cobrado \u00e0 parte e tem um valor que ser\u00e1 informado durante a apresenta\u00e7\u00e3o do plano de a\u00e7\u00e3o. Nosso objetivo \u00e9 garantir que voc\u00ea obtenha o melhor retorno poss\u00edvel do investimento em nossos servi\u00e7os de consultoria de marketing e que alcance seus objetivos de neg\u00f3cios.<\/p>\n<p><strong>Nossa equipe de especialistas em marketing est\u00e1 comprometida em ajud\u00e1-lo a obter os melhores resultados poss\u00edveis da sua campanha de marketing.<\/strong><\/p>\n<p><strong>Conte conosco!<\/strong><\/p>\n<p>[\/et_pb_text][et_pb_divider color=&#8221;#dfbcb6&#8243; disabled_on=&#8221;on|on|off&#8221; _builder_version=&#8221;4.21.0&#8243; _module_preset=&#8221;default&#8221; global_colors_info=&#8221;{}&#8221;][\/et_pb_divider][\/et_pb_column][\/et_pb_row][\/et_pb_section][et_pb_section fb_built=&#8221;1&#8243; _builder_version=&#8221;4.21.0&#8243; _module_preset=&#8221;default&#8221; background_color=&#8221;#f9f9f9&#8243; custom_padding=&#8221;||2px|||&#8221; global_colors_info=&#8221;{}&#8221;][et_pb_row column_structure=&#8221;1_2,1_2&#8243; _builder_version=&#8221;4.21.0&#8243; _module_preset=&#8221;default&#8221; custom_margin=&#8221;||-2px||false|false&#8221; custom_margin_tablet=&#8221;&#8221; custom_margin_phone=&#8221;-20px||-2px||false|false&#8221; custom_margin_last_edited=&#8221;on|phone&#8221; custom_padding=&#8221;||0px||false|false&#8221; global_colors_info=&#8221;{}&#8221;][et_pb_column type=&#8221;1_2&#8243; _builder_version=&#8221;4.21.0&#8243; _module_preset=&#8221;default&#8221; global_colors_info=&#8221;{}&#8221;][et_pb_text _builder_version=&#8221;4.21.0&#8243; _module_preset=&#8221;efcd5f7d-8692-49a6-a1f2-af65f1a765fc&#8221; header_font=&#8221;Poppins|800|||||||&#8221; header_text_color=&#8221;#009FDB&#8221; header_font_size=&#8221;25px&#8221; custom_margin=&#8221;28px||1px|||&#8221; custom_margin_tablet=&#8221;28px|||||&#8221; custom_margin_phone=&#8221;0px||||false|false&#8221; custom_margin_last_edited=&#8221;on|phone&#8221; hover_enabled=&#8221;0&#8243; global_colors_info=&#8221;{%22gcid-606d042f-c90f-4ea6-97e7-7b08f1ba25f6%22:%91%22header_text_color%22%93}&#8221; custom_margin__hover_enabled=&#8221;on|desktop&#8221; custom_margin__hover=&#8221;28px|||||&#8221; sticky_enabled=&#8221;0&#8243;]<\/p>\n<h1>Quem \u00e9 Roberta Feij\u00f3?<\/h1>\n<p>[\/et_pb_text][et_pb_text _builder_version=&#8221;4.21.0&#8243; _module_preset=&#8221;85a65637-1dba-40f7-80a6-b03e891ce8a4&#8243; text_text_color=&#8221;gcid-606d042f-c90f-4ea6-97e7-7b08f1ba25f6&#8243; text_font_size=&#8221;14px&#8221; global_colors_info=&#8221;{%22gcid-606d042f-c90f-4ea6-97e7-7b08f1ba25f6%22:%91%22text_text_color%22%93}&#8221;]<\/p>\n<p>Com um MBA em Administra\u00e7\u00e3o de Empresas, <strong>Roberta Feij\u00f3<\/strong>, s\u00f3cia propriet\u00e1ria da Kinetec, tem vasta experi\u00eancia em marketing e gest\u00e3o empresarial.<\/p>\n<p>Identificando uma lacuna no mercado, ela busca <strong>solu\u00e7\u00f5es inovadoras<\/strong> para auxiliar clientes tecnicamente habilidosos a promover e divulgar novas tecnologias em suas cl\u00ednicas.<\/p>\n<p>Observando os clientes de maior sucesso, Roberta descobriu padr\u00f5es e estrat\u00e9gias que fazem toda a diferen\u00e7a na comunica\u00e7\u00e3o e promo\u00e7\u00e3o dos servi\u00e7os alinhados a tecnologia.<\/p>\n<p><strong>Na Kinetec, valorizamos a combina\u00e7\u00e3o de sua experi\u00eancia t\u00e9cnica e uma s\u00f3lida estrat\u00e9gia de marketing para o sucesso da sua cl\u00ednica.<\/strong><\/p>\n<p>Conte com a consultoria especializada de Roberta Feij\u00f3 e equipe para alcan\u00e7ar resultados excepcionais em sua cl\u00ednica\u00a0ou\u00a0consult\u00f3rio.<\/p>\n<p>[\/et_pb_text][\/et_pb_column][et_pb_column type=&#8221;1_2&#8243; _builder_version=&#8221;4.21.0&#8243; _module_preset=&#8221;default&#8221; global_colors_info=&#8221;{}&#8221;][et_pb_image src=&#8221;https:\/\/kinetec.com.br\/new\/wp-content\/uploads\/2023\/07\/aa.png&#8221; title_text=&#8221;aa&#8221; _builder_version=&#8221;4.21.0&#8243; _module_preset=&#8221;default&#8221; width=&#8221;85%&#8221; module_alignment=&#8221;center&#8221; max_height_tablet=&#8221;300px&#8221; max_height_phone=&#8221;300px&#8221; max_height_last_edited=&#8221;on|tablet&#8221; custom_padding_tablet=&#8221;&#8221; custom_padding_phone=&#8221;|||45px|false|false&#8221; custom_padding_last_edited=&#8221;on|phone&#8221; locked=&#8221;off&#8221; global_colors_info=&#8221;{}&#8221; custom_padding=&#8221;15px|||||&#8221;][\/et_pb_image][\/et_pb_column][\/et_pb_row][\/et_pb_section][et_pb_section fb_built=&#8221;1&#8243; _builder_version=&#8221;4.21.0&#8243; _module_preset=&#8221;default&#8221; background_color=&#8221;#009FDB&#8221; custom_margin=&#8221;0px||0px||false|false&#8221; custom_padding=&#8221;0px||0px||false|false&#8221; global_colors_info=&#8221;{}&#8221;][et_pb_row _builder_version=&#8221;4.21.0&#8243; _module_preset=&#8221;default&#8221; custom_margin=&#8221;0px||0px||false|false&#8221; custom_padding=&#8221;0px||0px||false|false&#8221; global_colors_info=&#8221;{}&#8221;][et_pb_column type=&#8221;4_4&#8243; _builder_version=&#8221;4.21.0&#8243; _module_preset=&#8221;default&#8221; global_colors_info=&#8221;{}&#8221;][et_pb_text _builder_version=&#8221;4.21.0&#8243; _module_preset=&#8221;99e093e9-dd91-4ab6-a83b-59bfee655310&#8243; header_4_font=&#8221;Poppins||||||||&#8221; header_4_text_align=&#8221;center&#8221; header_4_text_color=&#8221;#FFFFFF&#8221; header_4_font_size=&#8221;15px&#8221; custom_margin=&#8221;10px||5px||false|false&#8221; global_colors_info=&#8221;{}&#8221;]<\/p>\n<h4>Copyright \u00a9 Kinetec | 2012-2023. Todos os direitos reservados.<\/h4>\n<p>[\/et_pb_text][\/et_pb_column][\/et_pb_row][\/et_pb_section]<\/p>\n","protected":false},"excerpt":{"rendered":"<p>Consultoriade MarketingSe voc\u00ea \u00e9 um profissional de Fisioterapia que busca melhorar a qualidade de seus tratamentos e obter resultados mais precisos, o sensor inercial Baiobit \u00e9 a solu\u00e7\u00e3o que voc\u00ea procura. E se voc\u00ea quer tirar o m\u00e1ximo proveito desse equipamento, nossa Consultoria de Marketing ir\u00e1 ajud\u00e1-lo a atingir seus objetivos.Aqui est\u00e3o as etapas do [&hellip;]<\/p>\n","protected":false},"author":3,"featured_media":0,"parent":0,"menu_order":0,"comment_status":"closed","ping_status":"closed","template":"page-template-blank.php","meta":{"_et_pb_use_builder":"on","_et_pb_old_content":"","_et_gb_content_width":"","footnotes":""},"class_list":["post-9107","page","type-page","status-publish","hentry"],"yoast_head":"<!-- This site is optimized with the Yoast SEO plugin v27.4 - https:\/\/yoast.com\/product\/yoast-seo-wordpress\/ -->\n<title>Consultoria de Marketing - Kinetec<\/title>\n<meta name=\"robots\" content=\"index, follow, max-snippet:-1, max-image-preview:large, max-video-preview:-1\" \/>\n<link rel=\"canonical\" href=\"https:\/\/kinetec.com.br\/new\/consultoria-de-marketing\/\" \/>\n<meta property=\"og:locale\" content=\"pt_BR\" \/>\n<meta property=\"og:type\" content=\"article\" \/>\n<meta property=\"og:title\" content=\"Consultoria de Marketing - Kinetec\" \/>\n<meta property=\"og:description\" content=\"Consultoriade MarketingSe voc\u00ea \u00e9 um profissional de Fisioterapia que busca melhorar a qualidade de seus tratamentos e obter resultados mais precisos, o sensor inercial Baiobit \u00e9 a solu\u00e7\u00e3o que voc\u00ea procura. E se voc\u00ea quer tirar o m\u00e1ximo proveito desse equipamento, nossa Consultoria de Marketing ir\u00e1 ajud\u00e1-lo a atingir seus objetivos.Aqui est\u00e3o as etapas do [&hellip;]\" \/>\n<meta property=\"og:url\" content=\"https:\/\/kinetec.com.br\/new\/consultoria-de-marketing\/\" \/>\n<meta property=\"og:site_name\" content=\"Kinetec\" \/>\n<meta property=\"article:modified_time\" content=\"2023-07-26T14:08:43+00:00\" \/>\n<meta name=\"twitter:card\" content=\"summary_large_image\" \/>\n<meta name=\"twitter:label1\" content=\"Est. tempo de leitura\" \/>\n\t<meta name=\"twitter:data1\" content=\"5 minutos\" \/>\n<script type=\"application\/ld+json\" class=\"yoast-schema-graph\">{\"@context\":\"https:\\\/\\\/schema.org\",\"@graph\":[{\"@type\":\"WebPage\",\"@id\":\"https:\\\/\\\/kinetec.com.br\\\/new\\\/consultoria-de-marketing\\\/\",\"url\":\"https:\\\/\\\/kinetec.com.br\\\/new\\\/consultoria-de-marketing\\\/\",\"name\":\"Consultoria de Marketing - Kinetec\",\"isPartOf\":{\"@id\":\"https:\\\/\\\/kinetec.com.br\\\/new\\\/#website\"},\"datePublished\":\"2023-07-17T14:03:28+00:00\",\"dateModified\":\"2023-07-26T14:08:43+00:00\",\"breadcrumb\":{\"@id\":\"https:\\\/\\\/kinetec.com.br\\\/new\\\/consultoria-de-marketing\\\/#breadcrumb\"},\"inLanguage\":\"pt-BR\",\"potentialAction\":[{\"@type\":\"ReadAction\",\"target\":[\"https:\\\/\\\/kinetec.com.br\\\/new\\\/consultoria-de-marketing\\\/\"]}]},{\"@type\":\"BreadcrumbList\",\"@id\":\"https:\\\/\\\/kinetec.com.br\\\/new\\\/consultoria-de-marketing\\\/#breadcrumb\",\"itemListElement\":[{\"@type\":\"ListItem\",\"position\":1,\"name\":\"In\u00edcio\",\"item\":\"https:\\\/\\\/kinetec.com.br\\\/new\\\/\"},{\"@type\":\"ListItem\",\"position\":2,\"name\":\"Consultoria de Marketing\"}]},{\"@type\":\"WebSite\",\"@id\":\"https:\\\/\\\/kinetec.com.br\\\/new\\\/#website\",\"url\":\"https:\\\/\\\/kinetec.com.br\\\/new\\\/\",\"name\":\"Kinetec\",\"description\":\"Tecnologias Biomec\u00e2nicas\",\"potentialAction\":[{\"@type\":\"SearchAction\",\"target\":{\"@type\":\"EntryPoint\",\"urlTemplate\":\"https:\\\/\\\/kinetec.com.br\\\/new\\\/?s={search_term_string}\"},\"query-input\":{\"@type\":\"PropertyValueSpecification\",\"valueRequired\":true,\"valueName\":\"search_term_string\"}}],\"inLanguage\":\"pt-BR\"}]}<\/script>\n<!-- \/ Yoast SEO plugin. -->","yoast_head_json":{"title":"Consultoria de Marketing - Kinetec","robots":{"index":"index","follow":"follow","max-snippet":"max-snippet:-1","max-image-preview":"max-image-preview:large","max-video-preview":"max-video-preview:-1"},"canonical":"https:\/\/kinetec.com.br\/new\/consultoria-de-marketing\/","og_locale":"pt_BR","og_type":"article","og_title":"Consultoria de Marketing - Kinetec","og_description":"Consultoriade MarketingSe voc\u00ea \u00e9 um profissional de Fisioterapia que busca melhorar a qualidade de seus tratamentos e obter resultados mais precisos, o sensor inercial Baiobit \u00e9 a solu\u00e7\u00e3o que voc\u00ea procura. E se voc\u00ea quer tirar o m\u00e1ximo proveito desse equipamento, nossa Consultoria de Marketing ir\u00e1 ajud\u00e1-lo a atingir seus objetivos.Aqui est\u00e3o as etapas do [&hellip;]","og_url":"https:\/\/kinetec.com.br\/new\/consultoria-de-marketing\/","og_site_name":"Kinetec","article_modified_time":"2023-07-26T14:08:43+00:00","twitter_card":"summary_large_image","twitter_misc":{"Est. tempo de leitura":"5 minutos"},"schema":{"@context":"https:\/\/schema.org","@graph":[{"@type":"WebPage","@id":"https:\/\/kinetec.com.br\/new\/consultoria-de-marketing\/","url":"https:\/\/kinetec.com.br\/new\/consultoria-de-marketing\/","name":"Consultoria de Marketing - Kinetec","isPartOf":{"@id":"https:\/\/kinetec.com.br\/new\/#website"},"datePublished":"2023-07-17T14:03:28+00:00","dateModified":"2023-07-26T14:08:43+00:00","breadcrumb":{"@id":"https:\/\/kinetec.com.br\/new\/consultoria-de-marketing\/#breadcrumb"},"inLanguage":"pt-BR","potentialAction":[{"@type":"ReadAction","target":["https:\/\/kinetec.com.br\/new\/consultoria-de-marketing\/"]}]},{"@type":"BreadcrumbList","@id":"https:\/\/kinetec.com.br\/new\/consultoria-de-marketing\/#breadcrumb","itemListElement":[{"@type":"ListItem","position":1,"name":"In\u00edcio","item":"https:\/\/kinetec.com.br\/new\/"},{"@type":"ListItem","position":2,"name":"Consultoria de Marketing"}]},{"@type":"WebSite","@id":"https:\/\/kinetec.com.br\/new\/#website","url":"https:\/\/kinetec.com.br\/new\/","name":"Kinetec","description":"Tecnologias Biomec\u00e2nicas","potentialAction":[{"@type":"SearchAction","target":{"@type":"EntryPoint","urlTemplate":"https:\/\/kinetec.com.br\/new\/?s={search_term_string}"},"query-input":{"@type":"PropertyValueSpecification","valueRequired":true,"valueName":"search_term_string"}}],"inLanguage":"pt-BR"}]}},"_links":{"self":[{"href":"https:\/\/kinetec.com.br\/new\/wp-json\/wp\/v2\/pages\/9107","targetHints":{"allow":["GET"]}}],"collection":[{"href":"https:\/\/kinetec.com.br\/new\/wp-json\/wp\/v2\/pages"}],"about":[{"href":"https:\/\/kinetec.com.br\/new\/wp-json\/wp\/v2\/types\/page"}],"author":[{"embeddable":true,"href":"https:\/\/kinetec.com.br\/new\/wp-json\/wp\/v2\/users\/3"}],"replies":[{"embeddable":true,"href":"https:\/\/kinetec.com.br\/new\/wp-json\/wp\/v2\/comments?post=9107"}],"version-history":[{"count":28,"href":"https:\/\/kinetec.com.br\/new\/wp-json\/wp\/v2\/pages\/9107\/revisions"}],"predecessor-version":[{"id":9245,"href":"https:\/\/kinetec.com.br\/new\/wp-json\/wp\/v2\/pages\/9107\/revisions\/9245"}],"wp:attachment":[{"href":"https:\/\/kinetec.com.br\/new\/wp-json\/wp\/v2\/media?parent=9107"}],"curies":[{"name":"wp","href":"https:\/\/api.w.org\/{rel}","templated":true}]}}