{"id":8905,"date":"2023-04-26T14:41:31","date_gmt":"2023-04-26T17:41:31","guid":{"rendered":"https:\/\/kinetec.com.br\/new\/?page_id=8905"},"modified":"2023-05-02T15:07:52","modified_gmt":"2023-05-02T18:07:52","slug":"baiobit-cognitivo","status":"publish","type":"page","link":"https:\/\/kinetec.com.br\/new\/baiobit-cognitivo\/","title":{"rendered":"Lan\u00e7amento Rel\u00e2mpago Baiobit"},"content":{"rendered":"<p>[et_pb_section fb_built=&#8221;1&#8243; _builder_version=&#8221;4.16&#8243; global_colors_info=&#8221;{}&#8221;][et_pb_row _builder_version=&#8221;4.16&#8243; background_size=&#8221;initial&#8221; background_position=&#8221;top_left&#8221; background_repeat=&#8221;repeat&#8221; global_colors_info=&#8221;{}&#8221;][et_pb_column type=&#8221;4_4&#8243; _builder_version=&#8221;4.16&#8243; custom_padding=&#8221;|||&#8221; global_colors_info=&#8221;{}&#8221; custom_padding__hover=&#8221;|||&#8221;][et_pb_text _builder_version=&#8221;4.20.4&#8243; background_size=&#8221;initial&#8221; background_position=&#8221;top_left&#8221; background_repeat=&#8221;repeat&#8221; global_colors_info=&#8221;{}&#8221;]<\/p>\n<div style=\"font-size: 30px; color: #000826; text-align: center; line-height: 1.4;\"><b>Preencha o formul\u00e1rio abaixo e garanta sua vaga!<\/b><\/div>\n<div style=\"padding: 10px 30px; text-align: center;\">\n<p>&nbsp;<\/p>\n<\/div>\n<p>[\/et_pb_text][et_pb_code admin_label=&#8221;Formul\u00e1rio AC&#8221; _builder_version=&#8221;4.20.4&#8243; _module_preset=&#8221;default&#8221; global_colors_info=&#8221;{}&#8221;]<\/p>\n<div class=\"_form_70\"><\/div>\n<p><script src=\"https:\/\/kinetec11589.activehosted.com\/f\/embed.php?id=70\" type=\"text\/javascript\" charset=\"utf-8\"><\/script>[\/et_pb_code][et_pb_text _builder_version=&#8221;4.20.4&#8243; background_size=&#8221;initial&#8221; background_position=&#8221;top_left&#8221; background_repeat=&#8221;repeat&#8221; global_colors_info=&#8221;{}&#8221;]<\/p>\n<div style=\"text-align: center;\"><b>+55 (51) 3026 8507 | contato@kinetec.com.br<\/b><br \/>Kinetec | CNPJ: 26.160.805\/0001-06 | 2012-2022<br \/>www.kinetec.com.br<\/div>\n<p>[\/et_pb_text][\/et_pb_column][\/et_pb_row][\/et_pb_section]<\/p>\n","protected":false},"excerpt":{"rendered":"<p>Preencha o formul\u00e1rio abaixo e garanta sua vaga! &nbsp; +55 (51) 3026 8507 | contato@kinetec.com.brKinetec | CNPJ: 26.160.805\/0001-06 | 2012-2022www.kinetec.com.br<\/p>\n","protected":false},"author":1,"featured_media":0,"parent":0,"menu_order":0,"comment_status":"closed","ping_status":"closed","template":"blank-slate-template.php","meta":{"_et_pb_use_builder":"on","_et_pb_old_content":"<p>\u00a0<\/p><center><\/center><div style=\"font-size: 30px; color: #000826;\"><b>Baiobit<\/b><\/div><p>\u00a0<\/p><div style=\"padding: 10px 30px;\">Um sistema que combina<b> tecnologia e servi\u00e7os <\/b>para auxiliar os profissionais nas etapas de avalia\u00e7\u00e3o e interven\u00e7\u00e3o durante o acompanhamento dos pacientes.<br \/>O<b> Baiobit<\/b> \u00e9 o resultado de pesquisas e desenvolvimento da empresa BTS Bioengineering, que \u00e9 l\u00edder em tecnologia de an\u00e1lise de movimento h\u00e1 mais de 30 anos.<\/div><p>\u00a0<\/p><p>Formul\u00e1rio para contato:<\/p><center><\/center><div class=\"pipedriveWebForms\" style=\"padding: 10px 30px;\" data-pd-webforms=\"https:\/\/webforms.pipedrive.com\/f\/mt6FkCvvNY2HQbrMDF3y3wJPKYre3TmK7C3OabbemhAQq0HAdgXpG0bv4a8UsBd\"><script src=\"https:\/\/webforms.pipedrive.com\/f\/loader\"><\/script><\/div><p><br \/>\u00a0<\/p><div><b>+55 (51) 3026 8507 | contato@kinetec.com.br<\/b><br \/>Kinetec | CNPJ: 26.160.805\/0001-06 | 2012-2022 <br \/>www.kinetec.com.br<br \/>\u00a0<\/div>","_et_gb_content_width":"","footnotes":""},"class_list":["post-8905","page","type-page","status-publish","hentry"],"yoast_head":"<!-- This site is optimized with the Yoast SEO plugin v27.3 - https:\/\/yoast.com\/product\/yoast-seo-wordpress\/ -->\n<title>Lan\u00e7amento Rel\u00e2mpago Baiobit - Kinetec<\/title>\n<meta name=\"robots\" content=\"index, follow, max-snippet:-1, max-image-preview:large, max-video-preview:-1\" \/>\n<link rel=\"canonical\" href=\"https:\/\/kinetec.com.br\/new\/baiobit-cognitivo\/\" \/>\n<meta property=\"og:locale\" content=\"pt_BR\" \/>\n<meta property=\"og:type\" content=\"article\" \/>\n<meta property=\"og:title\" content=\"Lan\u00e7amento Rel\u00e2mpago Baiobit - Kinetec\" \/>\n<meta property=\"og:description\" content=\"Preencha o formul\u00e1rio abaixo e garanta sua vaga! &nbsp; +55 (51) 3026 8507 | contato@kinetec.com.brKinetec | CNPJ: 26.160.805\/0001-06 | 2012-2022www.kinetec.com.br\" \/>\n<meta property=\"og:url\" content=\"https:\/\/kinetec.com.br\/new\/baiobit-cognitivo\/\" \/>\n<meta property=\"og:site_name\" content=\"Kinetec\" \/>\n<meta property=\"article:modified_time\" content=\"2023-05-02T18:07:52+00:00\" \/>\n<meta name=\"twitter:card\" content=\"summary_large_image\" \/>\n<meta name=\"twitter:label1\" content=\"Est. tempo de leitura\" \/>\n\t<meta name=\"twitter:data1\" content=\"1 minuto\" \/>\n<script type=\"application\/ld+json\" class=\"yoast-schema-graph\">{\"@context\":\"https:\\\/\\\/schema.org\",\"@graph\":[{\"@type\":\"WebPage\",\"@id\":\"https:\\\/\\\/kinetec.com.br\\\/new\\\/baiobit-cognitivo\\\/\",\"url\":\"https:\\\/\\\/kinetec.com.br\\\/new\\\/baiobit-cognitivo\\\/\",\"name\":\"Lan\u00e7amento Rel\u00e2mpago Baiobit - Kinetec\",\"isPartOf\":{\"@id\":\"https:\\\/\\\/kinetec.com.br\\\/new\\\/#website\"},\"datePublished\":\"2023-04-26T17:41:31+00:00\",\"dateModified\":\"2023-05-02T18:07:52+00:00\",\"breadcrumb\":{\"@id\":\"https:\\\/\\\/kinetec.com.br\\\/new\\\/baiobit-cognitivo\\\/#breadcrumb\"},\"inLanguage\":\"pt-BR\",\"potentialAction\":[{\"@type\":\"ReadAction\",\"target\":[\"https:\\\/\\\/kinetec.com.br\\\/new\\\/baiobit-cognitivo\\\/\"]}]},{\"@type\":\"BreadcrumbList\",\"@id\":\"https:\\\/\\\/kinetec.com.br\\\/new\\\/baiobit-cognitivo\\\/#breadcrumb\",\"itemListElement\":[{\"@type\":\"ListItem\",\"position\":1,\"name\":\"In\u00edcio\",\"item\":\"https:\\\/\\\/kinetec.com.br\\\/new\\\/\"},{\"@type\":\"ListItem\",\"position\":2,\"name\":\"Lan\u00e7amento Rel\u00e2mpago Baiobit\"}]},{\"@type\":\"WebSite\",\"@id\":\"https:\\\/\\\/kinetec.com.br\\\/new\\\/#website\",\"url\":\"https:\\\/\\\/kinetec.com.br\\\/new\\\/\",\"name\":\"Kinetec\",\"description\":\"Tecnologias Biomec\u00e2nicas\",\"potentialAction\":[{\"@type\":\"SearchAction\",\"target\":{\"@type\":\"EntryPoint\",\"urlTemplate\":\"https:\\\/\\\/kinetec.com.br\\\/new\\\/?s={search_term_string}\"},\"query-input\":{\"@type\":\"PropertyValueSpecification\",\"valueRequired\":true,\"valueName\":\"search_term_string\"}}],\"inLanguage\":\"pt-BR\"}]}<\/script>\n<!-- \/ Yoast SEO plugin. -->","yoast_head_json":{"title":"Lan\u00e7amento Rel\u00e2mpago Baiobit - Kinetec","robots":{"index":"index","follow":"follow","max-snippet":"max-snippet:-1","max-image-preview":"max-image-preview:large","max-video-preview":"max-video-preview:-1"},"canonical":"https:\/\/kinetec.com.br\/new\/baiobit-cognitivo\/","og_locale":"pt_BR","og_type":"article","og_title":"Lan\u00e7amento Rel\u00e2mpago Baiobit - Kinetec","og_description":"Preencha o formul\u00e1rio abaixo e garanta sua vaga! &nbsp; +55 (51) 3026 8507 | contato@kinetec.com.brKinetec | CNPJ: 26.160.805\/0001-06 | 2012-2022www.kinetec.com.br","og_url":"https:\/\/kinetec.com.br\/new\/baiobit-cognitivo\/","og_site_name":"Kinetec","article_modified_time":"2023-05-02T18:07:52+00:00","twitter_card":"summary_large_image","twitter_misc":{"Est. tempo de leitura":"1 minuto"},"schema":{"@context":"https:\/\/schema.org","@graph":[{"@type":"WebPage","@id":"https:\/\/kinetec.com.br\/new\/baiobit-cognitivo\/","url":"https:\/\/kinetec.com.br\/new\/baiobit-cognitivo\/","name":"Lan\u00e7amento Rel\u00e2mpago Baiobit - Kinetec","isPartOf":{"@id":"https:\/\/kinetec.com.br\/new\/#website"},"datePublished":"2023-04-26T17:41:31+00:00","dateModified":"2023-05-02T18:07:52+00:00","breadcrumb":{"@id":"https:\/\/kinetec.com.br\/new\/baiobit-cognitivo\/#breadcrumb"},"inLanguage":"pt-BR","potentialAction":[{"@type":"ReadAction","target":["https:\/\/kinetec.com.br\/new\/baiobit-cognitivo\/"]}]},{"@type":"BreadcrumbList","@id":"https:\/\/kinetec.com.br\/new\/baiobit-cognitivo\/#breadcrumb","itemListElement":[{"@type":"ListItem","position":1,"name":"In\u00edcio","item":"https:\/\/kinetec.com.br\/new\/"},{"@type":"ListItem","position":2,"name":"Lan\u00e7amento Rel\u00e2mpago Baiobit"}]},{"@type":"WebSite","@id":"https:\/\/kinetec.com.br\/new\/#website","url":"https:\/\/kinetec.com.br\/new\/","name":"Kinetec","description":"Tecnologias Biomec\u00e2nicas","potentialAction":[{"@type":"SearchAction","target":{"@type":"EntryPoint","urlTemplate":"https:\/\/kinetec.com.br\/new\/?s={search_term_string}"},"query-input":{"@type":"PropertyValueSpecification","valueRequired":true,"valueName":"search_term_string"}}],"inLanguage":"pt-BR"}]}},"_links":{"self":[{"href":"https:\/\/kinetec.com.br\/new\/wp-json\/wp\/v2\/pages\/8905","targetHints":{"allow":["GET"]}}],"collection":[{"href":"https:\/\/kinetec.com.br\/new\/wp-json\/wp\/v2\/pages"}],"about":[{"href":"https:\/\/kinetec.com.br\/new\/wp-json\/wp\/v2\/types\/page"}],"author":[{"embeddable":true,"href":"https:\/\/kinetec.com.br\/new\/wp-json\/wp\/v2\/users\/1"}],"replies":[{"embeddable":true,"href":"https:\/\/kinetec.com.br\/new\/wp-json\/wp\/v2\/comments?post=8905"}],"version-history":[{"count":4,"href":"https:\/\/kinetec.com.br\/new\/wp-json\/wp\/v2\/pages\/8905\/revisions"}],"predecessor-version":[{"id":8919,"href":"https:\/\/kinetec.com.br\/new\/wp-json\/wp\/v2\/pages\/8905\/revisions\/8919"}],"wp:attachment":[{"href":"https:\/\/kinetec.com.br\/new\/wp-json\/wp\/v2\/media?parent=8905"}],"curies":[{"name":"wp","href":"https:\/\/api.w.org\/{rel}","templated":true}]}}