{"id":8593,"date":"2022-10-27T14:54:37","date_gmt":"2022-10-27T17:54:37","guid":{"rendered":"https:\/\/kinetec.com.br\/new\/?page_id=8593"},"modified":"2025-01-15T09:19:27","modified_gmt":"2025-01-15T12:19:27","slug":"contato","status":"publish","type":"page","link":"https:\/\/kinetec.com.br\/new\/contato\/","title":{"rendered":"Contato"},"content":{"rendered":"<p>[et_pb_section fb_built=&#8221;1&#8243; _builder_version=&#8221;4.16&#8243; global_colors_info=&#8221;{}&#8221;][et_pb_row _builder_version=&#8221;4.16&#8243; background_size=&#8221;initial&#8221; background_position=&#8221;top_left&#8221; background_repeat=&#8221;repeat&#8221; global_colors_info=&#8221;{}&#8221;][et_pb_column type=&#8221;4_4&#8243; _builder_version=&#8221;4.16&#8243; custom_padding=&#8221;|||&#8221; global_colors_info=&#8221;{}&#8221; custom_padding__hover=&#8221;|||&#8221;][et_pb_text _builder_version=&#8221;4.22.1&#8243; background_size=&#8221;initial&#8221; background_position=&#8221;top_left&#8221; background_repeat=&#8221;repeat&#8221; global_colors_info=&#8221;{}&#8221;]<\/p>\n<h1 style=\"text-align: center;\"><span data-sheets-value=\"{&quot;1&quot;:2,&quot;2&quot;:&quot;Vamos difundir a cultura da tecnologia biomec\u00e2nica?&quot;}\" data-sheets-userformat=\"{&quot;2&quot;:31361,&quot;3&quot;:{&quot;1&quot;:0},&quot;10&quot;:1,&quot;12&quot;:0,&quot;14&quot;:{&quot;1&quot;:2,&quot;2&quot;:0},&quot;15&quot;:&quot;Arial&quot;,&quot;16&quot;:10,&quot;17&quot;:1}\">Vamos difundir a cultura da tecnologia biomec\u00e2nica?<\/span><\/h1>\n<p>[\/et_pb_text][et_pb_text _builder_version=&#8221;4.18.0&#8243; background_size=&#8221;initial&#8221; background_position=&#8221;top_left&#8221; background_repeat=&#8221;repeat&#8221; global_colors_info=&#8221;{}&#8221;]<\/p>\n<p style=\"text-align: center;\">Formul\u00e1rio para contato:<\/p>\n<p>[\/et_pb_text][et_pb_code admin_label=&#8221;Formul\u00e1rio AC&#8221; _builder_version=&#8221;4.18.0&#8243; _module_preset=&#8221;default&#8221; global_colors_info=&#8221;{}&#8221;]<\/p>\n<div class=\"_form_5\"><\/div>\n<p><script src=\"https:\/\/kinetec11589.activehosted.com\/f\/embed.php?id=5\" type=\"text\/javascript\" charset=\"utf-8\"><\/script>[\/et_pb_code][et_pb_text _builder_version=&#8221;4.27.4&#8243; background_size=&#8221;initial&#8221; background_position=&#8221;top_left&#8221; background_repeat=&#8221;repeat&#8221; hover_enabled=&#8221;0&#8243; global_colors_info=&#8221;{}&#8221; sticky_enabled=&#8221;0&#8243;]<\/p>\n<div style=\"text-align: center;\"><b>+55 (48) 3012-9366 | contato@kinetec.com.br<\/b><br \/>Kinetec | CNPJ: 26.160.805\/0001-06 | 2012-2025<br \/>www.kinetec.com.br<\/div>\n<p>[\/et_pb_text][\/et_pb_column][\/et_pb_row][\/et_pb_section]<\/p>\n","protected":false},"excerpt":{"rendered":"<p>Vamos difundir a cultura da tecnologia biomec\u00e2nica?Formul\u00e1rio para contato:+55 (48) 3012-9366 | contato@kinetec.com.brKinetec | CNPJ: 26.160.805\/0001-06 | 2012-2025www.kinetec.com.br<\/p>\n","protected":false},"author":1,"featured_media":0,"parent":0,"menu_order":0,"comment_status":"closed","ping_status":"closed","template":"","meta":{"_et_pb_use_builder":"on","_et_pb_old_content":"","_et_gb_content_width":"","footnotes":""},"class_list":["post-8593","page","type-page","status-publish","hentry"],"yoast_head":"<!-- This site is optimized with the Yoast SEO plugin v27.4 - https:\/\/yoast.com\/product\/yoast-seo-wordpress\/ -->\n<title>Vamos difundir a cultura da tecnologia biomec\u00e2nica? - Kinetec<\/title>\n<meta name=\"description\" content=\"Modernize o servi\u00e7o prestado a seus pacientes fornecendo um atendimento avan\u00e7ado e eficiente. Vamos juntos difundir a cultura da tecnologia biomec\u00e2nica.\" \/>\n<meta name=\"robots\" content=\"index, follow, max-snippet:-1, max-image-preview:large, max-video-preview:-1\" \/>\n<link rel=\"canonical\" href=\"https:\/\/kinetec.com.br\/new\/contato\/\" \/>\n<meta property=\"og:locale\" content=\"pt_BR\" \/>\n<meta property=\"og:type\" content=\"article\" \/>\n<meta property=\"og:title\" content=\"Vamos difundir a cultura da tecnologia biomec\u00e2nica? - Kinetec\" \/>\n<meta property=\"og:description\" content=\"Modernize o servi\u00e7o prestado a seus pacientes fornecendo um atendimento avan\u00e7ado e eficiente. Vamos juntos difundir a cultura da tecnologia biomec\u00e2nica.\" \/>\n<meta property=\"og:url\" content=\"https:\/\/kinetec.com.br\/new\/contato\/\" \/>\n<meta property=\"og:site_name\" content=\"Kinetec\" \/>\n<meta property=\"article:modified_time\" content=\"2025-01-15T12:19:27+00:00\" \/>\n<meta name=\"twitter:card\" content=\"summary_large_image\" \/>\n<meta name=\"twitter:label1\" content=\"Est. tempo de leitura\" \/>\n\t<meta name=\"twitter:data1\" content=\"1 minuto\" \/>\n<script type=\"application\/ld+json\" class=\"yoast-schema-graph\">{\"@context\":\"https:\\\/\\\/schema.org\",\"@graph\":[{\"@type\":\"WebPage\",\"@id\":\"https:\\\/\\\/kinetec.com.br\\\/new\\\/contato\\\/\",\"url\":\"https:\\\/\\\/kinetec.com.br\\\/new\\\/contato\\\/\",\"name\":\"Vamos difundir a cultura da tecnologia biomec\u00e2nica? - Kinetec\",\"isPartOf\":{\"@id\":\"https:\\\/\\\/kinetec.com.br\\\/new\\\/#website\"},\"datePublished\":\"2022-10-27T17:54:37+00:00\",\"dateModified\":\"2025-01-15T12:19:27+00:00\",\"description\":\"Modernize o servi\u00e7o prestado a seus pacientes fornecendo um atendimento avan\u00e7ado e eficiente. Vamos juntos difundir a cultura da tecnologia biomec\u00e2nica.\",\"breadcrumb\":{\"@id\":\"https:\\\/\\\/kinetec.com.br\\\/new\\\/contato\\\/#breadcrumb\"},\"inLanguage\":\"pt-BR\",\"potentialAction\":[{\"@type\":\"ReadAction\",\"target\":[\"https:\\\/\\\/kinetec.com.br\\\/new\\\/contato\\\/\"]}]},{\"@type\":\"BreadcrumbList\",\"@id\":\"https:\\\/\\\/kinetec.com.br\\\/new\\\/contato\\\/#breadcrumb\",\"itemListElement\":[{\"@type\":\"ListItem\",\"position\":1,\"name\":\"In\u00edcio\",\"item\":\"https:\\\/\\\/kinetec.com.br\\\/new\\\/\"},{\"@type\":\"ListItem\",\"position\":2,\"name\":\"Contato\"}]},{\"@type\":\"WebSite\",\"@id\":\"https:\\\/\\\/kinetec.com.br\\\/new\\\/#website\",\"url\":\"https:\\\/\\\/kinetec.com.br\\\/new\\\/\",\"name\":\"Kinetec\",\"description\":\"Tecnologias Biomec\u00e2nicas\",\"potentialAction\":[{\"@type\":\"SearchAction\",\"target\":{\"@type\":\"EntryPoint\",\"urlTemplate\":\"https:\\\/\\\/kinetec.com.br\\\/new\\\/?s={search_term_string}\"},\"query-input\":{\"@type\":\"PropertyValueSpecification\",\"valueRequired\":true,\"valueName\":\"search_term_string\"}}],\"inLanguage\":\"pt-BR\"}]}<\/script>\n<!-- \/ Yoast SEO plugin. -->","yoast_head_json":{"title":"Vamos difundir a cultura da tecnologia biomec\u00e2nica? - Kinetec","description":"Modernize o servi\u00e7o prestado a seus pacientes fornecendo um atendimento avan\u00e7ado e eficiente. Vamos juntos difundir a cultura da tecnologia biomec\u00e2nica.","robots":{"index":"index","follow":"follow","max-snippet":"max-snippet:-1","max-image-preview":"max-image-preview:large","max-video-preview":"max-video-preview:-1"},"canonical":"https:\/\/kinetec.com.br\/new\/contato\/","og_locale":"pt_BR","og_type":"article","og_title":"Vamos difundir a cultura da tecnologia biomec\u00e2nica? - Kinetec","og_description":"Modernize o servi\u00e7o prestado a seus pacientes fornecendo um atendimento avan\u00e7ado e eficiente. Vamos juntos difundir a cultura da tecnologia biomec\u00e2nica.","og_url":"https:\/\/kinetec.com.br\/new\/contato\/","og_site_name":"Kinetec","article_modified_time":"2025-01-15T12:19:27+00:00","twitter_card":"summary_large_image","twitter_misc":{"Est. tempo de leitura":"1 minuto"},"schema":{"@context":"https:\/\/schema.org","@graph":[{"@type":"WebPage","@id":"https:\/\/kinetec.com.br\/new\/contato\/","url":"https:\/\/kinetec.com.br\/new\/contato\/","name":"Vamos difundir a cultura da tecnologia biomec\u00e2nica? - Kinetec","isPartOf":{"@id":"https:\/\/kinetec.com.br\/new\/#website"},"datePublished":"2022-10-27T17:54:37+00:00","dateModified":"2025-01-15T12:19:27+00:00","description":"Modernize o servi\u00e7o prestado a seus pacientes fornecendo um atendimento avan\u00e7ado e eficiente. Vamos juntos difundir a cultura da tecnologia biomec\u00e2nica.","breadcrumb":{"@id":"https:\/\/kinetec.com.br\/new\/contato\/#breadcrumb"},"inLanguage":"pt-BR","potentialAction":[{"@type":"ReadAction","target":["https:\/\/kinetec.com.br\/new\/contato\/"]}]},{"@type":"BreadcrumbList","@id":"https:\/\/kinetec.com.br\/new\/contato\/#breadcrumb","itemListElement":[{"@type":"ListItem","position":1,"name":"In\u00edcio","item":"https:\/\/kinetec.com.br\/new\/"},{"@type":"ListItem","position":2,"name":"Contato"}]},{"@type":"WebSite","@id":"https:\/\/kinetec.com.br\/new\/#website","url":"https:\/\/kinetec.com.br\/new\/","name":"Kinetec","description":"Tecnologias Biomec\u00e2nicas","potentialAction":[{"@type":"SearchAction","target":{"@type":"EntryPoint","urlTemplate":"https:\/\/kinetec.com.br\/new\/?s={search_term_string}"},"query-input":{"@type":"PropertyValueSpecification","valueRequired":true,"valueName":"search_term_string"}}],"inLanguage":"pt-BR"}]}},"_links":{"self":[{"href":"https:\/\/kinetec.com.br\/new\/wp-json\/wp\/v2\/pages\/8593","targetHints":{"allow":["GET"]}}],"collection":[{"href":"https:\/\/kinetec.com.br\/new\/wp-json\/wp\/v2\/pages"}],"about":[{"href":"https:\/\/kinetec.com.br\/new\/wp-json\/wp\/v2\/types\/page"}],"author":[{"embeddable":true,"href":"https:\/\/kinetec.com.br\/new\/wp-json\/wp\/v2\/users\/1"}],"replies":[{"embeddable":true,"href":"https:\/\/kinetec.com.br\/new\/wp-json\/wp\/v2\/comments?post=8593"}],"version-history":[{"count":6,"href":"https:\/\/kinetec.com.br\/new\/wp-json\/wp\/v2\/pages\/8593\/revisions"}],"predecessor-version":[{"id":11963,"href":"https:\/\/kinetec.com.br\/new\/wp-json\/wp\/v2\/pages\/8593\/revisions\/11963"}],"wp:attachment":[{"href":"https:\/\/kinetec.com.br\/new\/wp-json\/wp\/v2\/media?parent=8593"}],"curies":[{"name":"wp","href":"https:\/\/api.w.org\/{rel}","templated":true}]}}