{"id":8084,"date":"2022-04-07T09:58:12","date_gmt":"2022-04-07T12:58:12","guid":{"rendered":"https:\/\/kinetec.com.br\/new\/?page_id=8084"},"modified":"2022-04-07T09:58:17","modified_gmt":"2022-04-07T12:58:17","slug":"politica-privacidade","status":"publish","type":"page","link":"https:\/\/kinetec.com.br\/new\/politica-privacidade\/","title":{"rendered":"Pol\u00edtica de Privacidade"},"content":{"rendered":"<p>[et_pb_section fb_built=&#8221;1&#8243; theme_builder_area=&#8221;post_content&#8221; _builder_version=&#8221;4.16.1&#8243; _module_preset=&#8221;default&#8221;][et_pb_row _builder_version=&#8221;4.16.1&#8243; _module_preset=&#8221;default&#8221; column_structure=&#8221;1_5,3_5,1_5&#8243; theme_builder_area=&#8221;post_content&#8221;][et_pb_column _builder_version=&#8221;4.16.1&#8243; _module_preset=&#8221;default&#8221; type=&#8221;1_5&#8243; theme_builder_area=&#8221;post_content&#8221;][\/et_pb_column][et_pb_column _builder_version=&#8221;4.16.1&#8243; _module_preset=&#8221;default&#8221; type=&#8221;3_5&#8243; theme_builder_area=&#8221;post_content&#8221;][et_pb_text _builder_version=&#8221;4.16.1&#8243; _module_preset=&#8221;default&#8221; theme_builder_area=&#8221;post_content&#8221; hover_enabled=&#8221;0&#8243; sticky_enabled=&#8221;0&#8243;]<\/p>\n<h2>Pol\u00edtica de Privacidade<\/h2>\n<p>[\/et_pb_text][et_pb_text _builder_version=&#8221;4.16.1&#8243; _module_preset=&#8221;default&#8221; theme_builder_area=&#8221;post_content&#8221; hover_enabled=&#8221;0&#8243; sticky_enabled=&#8221;0&#8243;]Esta pol\u00edtica descreve as formas como coletamos, armazenamos, usamos e protegemos suas informa\u00e7\u00f5es pessoais. Voc\u00ea aceita essa pol\u00edtica e concorda com tal coleta, armazenamento e uso quando se inscrever ou usar nossos produtos, servi\u00e7os ou qualquer outro recurso, tecnologia ou funcionalidade que n\u00f3s oferecemos ao acessar nosso site ou por qualquer outro meio (coletivamente \u201cos Servi\u00e7os da Kinetec Tecnologias Biomec\u00e2nicas\u201d). Podemos alterar esta pol\u00edtica a qualquer momento, divulgando uma vers\u00e3o revisada em nosso site. A vers\u00e3o revisada entrar\u00e1 em vigor assim que disponibilizada no site. Al\u00e9m disso, se a vers\u00e3o revisada incluir uma altera\u00e7\u00e3o substancial, avisaremos voc\u00ea com 30 dias de anteced\u00eancia, divulgando o aviso sobre a altera\u00e7\u00e3o na p\u00e1gina \u201cAtualiza\u00e7\u00f5es da pol\u00edtica\u201d do nosso site. Depois desse aviso de 30 dias, ser\u00e1 considerado que voc\u00ea concorda com todas as emendas feitas a essa pol\u00edtica.<\/p>\n<p>Importante: Pol\u00edtica de Descadastramento (\u201cOpt-out\u201d)<\/p>\n<p>O usu\u00e1rio dos nossos servi\u00e7os pode a qualquer momento deixar de receber comunica\u00e7\u00f5es do nosso site. Para tanto basta enviar um e-mail para contato@kinetec.com.br indicando o seu desejo de n\u00e3o mais receber comunica\u00e7\u00f5es, ou simplesmente clicar no link \u2018remover\u2019 ou \u2018descadastramento contido no final de cada e-mail. Como coletamos informa\u00e7\u00f5es a seu respeito quando voc\u00ea visita o site da Kinetec Tecnologias Biomec\u00e2nicas ou usa os Servi\u00e7os da Kinetec Tecnologias Biomec\u00e2nicas, coletamos o seu endere\u00e7o IP e as informa\u00e7\u00f5es padr\u00e3o de acesso \u00e0 web como o tipo do seu navegador e as p\u00e1ginas que acessou em nosso site. Se voc\u00ea se inscrever, coletaremos os seguintes tipos de informa\u00e7\u00f5es:<\/p>\n<p>Informa\u00e7\u00f5es de contato \u2013 o seu nome, endere\u00e7o, telefone, e-mail, nome de usu\u00e1rio do Skype e outras informa\u00e7\u00f5es semelhantes.<br \/>\nInforma\u00e7\u00f5es financeiras \u2013 os n\u00fameros da conta banc\u00e1ria e do cart\u00e3o de cr\u00e9dito que voc\u00ea forneceu quando adquiriu os Servi\u00e7os da Kinetec Tecnologias Biomec\u00e2nicas.<br \/>\nAntes de permitir o uso dos Servi\u00e7os da Kinetec Tecnologias Biomec\u00e2nicas, poderemos exigir que voc\u00ea forne\u00e7a informa\u00e7\u00f5es adicionais que poderemos usar para verificar sua identidade ou endere\u00e7o ou gerenciar risco, como sua data de nascimento, n\u00famero de registro nacional, nacionalidade e outras informa\u00e7\u00f5es de identifica\u00e7\u00e3o. Tamb\u00e9m podemos obter informa\u00e7\u00f5es suas atrav\u00e9s de terceiros, como centros de cr\u00e9dito e servi\u00e7os de verifica\u00e7\u00e3o de identidade. Quando estiver usando os Servi\u00e7os da Kinetec Tecnologias Biomec\u00e2nicas, coletaremos informa\u00e7\u00f5es sobre suas transa\u00e7\u00f5es e outras atividades suas em nosso site ou quando usar os Servi\u00e7os da Kinetec Tecnologias Biomec\u00e2nicas e podemos coletar informa\u00e7\u00f5es sobre seu computador ou outro dispositivo de acesso com finalidade de preven\u00e7\u00e3o contra fraude. Por fim, podemos coletar informa\u00e7\u00f5es adicionais de e sobre voc\u00ea por outros meios, como de contatos com nossa equipe de suporte ao cliente, de resultados de suas respostas a uma pesquisa, de intera\u00e7\u00f5es com membros da fam\u00edlia corporativa da Kinetec Tecnologias Biomec\u00e2nicas e de outras empresas.<\/p>\n<p>Remarketing do Google: N\u00f3s utilizamos o recurso de Remarketing do Google Adwords para veicular an\u00fancios em sites de parceiros do Google. Este recurso permite identificar que voc\u00ea visitou o nosso site e assim o Google pode exibir o nosso an\u00fancio para voc\u00ea em diferentes websites. Diversos fornecedores de terceiros, inclusive o Google, compram espa\u00e7os de publicidade em sites da Internet. N\u00f3s eventualmente contratamos o Google para exibir nossos an\u00fancios nesses espa\u00e7os. Para identificar a sua visita no nosso site, tanto outros fornecedores de terceiros, quanto o Google, utilizam-se de cookies. Voc\u00ea pode desativar o uso de cookies pelo Google acessando o Gerenciador de prefer\u00eancias de an\u00fancio. Como protegemos e armazenamos informa\u00e7\u00f5es pessoais Ao longo desta pol\u00edtica, usamos o termo \u201cinforma\u00e7\u00f5es pessoais\u201d para descrever informa\u00e7\u00f5es que possam ser associadas a uma determinada pessoa e possam ser usadas para identificar essa pessoa. N\u00f3s n\u00e3o consideraremos como informa\u00e7\u00f5es pessoais as informa\u00e7\u00f5es que devem permanecer an\u00f4nimas, para que elas n\u00e3o identifiquem um determinado usu\u00e1rio. Armazenamos e processamos suas informa\u00e7\u00f5es pessoais em nossos computadores nos e as protegemos sob medidas de prote\u00e7\u00e3o f\u00edsicas, eletr\u00f4nicas e processuais. Usamos prote\u00e7\u00f5es de computador, como firewalls e criptografia de dados, aplicamos controles de acesso f\u00edsico a nossos pr\u00e9dios e arquivos e autorizamos o acesso a informa\u00e7\u00f5es pessoais apenas para os funcion\u00e1rios que precisem delas para cumprir suas responsabilidades profissionais. Como usamos as informa\u00e7\u00f5es pessoais que coletamos Nossa finalidade principal ao coletar informa\u00e7\u00f5es pessoais \u00e9 fornecer a voc\u00ea uma experi\u00eancia segura, tranquila, eficiente e personalizada. Para isso, usamos suas informa\u00e7\u00f5es pessoais para: fornecer os servi\u00e7os e o suporte ao cliente solicitados; processar transa\u00e7\u00f5es e enviar avisos sobre as suas transa\u00e7\u00f5es solucionar disputas, cobrar taxas e solucionar problemas; impedir atividades potencialmente proibidas ou ilegais e garantir a aplica\u00e7\u00e3o do nosso Contrato do usu\u00e1rio;<br \/>\npersonalizar, avaliar e melhorar nossos servi\u00e7os, al\u00e9m do conte\u00fado e do layout do nosso site; enviar materiais de marketing direcionados, avisos de atualiza\u00e7\u00e3o no servi\u00e7o e ofertas promocionais com base nas suas prefer\u00eancias de comunica\u00e7\u00e3o; comparar informa\u00e7\u00f5es, para uma maior precis\u00e3o, e verific\u00e1-las com terceiros.<\/p>\n<p>Marketing: N\u00e3o vendemos nem alugamos suas informa\u00e7\u00f5es pessoais para terceiros para fins de marketing sem seu consentimento expl\u00edcito. Podemos combinar suas informa\u00e7\u00f5es com as informa\u00e7\u00f5es que coletamos de outras empresas e us\u00e1-las para melhorar e personalizar nossos servi\u00e7os, conte\u00fado e publicidade. Se n\u00e3o desejar receber nossas mensagens de marketing nem participar de nossos programas de personaliza\u00e7\u00e3o de an\u00fancios, basta indicar sua prefer\u00eancia mandando-nos um e-mail ou simplesmente clicar no link de descadastramento fornecido em todos os nossos e-mails. Como compartilhamos informa\u00e7\u00f5es pessoais com outras partes Podemos compartilhar suas informa\u00e7\u00f5es pessoais com:<\/p>\n<p>Membros da fam\u00edlia corporativa da Kinetec Tecnologias Biomec\u00e2nicas para fornecer conte\u00fado, produtos e servi\u00e7os conjunto (como registro, transa\u00e7\u00f5es e suporte ao cliente) para ajudar a detectar e impedir atos potencialmente ilegais e viola\u00e7\u00f5es de nossas pol\u00edticas, al\u00e9m de cooperar nas decis\u00f5es quanto a seus produtos, servi\u00e7os e comunica\u00e7\u00f5es. Os membros da nossa fam\u00edlia corporativa usar\u00e3o essas informa\u00e7\u00f5es para lhe enviar comunica\u00e7\u00f5es de marketing apenas se voc\u00ea tiver solicitado seus servi\u00e7os.<br \/>\nFornecedores do servi\u00e7os sob contrato que colaboram em partes de nossas opera\u00e7\u00f5es comerciais; (preven\u00e7\u00e3o contra fraude, atividades de cobran\u00e7a, marketing, servi\u00e7os de tecnologia). Nossos contratos determinam que esses fornecedores de servi\u00e7o s\u00f3 usem suas informa\u00e7\u00f5es em rela\u00e7\u00e3o aos servi\u00e7os que realizam para n\u00f3s, e n\u00e3o em benef\u00edcio pr\u00f3prio.<br \/>\nEmpresas com as quais pretendemos nos fundir ou adquirir. (Se ocorrer uma fus\u00e3o, exigiremos que a nova entidade constitu\u00edda siga essa pol\u00edtica de privacidade com rela\u00e7\u00e3o \u00e0s suas informa\u00e7\u00f5es pessoais. Se suas informa\u00e7\u00f5es pessoais puderem ser usadas contra essa pol\u00edtica, voc\u00ea receber\u00e1 um aviso pr\u00e9vio).<br \/>\nAutoridades policiais, oficiais do governo ou outros terceiros quando:<br \/>\nformos obrigados a isso por intima\u00e7\u00e3o, decis\u00e3o judicial ou procedimento legal semelhante, precisamos fazer isso para estar em conformidade com a lei ou com as regras de associa\u00e7\u00e3o de cart\u00e3o de cr\u00e9dito; estivermos cooperando com uma investiga\u00e7\u00e3o policial em andamento,<br \/>\nacreditamos, de boa f\u00e9, que a divulga\u00e7\u00e3o das informa\u00e7\u00f5es pessoais \u00e9 necess\u00e1ria para impedir danos f\u00edsicos ou perdas financeiras, para reportar atividade ilegal suspeita ou investigar viola\u00e7\u00f5es do nosso Contrato do usu\u00e1rio.<br \/>\nOutros terceiros com seu consentimento ou orienta\u00e7\u00e3o para tanto.<br \/>\nNote que esses terceiros podem estar em outros pa\u00edses nos quais a legisla\u00e7\u00e3o sobre o processamento de informa\u00e7\u00f5es pessoais seja menos r\u00edgida do que a do seu pa\u00eds. Nos casos em que nossa empresa e um parceiro promovem juntos nossos Servi\u00e7os, n\u00f3s podemos divulgar ao parceiro algumas informa\u00e7\u00f5es pessoais tais como nome, endere\u00e7o e nome de usu\u00e1rio das pessoas que se inscreveram nos nossos Servi\u00e7os com resultado da promo\u00e7\u00e3o conjunta com o \u00fanico prop\u00f3sito de permitir a n\u00f3s e ao parceiro avaliar os resultados da promo\u00e7\u00e3o. Nesse caso, informa\u00e7\u00f5es pessoais n\u00e3o podem ser usadas pelo parceiro para nenhum outro prop\u00f3sito a Kinetec Tecnologias Biomec\u00e2nicas n\u00e3o vender\u00e1 ou alugar\u00e1 nenhuma das suas informa\u00e7\u00f5es pessoais para terceiros no curso normal dos neg\u00f3cios e s\u00f3 compartilha suas informa\u00e7\u00f5es pessoais com terceiros, conforme descrito nesta pol\u00edtica. <\/p>\n<p>www.kinetec.com.br, Get\u00falio Vargas, 901, sala 907, Menino Deus, Porto Alegre, RS, Brasil<\/p>\n<p>Fone: (51) 3026-8507[\/et_pb_text][\/et_pb_column][et_pb_column _builder_version=&#8221;4.16.1&#8243; _module_preset=&#8221;default&#8221; type=&#8221;1_5&#8243; theme_builder_area=&#8221;post_content&#8221;][\/et_pb_column][\/et_pb_row][\/et_pb_section]<\/p>\n","protected":false},"excerpt":{"rendered":"<p>Pol\u00edtica de PrivacidadeEsta pol\u00edtica descreve as formas como coletamos, armazenamos, usamos e protegemos suas informa\u00e7\u00f5es pessoais. Voc\u00ea aceita essa pol\u00edtica e concorda com tal coleta, armazenamento e uso quando se inscrever ou usar nossos produtos, servi\u00e7os ou qualquer outro recurso, tecnologia ou funcionalidade que n\u00f3s oferecemos ao acessar nosso site ou por qualquer outro meio [&hellip;]<\/p>\n","protected":false},"author":1,"featured_media":0,"parent":0,"menu_order":0,"comment_status":"closed","ping_status":"closed","template":"","meta":{"_et_pb_use_builder":"on","_et_pb_old_content":"","_et_gb_content_width":"","footnotes":""},"class_list":["post-8084","page","type-page","status-publish","hentry"],"yoast_head":"<!-- This site is optimized with the Yoast SEO plugin v27.4 - https:\/\/yoast.com\/product\/yoast-seo-wordpress\/ -->\n<title>Pol\u00edtica de Privacidade - Kinetec<\/title>\n<meta name=\"robots\" content=\"index, follow, max-snippet:-1, max-image-preview:large, max-video-preview:-1\" \/>\n<link rel=\"canonical\" href=\"https:\/\/kinetec.com.br\/new\/politica-privacidade\/\" \/>\n<meta property=\"og:locale\" content=\"pt_BR\" \/>\n<meta property=\"og:type\" content=\"article\" \/>\n<meta property=\"og:title\" content=\"Pol\u00edtica de Privacidade - Kinetec\" \/>\n<meta property=\"og:description\" content=\"Pol\u00edtica de PrivacidadeEsta pol\u00edtica descreve as formas como coletamos, armazenamos, usamos e protegemos suas informa\u00e7\u00f5es pessoais. Voc\u00ea aceita essa pol\u00edtica e concorda com tal coleta, armazenamento e uso quando se inscrever ou usar nossos produtos, servi\u00e7os ou qualquer outro recurso, tecnologia ou funcionalidade que n\u00f3s oferecemos ao acessar nosso site ou por qualquer outro meio [&hellip;]\" \/>\n<meta property=\"og:url\" content=\"https:\/\/kinetec.com.br\/new\/politica-privacidade\/\" \/>\n<meta property=\"og:site_name\" content=\"Kinetec\" \/>\n<meta property=\"article:modified_time\" content=\"2022-04-07T12:58:17+00:00\" \/>\n<meta name=\"twitter:card\" content=\"summary_large_image\" \/>\n<meta name=\"twitter:label1\" content=\"Est. tempo de leitura\" \/>\n\t<meta name=\"twitter:data1\" content=\"8 minutos\" \/>\n<script type=\"application\/ld+json\" class=\"yoast-schema-graph\">{\"@context\":\"https:\\\/\\\/schema.org\",\"@graph\":[{\"@type\":\"WebPage\",\"@id\":\"https:\\\/\\\/kinetec.com.br\\\/new\\\/politica-privacidade\\\/\",\"url\":\"https:\\\/\\\/kinetec.com.br\\\/new\\\/politica-privacidade\\\/\",\"name\":\"Pol\u00edtica de Privacidade - Kinetec\",\"isPartOf\":{\"@id\":\"https:\\\/\\\/kinetec.com.br\\\/new\\\/#website\"},\"datePublished\":\"2022-04-07T12:58:12+00:00\",\"dateModified\":\"2022-04-07T12:58:17+00:00\",\"breadcrumb\":{\"@id\":\"https:\\\/\\\/kinetec.com.br\\\/new\\\/politica-privacidade\\\/#breadcrumb\"},\"inLanguage\":\"pt-BR\",\"potentialAction\":[{\"@type\":\"ReadAction\",\"target\":[\"https:\\\/\\\/kinetec.com.br\\\/new\\\/politica-privacidade\\\/\"]}]},{\"@type\":\"BreadcrumbList\",\"@id\":\"https:\\\/\\\/kinetec.com.br\\\/new\\\/politica-privacidade\\\/#breadcrumb\",\"itemListElement\":[{\"@type\":\"ListItem\",\"position\":1,\"name\":\"In\u00edcio\",\"item\":\"https:\\\/\\\/kinetec.com.br\\\/new\\\/\"},{\"@type\":\"ListItem\",\"position\":2,\"name\":\"Pol\u00edtica de Privacidade\"}]},{\"@type\":\"WebSite\",\"@id\":\"https:\\\/\\\/kinetec.com.br\\\/new\\\/#website\",\"url\":\"https:\\\/\\\/kinetec.com.br\\\/new\\\/\",\"name\":\"Kinetec\",\"description\":\"Tecnologias Biomec\u00e2nicas\",\"potentialAction\":[{\"@type\":\"SearchAction\",\"target\":{\"@type\":\"EntryPoint\",\"urlTemplate\":\"https:\\\/\\\/kinetec.com.br\\\/new\\\/?s={search_term_string}\"},\"query-input\":{\"@type\":\"PropertyValueSpecification\",\"valueRequired\":true,\"valueName\":\"search_term_string\"}}],\"inLanguage\":\"pt-BR\"}]}<\/script>\n<!-- \/ Yoast SEO plugin. -->","yoast_head_json":{"title":"Pol\u00edtica de Privacidade - Kinetec","robots":{"index":"index","follow":"follow","max-snippet":"max-snippet:-1","max-image-preview":"max-image-preview:large","max-video-preview":"max-video-preview:-1"},"canonical":"https:\/\/kinetec.com.br\/new\/politica-privacidade\/","og_locale":"pt_BR","og_type":"article","og_title":"Pol\u00edtica de Privacidade - Kinetec","og_description":"Pol\u00edtica de PrivacidadeEsta pol\u00edtica descreve as formas como coletamos, armazenamos, usamos e protegemos suas informa\u00e7\u00f5es pessoais. Voc\u00ea aceita essa pol\u00edtica e concorda com tal coleta, armazenamento e uso quando se inscrever ou usar nossos produtos, servi\u00e7os ou qualquer outro recurso, tecnologia ou funcionalidade que n\u00f3s oferecemos ao acessar nosso site ou por qualquer outro meio [&hellip;]","og_url":"https:\/\/kinetec.com.br\/new\/politica-privacidade\/","og_site_name":"Kinetec","article_modified_time":"2022-04-07T12:58:17+00:00","twitter_card":"summary_large_image","twitter_misc":{"Est. tempo de leitura":"8 minutos"},"schema":{"@context":"https:\/\/schema.org","@graph":[{"@type":"WebPage","@id":"https:\/\/kinetec.com.br\/new\/politica-privacidade\/","url":"https:\/\/kinetec.com.br\/new\/politica-privacidade\/","name":"Pol\u00edtica de Privacidade - Kinetec","isPartOf":{"@id":"https:\/\/kinetec.com.br\/new\/#website"},"datePublished":"2022-04-07T12:58:12+00:00","dateModified":"2022-04-07T12:58:17+00:00","breadcrumb":{"@id":"https:\/\/kinetec.com.br\/new\/politica-privacidade\/#breadcrumb"},"inLanguage":"pt-BR","potentialAction":[{"@type":"ReadAction","target":["https:\/\/kinetec.com.br\/new\/politica-privacidade\/"]}]},{"@type":"BreadcrumbList","@id":"https:\/\/kinetec.com.br\/new\/politica-privacidade\/#breadcrumb","itemListElement":[{"@type":"ListItem","position":1,"name":"In\u00edcio","item":"https:\/\/kinetec.com.br\/new\/"},{"@type":"ListItem","position":2,"name":"Pol\u00edtica de Privacidade"}]},{"@type":"WebSite","@id":"https:\/\/kinetec.com.br\/new\/#website","url":"https:\/\/kinetec.com.br\/new\/","name":"Kinetec","description":"Tecnologias Biomec\u00e2nicas","potentialAction":[{"@type":"SearchAction","target":{"@type":"EntryPoint","urlTemplate":"https:\/\/kinetec.com.br\/new\/?s={search_term_string}"},"query-input":{"@type":"PropertyValueSpecification","valueRequired":true,"valueName":"search_term_string"}}],"inLanguage":"pt-BR"}]}},"_links":{"self":[{"href":"https:\/\/kinetec.com.br\/new\/wp-json\/wp\/v2\/pages\/8084","targetHints":{"allow":["GET"]}}],"collection":[{"href":"https:\/\/kinetec.com.br\/new\/wp-json\/wp\/v2\/pages"}],"about":[{"href":"https:\/\/kinetec.com.br\/new\/wp-json\/wp\/v2\/types\/page"}],"author":[{"embeddable":true,"href":"https:\/\/kinetec.com.br\/new\/wp-json\/wp\/v2\/users\/1"}],"replies":[{"embeddable":true,"href":"https:\/\/kinetec.com.br\/new\/wp-json\/wp\/v2\/comments?post=8084"}],"version-history":[{"count":3,"href":"https:\/\/kinetec.com.br\/new\/wp-json\/wp\/v2\/pages\/8084\/revisions"}],"predecessor-version":[{"id":8089,"href":"https:\/\/kinetec.com.br\/new\/wp-json\/wp\/v2\/pages\/8084\/revisions\/8089"}],"wp:attachment":[{"href":"https:\/\/kinetec.com.br\/new\/wp-json\/wp\/v2\/media?parent=8084"}],"curies":[{"name":"wp","href":"https:\/\/api.w.org\/{rel}","templated":true}]}}