{"id":7897,"date":"2021-09-08T11:13:28","date_gmt":"2021-09-08T14:13:28","guid":{"rendered":"https:\/\/kinetec.com.br\/new\/?page_id=7897"},"modified":"2025-01-16T17:04:16","modified_gmt":"2025-01-16T20:04:16","slug":"ebook-analise-de-marcha","status":"publish","type":"page","link":"https:\/\/kinetec.com.br\/new\/ebooks\/ebook-analise-de-marcha\/","title":{"rendered":"An\u00e1lise da Marcha &#8211; eBook"},"content":{"rendered":"<p>[et_pb_section fb_built=&#8221;1&#8243; disabled_on=&#8221;off|off|off&#8221; _builder_version=&#8221;4.27.4&#8243; _module_preset=&#8221;default&#8221; background_color=&#8221;#0e1c37&#8243; custom_margin=&#8221;||-7px|||&#8221; custom_padding=&#8221;||30px|||&#8221; hover_enabled=&#8221;0&#8243; locked=&#8221;off&#8221; global_colors_info=&#8221;{}&#8221; sticky_enabled=&#8221;0&#8243;][et_pb_row column_structure=&#8221;1_2,1_2&#8243; _builder_version=&#8221;4.16&#8243; _module_preset=&#8221;default&#8221; custom_margin=&#8221;|auto|21px|auto||&#8221; custom_padding=&#8221;||0px|||&#8221; global_colors_info=&#8221;{}&#8221;][et_pb_column type=&#8221;1_2&#8243; _builder_version=&#8221;4.16&#8243; _module_preset=&#8221;default&#8221; global_colors_info=&#8221;{}&#8221;][et_pb_image src=&#8221;https:\/\/kinetec.com.br\/new\/wp-content\/uploads\/2019\/03\/capa_branca_texto_azul.png&#8221; title_text=&#8221;capa_branca_texto_azul&#8221; _builder_version=&#8221;4.16&#8243; _module_preset=&#8221;default&#8221; width=&#8221;64%&#8221; module_alignment=&#8221;center&#8221; global_colors_info=&#8221;{}&#8221;][\/et_pb_image][\/et_pb_column][et_pb_column type=&#8221;1_2&#8243; _builder_version=&#8221;4.16&#8243; _module_preset=&#8221;default&#8221; global_colors_info=&#8221;{}&#8221;][et_pb_text _builder_version=&#8221;4.22.1&#8243; _module_preset=&#8221;default&#8221; text_font=&#8221;Montserrat||||||||&#8221; text_text_color=&#8221;#ffffff&#8221; text_font_size=&#8221;18px&#8221; text_line_height=&#8221;1.5em&#8221; background_layout=&#8221;dark&#8221; custom_margin=&#8221;10px|||||&#8221; global_colors_info=&#8221;{}&#8221;]<\/p>\n<h1><span data-sheets-value=\"{&quot;1&quot;:2,&quot;2&quot;:&quot;E-book Como Aplicar a An\u00e1lise da Marcha na sua Rotina Cl\u00ednica&quot;}\" data-sheets-userformat=\"{&quot;2&quot;:31361,&quot;3&quot;:{&quot;1&quot;:0},&quot;10&quot;:1,&quot;12&quot;:0,&quot;14&quot;:{&quot;1&quot;:2,&quot;2&quot;:0},&quot;15&quot;:&quot;Arial&quot;,&quot;16&quot;:10,&quot;17&quot;:1}\" data-sheets-formula=\"=&quot;E-book &quot;&amp;R[-1]C[-3]\">E-book Como Aplicar a An\u00e1lise da Marcha na sua Rotina Cl\u00ednica<\/span><\/h1>\n<p><b><span style=\"color: ff7800;\">Baixe Agora Gr\u00e1tis!<\/span><\/b><br \/>Preencha abaixo com o seu melhor email, para que voc\u00ea receba agora mesmo a sua c\u00f3pia do e-book:<\/p>\n<p>[\/et_pb_text][et_pb_code admin_label=&#8221;Formul\u00e1rio AC&#8221; _builder_version=&#8221;4.17.6&#8243; _module_preset=&#8221;default&#8221; global_colors_info=&#8221;{}&#8221;]<\/p>\n<div class=\"_form_24\"><\/div>\n<p><script src=\"https:\/\/kinetec11589.activehosted.com\/f\/embed.php?id=24\" type=\"text\/javascript\" charset=\"utf-8\"><\/script>[\/et_pb_code][\/et_pb_column][\/et_pb_row][\/et_pb_section]<\/p>\n","protected":false},"excerpt":{"rendered":"<p>E-book Como Aplicar a An\u00e1lise da Marcha na sua Rotina Cl\u00ednica Baixe Agora Gr\u00e1tis!Preencha abaixo com o seu melhor email, para que voc\u00ea receba agora mesmo a sua c\u00f3pia do e-book:<\/p>\n","protected":false},"author":1,"featured_media":0,"parent":1884,"menu_order":0,"comment_status":"closed","ping_status":"closed","template":"","meta":{"_et_pb_use_builder":"on","_et_pb_old_content":"","_et_gb_content_width":"","footnotes":""},"class_list":["post-7897","page","type-page","status-publish","hentry"],"yoast_head":"<!-- This site is optimized with the Yoast SEO plugin v27.3 - https:\/\/yoast.com\/product\/yoast-seo-wordpress\/ -->\n<title>E-book sobre Como Aplicar a An\u00e1lise da Marcha na Rotina Cl\u00ednica - Kinetec<\/title>\n<meta name=\"description\" content=\"Aprenda mais sobre an\u00e1lise biomec\u00e2nica da marcha e aprofunde seus conhecimentos em cin\u00e9tica, cinem\u00e1tica, eletromiografia e testes como, timed up and go (TUG).\" \/>\n<meta name=\"robots\" content=\"index, follow, max-snippet:-1, max-image-preview:large, max-video-preview:-1\" \/>\n<link rel=\"canonical\" href=\"https:\/\/kinetec.com.br\/new\/ebooks\/ebook-analise-de-marcha\/\" \/>\n<meta property=\"og:locale\" content=\"pt_BR\" \/>\n<meta property=\"og:type\" content=\"article\" \/>\n<meta property=\"og:title\" content=\"E-book sobre Como Aplicar a An\u00e1lise da Marcha na Rotina Cl\u00ednica - Kinetec\" \/>\n<meta property=\"og:description\" content=\"Aprenda mais sobre an\u00e1lise biomec\u00e2nica da marcha e aprofunde seus conhecimentos em cin\u00e9tica, cinem\u00e1tica, eletromiografia e testes como, timed up and go (TUG).\" \/>\n<meta property=\"og:url\" content=\"https:\/\/kinetec.com.br\/new\/ebooks\/ebook-analise-de-marcha\/\" \/>\n<meta property=\"og:site_name\" content=\"Kinetec\" \/>\n<meta property=\"article:modified_time\" content=\"2025-01-16T20:04:16+00:00\" \/>\n<meta name=\"twitter:card\" content=\"summary_large_image\" \/>\n<meta name=\"twitter:label1\" content=\"Est. tempo de leitura\" \/>\n\t<meta name=\"twitter:data1\" content=\"1 minuto\" \/>\n<script type=\"application\/ld+json\" class=\"yoast-schema-graph\">{\"@context\":\"https:\\\/\\\/schema.org\",\"@graph\":[{\"@type\":\"WebPage\",\"@id\":\"https:\\\/\\\/kinetec.com.br\\\/new\\\/ebooks\\\/ebook-analise-de-marcha\\\/\",\"url\":\"https:\\\/\\\/kinetec.com.br\\\/new\\\/ebooks\\\/ebook-analise-de-marcha\\\/\",\"name\":\"E-book sobre Como Aplicar a An\u00e1lise da Marcha na Rotina Cl\u00ednica - Kinetec\",\"isPartOf\":{\"@id\":\"https:\\\/\\\/kinetec.com.br\\\/new\\\/#website\"},\"datePublished\":\"2021-09-08T14:13:28+00:00\",\"dateModified\":\"2025-01-16T20:04:16+00:00\",\"description\":\"Aprenda mais sobre an\u00e1lise biomec\u00e2nica da marcha e aprofunde seus conhecimentos em cin\u00e9tica, cinem\u00e1tica, eletromiografia e testes como, timed up and go (TUG).\",\"breadcrumb\":{\"@id\":\"https:\\\/\\\/kinetec.com.br\\\/new\\\/ebooks\\\/ebook-analise-de-marcha\\\/#breadcrumb\"},\"inLanguage\":\"pt-BR\",\"potentialAction\":[{\"@type\":\"ReadAction\",\"target\":[\"https:\\\/\\\/kinetec.com.br\\\/new\\\/ebooks\\\/ebook-analise-de-marcha\\\/\"]}]},{\"@type\":\"BreadcrumbList\",\"@id\":\"https:\\\/\\\/kinetec.com.br\\\/new\\\/ebooks\\\/ebook-analise-de-marcha\\\/#breadcrumb\",\"itemListElement\":[{\"@type\":\"ListItem\",\"position\":1,\"name\":\"In\u00edcio\",\"item\":\"https:\\\/\\\/kinetec.com.br\\\/new\\\/\"},{\"@type\":\"ListItem\",\"position\":2,\"name\":\"eBooks\",\"item\":\"https:\\\/\\\/kinetec.com.br\\\/new\\\/ebooks\\\/\"},{\"@type\":\"ListItem\",\"position\":3,\"name\":\"An\u00e1lise da Marcha &#8211; eBook\"}]},{\"@type\":\"WebSite\",\"@id\":\"https:\\\/\\\/kinetec.com.br\\\/new\\\/#website\",\"url\":\"https:\\\/\\\/kinetec.com.br\\\/new\\\/\",\"name\":\"Kinetec\",\"description\":\"Tecnologias Biomec\u00e2nicas\",\"potentialAction\":[{\"@type\":\"SearchAction\",\"target\":{\"@type\":\"EntryPoint\",\"urlTemplate\":\"https:\\\/\\\/kinetec.com.br\\\/new\\\/?s={search_term_string}\"},\"query-input\":{\"@type\":\"PropertyValueSpecification\",\"valueRequired\":true,\"valueName\":\"search_term_string\"}}],\"inLanguage\":\"pt-BR\"}]}<\/script>\n<!-- \/ Yoast SEO plugin. -->","yoast_head_json":{"title":"E-book sobre Como Aplicar a An\u00e1lise da Marcha na Rotina Cl\u00ednica - Kinetec","description":"Aprenda mais sobre an\u00e1lise biomec\u00e2nica da marcha e aprofunde seus conhecimentos em cin\u00e9tica, cinem\u00e1tica, eletromiografia e testes como, timed up and go (TUG).","robots":{"index":"index","follow":"follow","max-snippet":"max-snippet:-1","max-image-preview":"max-image-preview:large","max-video-preview":"max-video-preview:-1"},"canonical":"https:\/\/kinetec.com.br\/new\/ebooks\/ebook-analise-de-marcha\/","og_locale":"pt_BR","og_type":"article","og_title":"E-book sobre Como Aplicar a An\u00e1lise da Marcha na Rotina Cl\u00ednica - Kinetec","og_description":"Aprenda mais sobre an\u00e1lise biomec\u00e2nica da marcha e aprofunde seus conhecimentos em cin\u00e9tica, cinem\u00e1tica, eletromiografia e testes como, timed up and go (TUG).","og_url":"https:\/\/kinetec.com.br\/new\/ebooks\/ebook-analise-de-marcha\/","og_site_name":"Kinetec","article_modified_time":"2025-01-16T20:04:16+00:00","twitter_card":"summary_large_image","twitter_misc":{"Est. tempo de leitura":"1 minuto"},"schema":{"@context":"https:\/\/schema.org","@graph":[{"@type":"WebPage","@id":"https:\/\/kinetec.com.br\/new\/ebooks\/ebook-analise-de-marcha\/","url":"https:\/\/kinetec.com.br\/new\/ebooks\/ebook-analise-de-marcha\/","name":"E-book sobre Como Aplicar a An\u00e1lise da Marcha na Rotina Cl\u00ednica - Kinetec","isPartOf":{"@id":"https:\/\/kinetec.com.br\/new\/#website"},"datePublished":"2021-09-08T14:13:28+00:00","dateModified":"2025-01-16T20:04:16+00:00","description":"Aprenda mais sobre an\u00e1lise biomec\u00e2nica da marcha e aprofunde seus conhecimentos em cin\u00e9tica, cinem\u00e1tica, eletromiografia e testes como, timed up and go (TUG).","breadcrumb":{"@id":"https:\/\/kinetec.com.br\/new\/ebooks\/ebook-analise-de-marcha\/#breadcrumb"},"inLanguage":"pt-BR","potentialAction":[{"@type":"ReadAction","target":["https:\/\/kinetec.com.br\/new\/ebooks\/ebook-analise-de-marcha\/"]}]},{"@type":"BreadcrumbList","@id":"https:\/\/kinetec.com.br\/new\/ebooks\/ebook-analise-de-marcha\/#breadcrumb","itemListElement":[{"@type":"ListItem","position":1,"name":"In\u00edcio","item":"https:\/\/kinetec.com.br\/new\/"},{"@type":"ListItem","position":2,"name":"eBooks","item":"https:\/\/kinetec.com.br\/new\/ebooks\/"},{"@type":"ListItem","position":3,"name":"An\u00e1lise da Marcha &#8211; eBook"}]},{"@type":"WebSite","@id":"https:\/\/kinetec.com.br\/new\/#website","url":"https:\/\/kinetec.com.br\/new\/","name":"Kinetec","description":"Tecnologias Biomec\u00e2nicas","potentialAction":[{"@type":"SearchAction","target":{"@type":"EntryPoint","urlTemplate":"https:\/\/kinetec.com.br\/new\/?s={search_term_string}"},"query-input":{"@type":"PropertyValueSpecification","valueRequired":true,"valueName":"search_term_string"}}],"inLanguage":"pt-BR"}]}},"_links":{"self":[{"href":"https:\/\/kinetec.com.br\/new\/wp-json\/wp\/v2\/pages\/7897","targetHints":{"allow":["GET"]}}],"collection":[{"href":"https:\/\/kinetec.com.br\/new\/wp-json\/wp\/v2\/pages"}],"about":[{"href":"https:\/\/kinetec.com.br\/new\/wp-json\/wp\/v2\/types\/page"}],"author":[{"embeddable":true,"href":"https:\/\/kinetec.com.br\/new\/wp-json\/wp\/v2\/users\/1"}],"replies":[{"embeddable":true,"href":"https:\/\/kinetec.com.br\/new\/wp-json\/wp\/v2\/comments?post=7897"}],"version-history":[{"count":9,"href":"https:\/\/kinetec.com.br\/new\/wp-json\/wp\/v2\/pages\/7897\/revisions"}],"predecessor-version":[{"id":11975,"href":"https:\/\/kinetec.com.br\/new\/wp-json\/wp\/v2\/pages\/7897\/revisions\/11975"}],"up":[{"embeddable":true,"href":"https:\/\/kinetec.com.br\/new\/wp-json\/wp\/v2\/pages\/1884"}],"wp:attachment":[{"href":"https:\/\/kinetec.com.br\/new\/wp-json\/wp\/v2\/media?parent=7897"}],"curies":[{"name":"wp","href":"https:\/\/api.w.org\/{rel}","templated":true}]}}