{"id":7050,"date":"2021-02-24T17:22:42","date_gmt":"2021-02-24T20:22:42","guid":{"rendered":"https:\/\/kinetec.com.br\/new\/?page_id=7050"},"modified":"2022-04-18T09:54:06","modified_gmt":"2022-04-18T12:54:06","slug":"baiobit-redirect","status":"publish","type":"page","link":"https:\/\/kinetec.com.br\/new\/baiobit-redirect\/","title":{"rendered":"Redirect Baiobit"},"content":{"rendered":"<p>[et_pb_section fb_built=&#8221;1&#8243; _builder_version=&#8221;4.9.10&#8243; _module_preset=&#8221;default&#8221; global_module=&#8221;7697&#8243; saved_tabs=&#8221;all&#8221; global_colors_info=&#8221;{}&#8221;][et_pb_row _builder_version=&#8221;4.16&#8243; _module_preset=&#8221;default&#8221; global_colors_info=&#8221;{}&#8221;][et_pb_column type=&#8221;4_4&#8243; _builder_version=&#8221;4.16&#8243; _module_preset=&#8221;default&#8221; global_colors_info=&#8221;{}&#8221;][et_pb_code admin_label=&#8221;Redirect&#8221; _builder_version=&#8221;4.16&#8243; _module_preset=&#8221;default&#8221; global_colors_info=&#8221;{}&#8221;]<html><!-- [et_pb_line_break_holder] --><title>Titulo do site<\/title><!-- [et_pb_line_break_holder] --><head>  <!-- [et_pb_line_break_holder] --><!-- [et_pb_line_break_holder] --><!-- #09 --><!-- [et_pb_line_break_holder] --><meta http-equiv=\"refresh\" content=3;url=\"https:\/\/chat.whatsapp.com\/JfIwtySuuom2ouuvB6DVlT\"><!-- [et_pb_line_break_holder] -->  <!-- [et_pb_line_break_holder] --><!-- #10 --><!-- [et_pb_line_break_holder] --><!-- <meta http-equiv=\"refresh\" content=3;url=\"https:\/\/chat.whatsapp.com\/IyzUCziZ0kiE0z8ZDTELUo\"> --><!-- [et_pb_line_break_holder] -->  <!-- [et_pb_line_break_holder] --><!-- #11 --><!-- [et_pb_line_break_holder] --><!-- <meta http-equiv=\"refresh\" content=3;url=\"https:\/\/chat.whatsapp.com\/CpRrG7wyaiCENP9DrPyR2H\"> --><!-- [et_pb_line_break_holder] --><!-- [et_pb_line_break_holder] --><\/head><!-- [et_pb_line_break_holder] --><body data-rsssl=1 data-rsssl=1 data-rsssl=1 data-rsssl=1 data-rsssl=1 data-rsssl=1 data-rsssl=1 data-rsssl=1 data-rsssl=1 data-rsssl=1 data-rsssl=1 data-rsssl=1 data-rsssl=1 data-rsssl=1 data-rsssl=1 data-rsssl=1 data-rsssl=1 data-rsssl=1 data-rsssl=1 data-rsssl=1 data-rsssl=1 data-rsssl=1 data-rsssl=1 data-rsssl=1 data-rsssl=1 data-rsssl=1 data-rsssl=1 data-rsssl=1 data-rsssl=1 data-rsssl=1 data-rsssl=1 data-rsssl=1 data-rsssl=1 data-rsssl=1 data-rsssl=1 data-rsssl=1 data-rsssl=1 data-rsssl=1 data-rsssl=1 data-rsssl=1 data-rsssl=1 data-rsssl=1 data-rsssl=1 data-rsssl=1 data-rsssl=1 data-rsssl=1 data-rsssl=1 data-rsssl=1 data-rsssl=1 data-rsssl=1 data-rsssl=1 data-rsssl=1 data-rsssl=1 data-rsssl=1 data-rsssl=1 data-rsssl=1 data-rsssl=1 data-rsssl=1 data-rsssl=1 data-rsssl=1 data-rsssl=1 data-rsssl=1 data-rsssl=1 data-rsssl=1 data-rsssl=1 data-rsssl=1 data-rsssl=1 data-rsssl=1 data-rsssl=1><!-- [et_pb_line_break_holder] --><\/body><!-- [et_pb_line_break_holder] --><\/html>[\/et_pb_code][et_pb_text _builder_version=&#8221;4.16&#8243; _module_preset=&#8221;default&#8221; global_colors_info=&#8221;{}&#8221;]<\/p>\n<h1 style=\"text-align: center;\">VOC\u00ca EST\u00c1 QUASE L\u00c1<\/h1>\n<p>&nbsp;<\/p>\n<h3 style=\"text-align: center;\">ENTRE NO GRUPO PARA CONCLUIR<br \/>SUA INSCRI\u00c7\u00c3O<\/h3>\n<p>&nbsp;<\/p>\n<h4 style=\"text-align: center;\">Voc\u00ea ser\u00e1 redirecionado em breve para participar do grupo da<br \/>Imers\u00e3o em Biomec\u00e2nica!<\/h4>\n<p style=\"text-align: center;\">[\/et_pb_text][et_pb_code admin_label=&#8221;Pixel&#8221; _builder_version=&#8221;4.17.0&#8243; _module_preset=&#8221;default&#8221; hover_enabled=&#8221;0&#8243; global_colors_info=&#8221;{}&#8221; sticky_enabled=&#8221;0&#8243;]<!-- Meta Pixel Code --><!-- [et_pb_line_break_holder] --><script><!-- [et_pb_line_break_holder] -->!function(f,b,e,v,n,t,s)<!-- [et_pb_line_break_holder] -->{if(f.fbq)return;n=f.fbq=function(){n.callMethod?<!-- [et_pb_line_break_holder] -->n.callMethod.apply(n,arguments):n.queue.push(arguments)};<!-- [et_pb_line_break_holder] -->if(!f._fbq)f._fbq=n;n.push=n;n.loaded=!0;n.version='2.0';<!-- [et_pb_line_break_holder] -->n.queue=[];t=b.createElement(e);t.async=!0;<!-- [et_pb_line_break_holder] -->t.src=v;s=b.getElementsByTagName(e)[0];<!-- [et_pb_line_break_holder] -->s.parentNode.insertBefore(t,s)}(window, document,'script',<!-- [et_pb_line_break_holder] -->'https:\/\/connect.facebook.net\/en_US\/fbevents.js');<!-- [et_pb_line_break_holder] -->fbq('init', '343930739441530');<!-- [et_pb_line_break_holder] -->fbq('track', 'PageView');<!-- [et_pb_line_break_holder] -->fbq('track', 'CompleteRegistration');<!-- [et_pb_line_break_holder] --><\/script><!-- [et_pb_line_break_holder] --><noscript><img height=\"1\" width=\"1\" style=\"display:none\"<!-- [et_pb_line_break_holder] -->src=&#8221;https:\/\/www.facebook.com\/tr?id=343930739441530&#038;ev=PageView&#038;noscript=1&#8243;<!-- [et_pb_line_break_holder] -->\/><\/noscript><!-- [et_pb_line_break_holder] --><!-- End Meta Pixel Code -->[\/et_pb_code][\/et_pb_column][\/et_pb_row][\/et_pb_section]<\/p>\n","protected":false},"excerpt":{"rendered":"<p>VOC\u00ca EST\u00c1 QUASE L\u00c1 &nbsp; ENTRE NO GRUPO PARA CONCLUIRSUA INSCRI\u00c7\u00c3O &nbsp; Voc\u00ea ser\u00e1 redirecionado em breve para participar do grupo daImers\u00e3o em Biomec\u00e2nica!<\/p>\n","protected":false},"author":1,"featured_media":0,"parent":0,"menu_order":0,"comment_status":"closed","ping_status":"closed","template":"","meta":{"_et_pb_use_builder":"on","_et_pb_old_content":"","_et_gb_content_width":"","footnotes":""},"class_list":["post-7050","page","type-page","status-publish","hentry"],"yoast_head":"<!-- This site is optimized with the Yoast SEO plugin v27.4 - https:\/\/yoast.com\/product\/yoast-seo-wordpress\/ -->\n<title>Redirect Baiobit - Kinetec<\/title>\n<meta name=\"robots\" content=\"index, follow, max-snippet:-1, max-image-preview:large, max-video-preview:-1\" \/>\n<link rel=\"canonical\" href=\"https:\/\/kinetec.com.br\/new\/baiobit-redirect\/\" \/>\n<meta property=\"og:locale\" content=\"pt_BR\" \/>\n<meta property=\"og:type\" content=\"article\" \/>\n<meta property=\"og:title\" content=\"Redirect Baiobit - Kinetec\" \/>\n<meta property=\"og:description\" content=\"VOC\u00ca EST\u00c1 QUASE L\u00c1 &nbsp; ENTRE NO GRUPO PARA CONCLUIRSUA INSCRI\u00c7\u00c3O &nbsp; Voc\u00ea ser\u00e1 redirecionado em breve para participar do grupo daImers\u00e3o em Biomec\u00e2nica!\" \/>\n<meta property=\"og:url\" content=\"https:\/\/kinetec.com.br\/new\/baiobit-redirect\/\" \/>\n<meta property=\"og:site_name\" content=\"Kinetec\" \/>\n<meta property=\"article:modified_time\" content=\"2022-04-18T12:54:06+00:00\" \/>\n<meta name=\"twitter:card\" content=\"summary_large_image\" \/>\n<meta name=\"twitter:label1\" content=\"Est. tempo de leitura\" \/>\n\t<meta name=\"twitter:data1\" content=\"1 minuto\" \/>\n<script type=\"application\/ld+json\" class=\"yoast-schema-graph\">{\"@context\":\"https:\\\/\\\/schema.org\",\"@graph\":[{\"@type\":\"WebPage\",\"@id\":\"https:\\\/\\\/kinetec.com.br\\\/new\\\/baiobit-redirect\\\/\",\"url\":\"https:\\\/\\\/kinetec.com.br\\\/new\\\/baiobit-redirect\\\/\",\"name\":\"Redirect Baiobit - Kinetec\",\"isPartOf\":{\"@id\":\"https:\\\/\\\/kinetec.com.br\\\/new\\\/#website\"},\"datePublished\":\"2021-02-24T20:22:42+00:00\",\"dateModified\":\"2022-04-18T12:54:06+00:00\",\"breadcrumb\":{\"@id\":\"https:\\\/\\\/kinetec.com.br\\\/new\\\/baiobit-redirect\\\/#breadcrumb\"},\"inLanguage\":\"pt-BR\",\"potentialAction\":[{\"@type\":\"ReadAction\",\"target\":[\"https:\\\/\\\/kinetec.com.br\\\/new\\\/baiobit-redirect\\\/\"]}]},{\"@type\":\"BreadcrumbList\",\"@id\":\"https:\\\/\\\/kinetec.com.br\\\/new\\\/baiobit-redirect\\\/#breadcrumb\",\"itemListElement\":[{\"@type\":\"ListItem\",\"position\":1,\"name\":\"In\u00edcio\",\"item\":\"https:\\\/\\\/kinetec.com.br\\\/new\\\/\"},{\"@type\":\"ListItem\",\"position\":2,\"name\":\"Redirect Baiobit\"}]},{\"@type\":\"WebSite\",\"@id\":\"https:\\\/\\\/kinetec.com.br\\\/new\\\/#website\",\"url\":\"https:\\\/\\\/kinetec.com.br\\\/new\\\/\",\"name\":\"Kinetec\",\"description\":\"Tecnologias Biomec\u00e2nicas\",\"potentialAction\":[{\"@type\":\"SearchAction\",\"target\":{\"@type\":\"EntryPoint\",\"urlTemplate\":\"https:\\\/\\\/kinetec.com.br\\\/new\\\/?s={search_term_string}\"},\"query-input\":{\"@type\":\"PropertyValueSpecification\",\"valueRequired\":true,\"valueName\":\"search_term_string\"}}],\"inLanguage\":\"pt-BR\"}]}<\/script>\n<!-- \/ Yoast SEO plugin. -->","yoast_head_json":{"title":"Redirect Baiobit - Kinetec","robots":{"index":"index","follow":"follow","max-snippet":"max-snippet:-1","max-image-preview":"max-image-preview:large","max-video-preview":"max-video-preview:-1"},"canonical":"https:\/\/kinetec.com.br\/new\/baiobit-redirect\/","og_locale":"pt_BR","og_type":"article","og_title":"Redirect Baiobit - Kinetec","og_description":"VOC\u00ca EST\u00c1 QUASE L\u00c1 &nbsp; ENTRE NO GRUPO PARA CONCLUIRSUA INSCRI\u00c7\u00c3O &nbsp; Voc\u00ea ser\u00e1 redirecionado em breve para participar do grupo daImers\u00e3o em Biomec\u00e2nica!","og_url":"https:\/\/kinetec.com.br\/new\/baiobit-redirect\/","og_site_name":"Kinetec","article_modified_time":"2022-04-18T12:54:06+00:00","twitter_card":"summary_large_image","twitter_misc":{"Est. tempo de leitura":"1 minuto"},"schema":{"@context":"https:\/\/schema.org","@graph":[{"@type":"WebPage","@id":"https:\/\/kinetec.com.br\/new\/baiobit-redirect\/","url":"https:\/\/kinetec.com.br\/new\/baiobit-redirect\/","name":"Redirect Baiobit - Kinetec","isPartOf":{"@id":"https:\/\/kinetec.com.br\/new\/#website"},"datePublished":"2021-02-24T20:22:42+00:00","dateModified":"2022-04-18T12:54:06+00:00","breadcrumb":{"@id":"https:\/\/kinetec.com.br\/new\/baiobit-redirect\/#breadcrumb"},"inLanguage":"pt-BR","potentialAction":[{"@type":"ReadAction","target":["https:\/\/kinetec.com.br\/new\/baiobit-redirect\/"]}]},{"@type":"BreadcrumbList","@id":"https:\/\/kinetec.com.br\/new\/baiobit-redirect\/#breadcrumb","itemListElement":[{"@type":"ListItem","position":1,"name":"In\u00edcio","item":"https:\/\/kinetec.com.br\/new\/"},{"@type":"ListItem","position":2,"name":"Redirect Baiobit"}]},{"@type":"WebSite","@id":"https:\/\/kinetec.com.br\/new\/#website","url":"https:\/\/kinetec.com.br\/new\/","name":"Kinetec","description":"Tecnologias Biomec\u00e2nicas","potentialAction":[{"@type":"SearchAction","target":{"@type":"EntryPoint","urlTemplate":"https:\/\/kinetec.com.br\/new\/?s={search_term_string}"},"query-input":{"@type":"PropertyValueSpecification","valueRequired":true,"valueName":"search_term_string"}}],"inLanguage":"pt-BR"}]}},"_links":{"self":[{"href":"https:\/\/kinetec.com.br\/new\/wp-json\/wp\/v2\/pages\/7050","targetHints":{"allow":["GET"]}}],"collection":[{"href":"https:\/\/kinetec.com.br\/new\/wp-json\/wp\/v2\/pages"}],"about":[{"href":"https:\/\/kinetec.com.br\/new\/wp-json\/wp\/v2\/types\/page"}],"author":[{"embeddable":true,"href":"https:\/\/kinetec.com.br\/new\/wp-json\/wp\/v2\/users\/1"}],"replies":[{"embeddable":true,"href":"https:\/\/kinetec.com.br\/new\/wp-json\/wp\/v2\/comments?post=7050"}],"version-history":[{"count":26,"href":"https:\/\/kinetec.com.br\/new\/wp-json\/wp\/v2\/pages\/7050\/revisions"}],"predecessor-version":[{"id":8123,"href":"https:\/\/kinetec.com.br\/new\/wp-json\/wp\/v2\/pages\/7050\/revisions\/8123"}],"wp:attachment":[{"href":"https:\/\/kinetec.com.br\/new\/wp-json\/wp\/v2\/media?parent=7050"}],"curies":[{"name":"wp","href":"https:\/\/api.w.org\/{rel}","templated":true}]}}