{"id":4981,"date":"2020-07-16T10:17:51","date_gmt":"2020-07-16T13:17:51","guid":{"rendered":"https:\/\/kinetec.com.br\/new\/?page_id=4981"},"modified":"2020-07-16T14:52:20","modified_gmt":"2020-07-16T17:52:20","slug":"saltos-compra-aprovada","status":"publish","type":"page","link":"https:\/\/kinetec.com.br\/new\/saltos-compra-aprovada\/","title":{"rendered":"Biomec\u00e2nica do Esporte Saltos &#8211; Compra Aprovada"},"content":{"rendered":"<p>[et_pb_section fb_built=&#8221;1&#8243; _builder_version=&#8221;4.4.8&#8243;][et_pb_row _builder_version=&#8221;4.4.8&#8243;][et_pb_column type=&#8221;4_4&#8243; _builder_version=&#8221;4.4.8&#8243;][et_pb_text _builder_version=&#8221;4.4.9&#8243;]<\/p>\n<h3 style=\"text-align: center;\">Uauuuu!<\/h3>\n<h3>\u00a0<\/h3>\n<h3 style=\"text-align: center;\">Bem vindo ao time!<\/h3>\n<h3>\u00a0<\/h3>\n<h3 style=\"text-align: center;\">Parab\u00e9ns pela decis\u00e3o de investir em seu crescimento nessa \u00e1rea da sua vida!<\/h3>\n<h3>\u00a0<\/h3>\n<h3 style=\"text-align: center;\">Em breve voc\u00ea ir\u00e1 receber as informa\u00e7\u00f5es de acesso ao curso de<\/h3>\n<h3 style=\"text-align: center;\"><em>Biomec\u00e2nica do Esporte &#8211; Saltos<\/em> por e-mail.<\/h3>\n<h3>\u00a0<\/h3>\n<h3 style=\"text-align: center;\"><span style=\"text-decoration: underline;\"><strong>Fique atento aos emails da Hotmart.<\/strong><\/span><\/h3>\n<p>[\/et_pb_text][et_pb_code _builder_version=&#8221;4.5.1&#8243; hover_enabled=&#8221;0&#8243;]<script><!-- [et_pb_line_break_holder] -->  fbq('track', 'Purchase');<!-- [et_pb_line_break_holder] --><\/script>[\/et_pb_code][\/et_pb_column][\/et_pb_row][\/et_pb_section]<\/p>\n","protected":false},"excerpt":{"rendered":"<p>Uauuuu! \u00a0 Bem vindo ao time! \u00a0 Parab\u00e9ns pela decis\u00e3o de investir em seu crescimento nessa \u00e1rea da sua vida! \u00a0 Em breve voc\u00ea ir\u00e1 receber as informa\u00e7\u00f5es de acesso ao curso de Biomec\u00e2nica do Esporte &#8211; Saltos por e-mail. \u00a0 Fique atento aos emails da Hotmart.<\/p>\n","protected":false},"author":1,"featured_media":0,"parent":0,"menu_order":0,"comment_status":"closed","ping_status":"closed","template":"","meta":{"_et_pb_use_builder":"on","_et_pb_old_content":"","_et_gb_content_width":"","footnotes":""},"class_list":["post-4981","page","type-page","status-publish","hentry"],"yoast_head":"<!-- This site is optimized with the Yoast SEO plugin v27.5 - https:\/\/yoast.com\/product\/yoast-seo-wordpress\/ -->\n<title>Biomec\u00e2nica do Esporte Saltos - Compra Aprovada - Kinetec<\/title>\n<meta name=\"robots\" content=\"index, follow, max-snippet:-1, max-image-preview:large, max-video-preview:-1\" \/>\n<link rel=\"canonical\" href=\"https:\/\/kinetec.com.br\/new\/saltos-compra-aprovada\/\" \/>\n<meta property=\"og:locale\" content=\"pt_BR\" \/>\n<meta property=\"og:type\" content=\"article\" \/>\n<meta property=\"og:title\" content=\"Biomec\u00e2nica do Esporte Saltos - Compra Aprovada - Kinetec\" \/>\n<meta property=\"og:description\" content=\"Uauuuu! \u00a0 Bem vindo ao time! \u00a0 Parab\u00e9ns pela decis\u00e3o de investir em seu crescimento nessa \u00e1rea da sua vida! \u00a0 Em breve voc\u00ea ir\u00e1 receber as informa\u00e7\u00f5es de acesso ao curso de Biomec\u00e2nica do Esporte - Saltos por e-mail. \u00a0 Fique atento aos emails da Hotmart.\" \/>\n<meta property=\"og:url\" content=\"https:\/\/kinetec.com.br\/new\/saltos-compra-aprovada\/\" \/>\n<meta property=\"og:site_name\" content=\"Kinetec\" \/>\n<meta property=\"article:modified_time\" content=\"2020-07-16T17:52:20+00:00\" \/>\n<meta name=\"twitter:card\" content=\"summary_large_image\" \/>\n<script type=\"application\/ld+json\" class=\"yoast-schema-graph\">{\"@context\":\"https:\\\/\\\/schema.org\",\"@graph\":[{\"@type\":\"WebPage\",\"@id\":\"https:\\\/\\\/kinetec.com.br\\\/new\\\/saltos-compra-aprovada\\\/\",\"url\":\"https:\\\/\\\/kinetec.com.br\\\/new\\\/saltos-compra-aprovada\\\/\",\"name\":\"Biomec\u00e2nica do Esporte Saltos - Compra Aprovada - Kinetec\",\"isPartOf\":{\"@id\":\"https:\\\/\\\/kinetec.com.br\\\/new\\\/#website\"},\"datePublished\":\"2020-07-16T13:17:51+00:00\",\"dateModified\":\"2020-07-16T17:52:20+00:00\",\"breadcrumb\":{\"@id\":\"https:\\\/\\\/kinetec.com.br\\\/new\\\/saltos-compra-aprovada\\\/#breadcrumb\"},\"inLanguage\":\"pt-BR\",\"potentialAction\":[{\"@type\":\"ReadAction\",\"target\":[\"https:\\\/\\\/kinetec.com.br\\\/new\\\/saltos-compra-aprovada\\\/\"]}]},{\"@type\":\"BreadcrumbList\",\"@id\":\"https:\\\/\\\/kinetec.com.br\\\/new\\\/saltos-compra-aprovada\\\/#breadcrumb\",\"itemListElement\":[{\"@type\":\"ListItem\",\"position\":1,\"name\":\"In\u00edcio\",\"item\":\"https:\\\/\\\/kinetec.com.br\\\/new\\\/\"},{\"@type\":\"ListItem\",\"position\":2,\"name\":\"Biomec\u00e2nica do Esporte Saltos &#8211; Compra Aprovada\"}]},{\"@type\":\"WebSite\",\"@id\":\"https:\\\/\\\/kinetec.com.br\\\/new\\\/#website\",\"url\":\"https:\\\/\\\/kinetec.com.br\\\/new\\\/\",\"name\":\"Kinetec\",\"description\":\"Tecnologias Biomec\u00e2nicas\",\"potentialAction\":[{\"@type\":\"SearchAction\",\"target\":{\"@type\":\"EntryPoint\",\"urlTemplate\":\"https:\\\/\\\/kinetec.com.br\\\/new\\\/?s={search_term_string}\"},\"query-input\":{\"@type\":\"PropertyValueSpecification\",\"valueRequired\":true,\"valueName\":\"search_term_string\"}}],\"inLanguage\":\"pt-BR\"}]}<\/script>\n<!-- \/ Yoast SEO plugin. -->","yoast_head_json":{"title":"Biomec\u00e2nica do Esporte Saltos - Compra Aprovada - Kinetec","robots":{"index":"index","follow":"follow","max-snippet":"max-snippet:-1","max-image-preview":"max-image-preview:large","max-video-preview":"max-video-preview:-1"},"canonical":"https:\/\/kinetec.com.br\/new\/saltos-compra-aprovada\/","og_locale":"pt_BR","og_type":"article","og_title":"Biomec\u00e2nica do Esporte Saltos - Compra Aprovada - Kinetec","og_description":"Uauuuu! \u00a0 Bem vindo ao time! \u00a0 Parab\u00e9ns pela decis\u00e3o de investir em seu crescimento nessa \u00e1rea da sua vida! \u00a0 Em breve voc\u00ea ir\u00e1 receber as informa\u00e7\u00f5es de acesso ao curso de Biomec\u00e2nica do Esporte - Saltos por e-mail. \u00a0 Fique atento aos emails da Hotmart.","og_url":"https:\/\/kinetec.com.br\/new\/saltos-compra-aprovada\/","og_site_name":"Kinetec","article_modified_time":"2020-07-16T17:52:20+00:00","twitter_card":"summary_large_image","schema":{"@context":"https:\/\/schema.org","@graph":[{"@type":"WebPage","@id":"https:\/\/kinetec.com.br\/new\/saltos-compra-aprovada\/","url":"https:\/\/kinetec.com.br\/new\/saltos-compra-aprovada\/","name":"Biomec\u00e2nica do Esporte Saltos - Compra Aprovada - Kinetec","isPartOf":{"@id":"https:\/\/kinetec.com.br\/new\/#website"},"datePublished":"2020-07-16T13:17:51+00:00","dateModified":"2020-07-16T17:52:20+00:00","breadcrumb":{"@id":"https:\/\/kinetec.com.br\/new\/saltos-compra-aprovada\/#breadcrumb"},"inLanguage":"pt-BR","potentialAction":[{"@type":"ReadAction","target":["https:\/\/kinetec.com.br\/new\/saltos-compra-aprovada\/"]}]},{"@type":"BreadcrumbList","@id":"https:\/\/kinetec.com.br\/new\/saltos-compra-aprovada\/#breadcrumb","itemListElement":[{"@type":"ListItem","position":1,"name":"In\u00edcio","item":"https:\/\/kinetec.com.br\/new\/"},{"@type":"ListItem","position":2,"name":"Biomec\u00e2nica do Esporte Saltos &#8211; Compra Aprovada"}]},{"@type":"WebSite","@id":"https:\/\/kinetec.com.br\/new\/#website","url":"https:\/\/kinetec.com.br\/new\/","name":"Kinetec","description":"Tecnologias Biomec\u00e2nicas","potentialAction":[{"@type":"SearchAction","target":{"@type":"EntryPoint","urlTemplate":"https:\/\/kinetec.com.br\/new\/?s={search_term_string}"},"query-input":{"@type":"PropertyValueSpecification","valueRequired":true,"valueName":"search_term_string"}}],"inLanguage":"pt-BR"}]}},"_links":{"self":[{"href":"https:\/\/kinetec.com.br\/new\/wp-json\/wp\/v2\/pages\/4981","targetHints":{"allow":["GET"]}}],"collection":[{"href":"https:\/\/kinetec.com.br\/new\/wp-json\/wp\/v2\/pages"}],"about":[{"href":"https:\/\/kinetec.com.br\/new\/wp-json\/wp\/v2\/types\/page"}],"author":[{"embeddable":true,"href":"https:\/\/kinetec.com.br\/new\/wp-json\/wp\/v2\/users\/1"}],"replies":[{"embeddable":true,"href":"https:\/\/kinetec.com.br\/new\/wp-json\/wp\/v2\/comments?post=4981"}],"version-history":[{"count":3,"href":"https:\/\/kinetec.com.br\/new\/wp-json\/wp\/v2\/pages\/4981\/revisions"}],"predecessor-version":[{"id":5054,"href":"https:\/\/kinetec.com.br\/new\/wp-json\/wp\/v2\/pages\/4981\/revisions\/5054"}],"wp:attachment":[{"href":"https:\/\/kinetec.com.br\/new\/wp-json\/wp\/v2\/media?parent=4981"}],"curies":[{"name":"wp","href":"https:\/\/api.w.org\/{rel}","templated":true}]}}