{"id":4200,"date":"2020-05-12T15:33:12","date_gmt":"2020-05-12T18:33:12","guid":{"rendered":"https:\/\/kinetec.com.br\/new\/?page_id=4200"},"modified":"2020-08-25T09:48:56","modified_gmt":"2020-08-25T12:48:56","slug":"obrigado-teethan","status":"publish","type":"page","link":"https:\/\/kinetec.com.br\/new\/obrigado-teethan\/","title":{"rendered":"Obrigado Teethan"},"content":{"rendered":"<p>[et_pb_section fb_built=&#8221;1&#8243; _builder_version=&#8221;3.22&#8243;][et_pb_row _builder_version=&#8221;3.25&#8243; background_size=&#8221;initial&#8221; background_position=&#8221;top_left&#8221; background_repeat=&#8221;repeat&#8221;][et_pb_column type=&#8221;4_4&#8243; _builder_version=&#8221;3.0.47&#8243; custom_padding=&#8221;|||&#8221; custom_padding__hover=&#8221;|||&#8221;][et_pb_code disabled_on=&#8221;on|on|off&#8221; admin_label=&#8221;Desktop&#8221; _builder_version=&#8221;4.5.7&#8243; z_index_tablet=&#8221;500&#8243;]<\/p>\n<h1 style=\"text-align: center;\">Obrigado!<\/h1>\n<p><!\u2013- [et_pb_br_holder] -\u2013><!-- [et_pb_line_break_holder] --><\/p>\n<h2 style=\"text-align: center;\">Seu formul\u00e1rio foi enviado com sucesso.<\/h2>\n<p><!\u2013- [et_pb_br_holder] -\u2013><!-- [et_pb_line_break_holder] --><\/p>\n<h2 style=\"text-align: center;\">Em breve entraremos em contato! <\/h2>\n<p><!\u2013- [et_pb_br_holder] -\u2013><!-- [et_pb_line_break_holder] --><\/p>\n<h2 style=\"text-align: center; line-height: 1.3;\">Lembrando que nosso hor\u00e1rio de atendimento \u00e9 de <!\u2013- [et_pb_br_holder] -\u2013> segunda a sexta-feira das 09:00 \u00e0s 17:30.<\/h2>\n<p><!\u2013- [et_pb_br_holder] -\u2013><!\u2013- [et_pb_br_holder] -\u2013><!-- [et_pb_line_break_holder] --><\/p>\n<h2 style=\"text-align: center;\"><b>Fique por dentro das novidades da an\u00e1lise da oclus\u00e3o e da mastigac\u00e3o<!\u2013- [et_pb_br_holder] -\u2013> participando do nosso grupo no Telegram!<\/b><\/h2>\n<p><!\u2013- [et_pb_br_holder] -\u2013><!-- [et_pb_line_break_holder] --><!-- [et_pb_line_break_holder] --><\/p>\n<style><!-- [et_pb_line_break_holder] -->.button2 {<!-- [et_pb_line_break_holder] -->  background-color: #008CBA; <!-- [et_pb_line_break_holder] -->  border: none;<!-- [et_pb_line_break_holder] -->  color: white;<!-- [et_pb_line_break_holder] -->  padding: 15px 32px;<!-- [et_pb_line_break_holder] -->  text-align: center;<!-- [et_pb_line_break_holder] -->  text-decoration: none;<!-- [et_pb_line_break_holder] -->  display: inline-block;<!-- [et_pb_line_break_holder] -->  font-size: 20px;<!-- [et_pb_line_break_holder] -->  margin: 4px 2px;<!-- [et_pb_line_break_holder] -->  cursor: pointer;<!-- [et_pb_line_break_holder] -->  border-radius: 8px;<!-- [et_pb_line_break_holder] -->  transition-duration: 0.4s;<!-- [et_pb_line_break_holder] -->}<!-- [et_pb_line_break_holder] --><!-- [et_pb_line_break_holder] -->.button2:hover {<!-- [et_pb_line_break_holder] -->  background-color: #009CDD;<!-- [et_pb_line_break_holder] -->  color: white;<!-- [et_pb_line_break_holder] -->}<!-- [et_pb_line_break_holder] --><\/style>\n<p><!-- [et_pb_line_break_holder] --><!-- [et_pb_line_break_holder] --><body data-rsssl=1 data-rsssl=1 data-rsssl=1 data-rsssl=1 data-rsssl=1 data-rsssl=1 data-rsssl=1 data-rsssl=1 data-rsssl=1 data-rsssl=1 data-rsssl=1 data-rsssl=1 data-rsssl=1 data-rsssl=1 data-rsssl=1 data-rsssl=1 data-rsssl=1 data-rsssl=1 data-rsssl=1 data-rsssl=1><center><!-- [et_pb_line_break_holder] --><a href=\"https:\/\/t.me\/kinetecdental\" target=\"_self\" rel=\"noopener noreferrer\"><!-- [et_pb_line_break_holder] --><button class=\"button2\">IR PARA O GRUPO<\/button><!-- [et_pb_line_break_holder] --><\/a><\/center><\/body>[\/et_pb_code][et_pb_code disabled_on=&#8221;off|off|on&#8221; admin_label=&#8221;Mobile&#8221; _builder_version=&#8221;4.5.7&#8243; z_index_tablet=&#8221;500&#8243;]<\/p>\n<h2 style=\"text-align: center;\">Obrigado!<\/h2>\n<p><!\u2013- [et_pb_br_holder] -\u2013><!-- [et_pb_line_break_holder] --><\/p>\n<h3 style=\"text-align: center;\">Seu formul\u00e1rio foi enviado com sucesso.<\/h3>\n<p><!\u2013- [et_pb_br_holder] -\u2013><!-- [et_pb_line_break_holder] --><\/p>\n<h3 style=\"text-align: center;\">Em breve entraremos em contato! <\/h3>\n<p><!\u2013- [et_pb_br_holder] -\u2013><!-- [et_pb_line_break_holder] --><\/p>\n<h3 style=\"text-align: center; line-height: 1.3;\">Lembrando que nosso hor\u00e1rio de atendimento \u00e9 de segunda a sexta-feira das 09:00 \u00e0s 17:30.<\/h3>\n<p><!\u2013- [et_pb_br_holder] -\u2013><!\u2013- [et_pb_br_holder] -\u2013><!-- [et_pb_line_break_holder] --><\/p>\n<h3 style=\"text-align: center;\"><b>Fique por dentro das novidades da an\u00e1lise da oclus\u00e3o e da mastigac\u00e3o participando do nosso grupo no Telegram!<\/b><\/h3>\n<p><!\u2013- [et_pb_br_holder] -\u2013><!-- [et_pb_line_break_holder] --><!-- [et_pb_line_break_holder] --><\/p>\n<style><!-- [et_pb_line_break_holder] -->.button2 {<!-- [et_pb_line_break_holder] -->  background-color: #008CBA; <!-- [et_pb_line_break_holder] -->  border: none;<!-- [et_pb_line_break_holder] -->  color: white;<!-- [et_pb_line_break_holder] -->  padding: 15px 32px;<!-- [et_pb_line_break_holder] -->  text-align: center;<!-- [et_pb_line_break_holder] -->  text-decoration: none;<!-- [et_pb_line_break_holder] -->  display: inline-block;<!-- [et_pb_line_break_holder] -->  font-size: 20px;<!-- [et_pb_line_break_holder] -->  margin: 4px 2px;<!-- [et_pb_line_break_holder] -->  cursor: pointer;<!-- [et_pb_line_break_holder] -->  border-radius: 8px;<!-- [et_pb_line_break_holder] -->  transition-duration: 0.4s;<!-- [et_pb_line_break_holder] -->}<!-- [et_pb_line_break_holder] --><!-- [et_pb_line_break_holder] -->.button2:hover {<!-- [et_pb_line_break_holder] -->  background-color: #009CDD;<!-- [et_pb_line_break_holder] -->  color: white;<!-- [et_pb_line_break_holder] -->}<!-- [et_pb_line_break_holder] --><\/style>\n<p><!-- [et_pb_line_break_holder] --><!-- [et_pb_line_break_holder] --><body data-rsssl=1 data-rsssl=1 data-rsssl=1 data-rsssl=1 data-rsssl=1 data-rsssl=1 data-rsssl=1 data-rsssl=1 data-rsssl=1 data-rsssl=1 data-rsssl=1 data-rsssl=1 data-rsssl=1 data-rsssl=1 data-rsssl=1 data-rsssl=1 data-rsssl=1 data-rsssl=1 data-rsssl=1 data-rsssl=1><center><!-- [et_pb_line_break_holder] --><a href=\"https:\/\/t.me\/kinetecdental\" target=\"_self\" rel=\"noopener noreferrer\"><!-- [et_pb_line_break_holder] --><button class=\"button2\">IR PARA O GRUPO<\/button><!-- [et_pb_line_break_holder] --><\/a><\/center><\/body>[\/et_pb_code][et_pb_code admin_label=&#8221;Pixel&#8221; _builder_version=&#8221;4.4.8&#8243; z_index_tablet=&#8221;500&#8243;]<!-- Facebook Pixel Code --><!-- [et_pb_line_break_holder] --><script><!-- [et_pb_line_break_holder] -->  !function(f,b,e,v,n,t,s)<!-- [et_pb_line_break_holder] -->  {if(f.fbq)return;n=f.fbq=function(){n.callMethod?<!-- [et_pb_line_break_holder] -->  n.callMethod.apply(n,arguments):n.queue.push(arguments)};<!-- [et_pb_line_break_holder] -->  if(!f._fbq)f._fbq=n;n.push=n;n.loaded=!0;n.version='2.0';<!-- [et_pb_line_break_holder] -->  n.queue=[];t=b.createElement(e);t.async=!0;<!-- [et_pb_line_break_holder] -->  t.src=v;s=b.getElementsByTagName(e)[0];<!-- [et_pb_line_break_holder] -->  s.parentNode.insertBefore(t,s)}(window, document,'script',<!-- [et_pb_line_break_holder] -->  'https:\/\/connect.facebook.net\/en_US\/fbevents.js');<!-- [et_pb_line_break_holder] -->  fbq('init', '514619102776495');<!-- [et_pb_line_break_holder] -->  fbq('track', 'PageView');<!-- [et_pb_line_break_holder] -->  fbq('track', 'CompleteRegistration');<!-- [et_pb_line_break_holder] --><\/script><!-- [et_pb_line_break_holder] --><noscript><img height=\"1\" width=\"1\" style=\"display:none\"<!-- [et_pb_line_break_holder] -->  src=&#8221;https:\/\/www.facebook.com\/tr?id=514619102776495&#038;ev=PageView&#038;noscript=1&#8243;<!-- [et_pb_line_break_holder] -->\/><\/noscript><!-- [et_pb_line_break_holder] --><!-- End Facebook Pixel Code -->[\/et_pb_code][\/et_pb_column][\/et_pb_row][\/et_pb_section]<\/p>\n","protected":false},"excerpt":{"rendered":"","protected":false},"author":1,"featured_media":0,"parent":0,"menu_order":0,"comment_status":"closed","ping_status":"closed","template":"","meta":{"_et_pb_use_builder":"on","_et_pb_old_content":"","_et_gb_content_width":"","footnotes":""},"class_list":["post-4200","page","type-page","status-publish","hentry"],"yoast_head":"<!-- This site is optimized with the Yoast SEO plugin v27.5 - https:\/\/yoast.com\/product\/yoast-seo-wordpress\/ -->\n<title>Obrigado Teethan - Kinetec<\/title>\n<meta name=\"robots\" content=\"index, follow, max-snippet:-1, max-image-preview:large, max-video-preview:-1\" \/>\n<link rel=\"canonical\" href=\"https:\/\/kinetec.com.br\/new\/obrigado-teethan\/\" \/>\n<meta property=\"og:locale\" content=\"pt_BR\" \/>\n<meta property=\"og:type\" content=\"article\" \/>\n<meta property=\"og:title\" content=\"Obrigado Teethan - Kinetec\" \/>\n<meta property=\"og:url\" content=\"https:\/\/kinetec.com.br\/new\/obrigado-teethan\/\" \/>\n<meta property=\"og:site_name\" content=\"Kinetec\" \/>\n<meta property=\"article:modified_time\" content=\"2020-08-25T12:48:56+00:00\" \/>\n<meta name=\"twitter:card\" content=\"summary_large_image\" \/>\n<meta name=\"twitter:label1\" content=\"Est. tempo de leitura\" \/>\n\t<meta name=\"twitter:data1\" content=\"1 minuto\" \/>\n<script type=\"application\/ld+json\" class=\"yoast-schema-graph\">{\"@context\":\"https:\\\/\\\/schema.org\",\"@graph\":[{\"@type\":\"WebPage\",\"@id\":\"https:\\\/\\\/kinetec.com.br\\\/new\\\/obrigado-teethan\\\/\",\"url\":\"https:\\\/\\\/kinetec.com.br\\\/new\\\/obrigado-teethan\\\/\",\"name\":\"Obrigado Teethan - Kinetec\",\"isPartOf\":{\"@id\":\"https:\\\/\\\/kinetec.com.br\\\/new\\\/#website\"},\"datePublished\":\"2020-05-12T18:33:12+00:00\",\"dateModified\":\"2020-08-25T12:48:56+00:00\",\"breadcrumb\":{\"@id\":\"https:\\\/\\\/kinetec.com.br\\\/new\\\/obrigado-teethan\\\/#breadcrumb\"},\"inLanguage\":\"pt-BR\",\"potentialAction\":[{\"@type\":\"ReadAction\",\"target\":[\"https:\\\/\\\/kinetec.com.br\\\/new\\\/obrigado-teethan\\\/\"]}]},{\"@type\":\"BreadcrumbList\",\"@id\":\"https:\\\/\\\/kinetec.com.br\\\/new\\\/obrigado-teethan\\\/#breadcrumb\",\"itemListElement\":[{\"@type\":\"ListItem\",\"position\":1,\"name\":\"In\u00edcio\",\"item\":\"https:\\\/\\\/kinetec.com.br\\\/new\\\/\"},{\"@type\":\"ListItem\",\"position\":2,\"name\":\"Obrigado Teethan\"}]},{\"@type\":\"WebSite\",\"@id\":\"https:\\\/\\\/kinetec.com.br\\\/new\\\/#website\",\"url\":\"https:\\\/\\\/kinetec.com.br\\\/new\\\/\",\"name\":\"Kinetec\",\"description\":\"Tecnologias Biomec\u00e2nicas\",\"potentialAction\":[{\"@type\":\"SearchAction\",\"target\":{\"@type\":\"EntryPoint\",\"urlTemplate\":\"https:\\\/\\\/kinetec.com.br\\\/new\\\/?s={search_term_string}\"},\"query-input\":{\"@type\":\"PropertyValueSpecification\",\"valueRequired\":true,\"valueName\":\"search_term_string\"}}],\"inLanguage\":\"pt-BR\"}]}<\/script>\n<!-- \/ Yoast SEO plugin. -->","yoast_head_json":{"title":"Obrigado Teethan - Kinetec","robots":{"index":"index","follow":"follow","max-snippet":"max-snippet:-1","max-image-preview":"max-image-preview:large","max-video-preview":"max-video-preview:-1"},"canonical":"https:\/\/kinetec.com.br\/new\/obrigado-teethan\/","og_locale":"pt_BR","og_type":"article","og_title":"Obrigado Teethan - Kinetec","og_url":"https:\/\/kinetec.com.br\/new\/obrigado-teethan\/","og_site_name":"Kinetec","article_modified_time":"2020-08-25T12:48:56+00:00","twitter_card":"summary_large_image","twitter_misc":{"Est. tempo de leitura":"1 minuto"},"schema":{"@context":"https:\/\/schema.org","@graph":[{"@type":"WebPage","@id":"https:\/\/kinetec.com.br\/new\/obrigado-teethan\/","url":"https:\/\/kinetec.com.br\/new\/obrigado-teethan\/","name":"Obrigado Teethan - Kinetec","isPartOf":{"@id":"https:\/\/kinetec.com.br\/new\/#website"},"datePublished":"2020-05-12T18:33:12+00:00","dateModified":"2020-08-25T12:48:56+00:00","breadcrumb":{"@id":"https:\/\/kinetec.com.br\/new\/obrigado-teethan\/#breadcrumb"},"inLanguage":"pt-BR","potentialAction":[{"@type":"ReadAction","target":["https:\/\/kinetec.com.br\/new\/obrigado-teethan\/"]}]},{"@type":"BreadcrumbList","@id":"https:\/\/kinetec.com.br\/new\/obrigado-teethan\/#breadcrumb","itemListElement":[{"@type":"ListItem","position":1,"name":"In\u00edcio","item":"https:\/\/kinetec.com.br\/new\/"},{"@type":"ListItem","position":2,"name":"Obrigado Teethan"}]},{"@type":"WebSite","@id":"https:\/\/kinetec.com.br\/new\/#website","url":"https:\/\/kinetec.com.br\/new\/","name":"Kinetec","description":"Tecnologias Biomec\u00e2nicas","potentialAction":[{"@type":"SearchAction","target":{"@type":"EntryPoint","urlTemplate":"https:\/\/kinetec.com.br\/new\/?s={search_term_string}"},"query-input":{"@type":"PropertyValueSpecification","valueRequired":true,"valueName":"search_term_string"}}],"inLanguage":"pt-BR"}]}},"_links":{"self":[{"href":"https:\/\/kinetec.com.br\/new\/wp-json\/wp\/v2\/pages\/4200","targetHints":{"allow":["GET"]}}],"collection":[{"href":"https:\/\/kinetec.com.br\/new\/wp-json\/wp\/v2\/pages"}],"about":[{"href":"https:\/\/kinetec.com.br\/new\/wp-json\/wp\/v2\/types\/page"}],"author":[{"embeddable":true,"href":"https:\/\/kinetec.com.br\/new\/wp-json\/wp\/v2\/users\/1"}],"replies":[{"embeddable":true,"href":"https:\/\/kinetec.com.br\/new\/wp-json\/wp\/v2\/comments?post=4200"}],"version-history":[{"count":20,"href":"https:\/\/kinetec.com.br\/new\/wp-json\/wp\/v2\/pages\/4200\/revisions"}],"predecessor-version":[{"id":5612,"href":"https:\/\/kinetec.com.br\/new\/wp-json\/wp\/v2\/pages\/4200\/revisions\/5612"}],"wp:attachment":[{"href":"https:\/\/kinetec.com.br\/new\/wp-json\/wp\/v2\/media?parent=4200"}],"curies":[{"name":"wp","href":"https:\/\/api.w.org\/{rel}","templated":true}]}}