{"id":2120,"date":"2019-04-24T10:08:54","date_gmt":"2019-04-24T13:08:54","guid":{"rendered":"https:\/\/kinetec.com.br\/new\/?page_id=2120"},"modified":"2025-03-14T16:26:52","modified_gmt":"2025-03-14T19:26:52","slug":"sobre","status":"publish","type":"page","link":"https:\/\/kinetec.com.br\/new\/sobre\/","title":{"rendered":"Sobre N\u00f3s"},"content":{"rendered":"<p>[et_pb_section fb_built=&#8221;1&#8243; disabled_on=&#8221;off|off|&#8221; admin_label=&#8221;About Us&#8221; _builder_version=&#8221;4.16&#8243; inner_width_tablet=&#8221;50px&#8221; inner_max_width_tablet=&#8221;50px&#8221; z_index_tablet=&#8221;500&#8243; locked=&#8221;off&#8221; global_colors_info=&#8221;{}&#8221;][et_pb_row column_structure=&#8221;1_2,1_2&#8243; disabled_on=&#8221;off|off|off&#8221; _builder_version=&#8221;4.16&#8243; background_size=&#8221;initial&#8221; background_position=&#8221;top_left&#8221; background_repeat=&#8221;repeat&#8221; global_colors_info=&#8221;{}&#8221;][et_pb_column type=&#8221;1_2&#8243; _builder_version=&#8221;4.16&#8243; custom_padding=&#8221;|||&#8221; global_colors_info=&#8221;{}&#8221; custom_padding__hover=&#8221;|||&#8221;][et_pb_divider color=&#8221;#009fdb&#8221; divider_weight=&#8221;8px&#8221; _builder_version=&#8221;4.16&#8243; max_width=&#8221;48px&#8221; global_colors_info=&#8221;{}&#8221;][\/et_pb_divider][et_pb_text admin_label=&#8221;sobre nos&#8221; _builder_version=&#8221;4.22.1&#8243; text_line_height=&#8221;2em&#8221; header_font=&#8221;Montserrat|600|||||||&#8221; header_line_height=&#8221;1.3em&#8221; header_3_font=&#8221;Open Sans|300||on|||||&#8221; header_3_text_color=&#8221;#009fdb&#8221; header_3_font_size=&#8221;18px&#8221; header_3_letter_spacing=&#8221;2px&#8221; header_font_size_tablet=&#8221;&#8221; header_font_size_phone=&#8221;20px&#8221; header_font_size_last_edited=&#8221;on|phone&#8221; global_colors_info=&#8221;{}&#8221;]<\/p>\n<h1><span data-sheets-value=\"{&quot;1&quot;:2,&quot;2&quot;:&quot;Especialistas em An\u00e1lise Biomec\u00e2nica do Movimento&quot;}\" data-sheets-userformat=\"{&quot;2&quot;:31361,&quot;3&quot;:{&quot;1&quot;:0},&quot;10&quot;:1,&quot;12&quot;:0,&quot;14&quot;:{&quot;1&quot;:2,&quot;2&quot;:0},&quot;15&quot;:&quot;Arial&quot;,&quot;16&quot;:10,&quot;17&quot;:1}\">Especialistas em An\u00e1lise Biomec\u00e2nica do Movimento<\/span><\/h1>\n<p>[\/et_pb_text][\/et_pb_column][et_pb_column type=&#8221;1_2&#8243; _builder_version=&#8221;4.16&#8243; custom_padding=&#8221;|||&#8221; global_colors_info=&#8221;{}&#8221; custom_padding__hover=&#8221;|||&#8221;][\/et_pb_column][\/et_pb_row][et_pb_row _builder_version=&#8221;4.16&#8243; _module_preset=&#8221;default&#8221; custom_margin_tablet=&#8221;&#8221; custom_margin_phone=&#8221;-60px||-80px||false|false&#8221; custom_margin_last_edited=&#8221;on|phone&#8221; global_colors_info=&#8221;{}&#8221;][et_pb_column type=&#8221;4_4&#8243; _builder_version=&#8221;4.16&#8243; _module_preset=&#8221;default&#8221; global_colors_info=&#8221;{}&#8221;][et_pb_image src=&#8221;https:\/\/kinetec.com.br\/new\/wp-content\/uploads\/2022\/07\/novaequipe2.jpg&#8221; title_text=&#8221;novaequipe2&#8243; _builder_version=&#8221;4.17.6&#8243; _module_preset=&#8221;default&#8221; width=&#8221;69%&#8221; width_tablet=&#8221;&#8221; width_phone=&#8221;100%&#8221; width_last_edited=&#8221;on|phone&#8221; module_alignment=&#8221;center&#8221; box_shadow_style=&#8221;preset2&#8243; global_colors_info=&#8221;{}&#8221;][\/et_pb_image][\/et_pb_column][\/et_pb_row][et_pb_row column_structure=&#8221;1_2,1_2&#8243; custom_padding_last_edited=&#8221;on|phone&#8221; disabled_on=&#8221;on|on|off&#8221; _builder_version=&#8221;4.16&#8243; background_color=&#8221;#ffffff&#8221; max_width=&#8221;1280px&#8221; custom_margin=&#8221;60px|||&#8221; custom_padding=&#8221;|60px||60px|true|true&#8221; custom_padding_tablet=&#8221;|40px||40px||true&#8221; custom_padding_phone=&#8221;|20px||20px||true&#8221; box_shadow_style=&#8221;preset1&#8243; box_shadow_vertical=&#8221;50px&#8221; box_shadow_blur=&#8221;80px&#8221; box_shadow_color=&#8221;rgba(15,19,25,0.1)&#8221; use_custom_width=&#8221;on&#8221; custom_width_px=&#8221;1280px&#8221; global_colors_info=&#8221;{}&#8221;][et_pb_column type=&#8221;1_2&#8243; _builder_version=&#8221;4.16&#8243; custom_padding=&#8221;|||&#8221; global_colors_info=&#8221;{}&#8221; custom_padding__hover=&#8221;|||&#8221;][et_pb_text _builder_version=&#8221;4.22.1&#8243; text_font_size=&#8221;15px&#8221; text_line_height=&#8221;2em&#8221; header_font=&#8221;Montserrat|700|||||||&#8221; header_text_color=&#8221;#009fdb&#8221; header_font_size=&#8221;23px&#8221; header_line_height=&#8221;1.8em&#8221; header_3_font=&#8221;Open Sans|300||on|||||&#8221; header_3_text_color=&#8221;#009fdb&#8221; header_3_font_size=&#8221;18px&#8221; header_3_letter_spacing=&#8221;2px&#8221; custom_padding=&#8221;50px|50px|50px|50px&#8221; header_font_size_tablet=&#8221;&#8221; header_font_size_phone=&#8221;24px&#8221; header_font_size_last_edited=&#8221;on|desktop&#8221; global_colors_info=&#8221;{}&#8221;]<\/p>\n<h2>Antes de sermos uma empresa, somos pessoas, e temos hist\u00f3ria!<\/h2>\n<p>A Kinetec surgiu a partir da vis\u00e3o do Cristian Zaniboni e da Roberta Feij\u00f3, que voltaram da It\u00e1lia para o Brasil em 2011. Ap\u00f3s algum tempo procurando trabalho no pa\u00eds, Cristian recebeu uma sugest\u00e3o do seu irm\u00e3o de trazer para o Brasil as tecnologias biomec\u00e2nicas italianas.<\/p>\n<p>Depois de conhecer os equipamentos e perceber o grande potencial que essas novas tecnologias tinham de mudar vidas, al\u00e9m da grande receptividade dos brasileiros para com elas, o Cristian e a Roberta tomaram decis\u00e3o de fundar a Kinetec Tecnologias Biomec\u00e2nicas.<\/p>\n<p>[\/et_pb_text][\/et_pb_column][et_pb_column type=&#8221;1_2&#8243; _builder_version=&#8221;4.16&#8243; custom_padding=&#8221;|||&#8221; global_colors_info=&#8221;{}&#8221; custom_padding__hover=&#8221;|||&#8221;][et_pb_text _builder_version=&#8221;4.16&#8243; text_font_size=&#8221;15px&#8221; text_line_height=&#8221;2em&#8221; header_font=&#8221;Montserrat|700|||||||&#8221; header_text_color=&#8221;#3b3d46&#8243; header_font_size=&#8221;23px&#8221; header_line_height=&#8221;1.1em&#8221; header_3_font=&#8221;Open Sans|300||on|||||&#8221; header_3_text_color=&#8221;#009fdb&#8221; header_3_font_size=&#8221;18px&#8221; header_3_letter_spacing=&#8221;2px&#8221; custom_padding=&#8221;50px|50px|50px|50px&#8221; header_font_size_tablet=&#8221;&#8221; header_font_size_phone=&#8221;24px&#8221; header_font_size_last_edited=&#8221;on|desktop&#8221; global_colors_info=&#8221;{}&#8221;]<\/p>\n<p><span style=\"font-weight: 400;\">Desde ent\u00e3o, nos tornamos os distribuidores oficiais das marcas italianas BTS\u00a0<\/span><span style=\"font-weight: 400;\">Bioengineering e Let Sense Srl. Trazemos ao Brasil os melhores equipamentos de an\u00e1lise do movimento com a miss\u00e3o de modernizar e agilizar o servi\u00e7o dos nossos clientes, fornecendo tecnologia de ponta para um atendimento avan\u00e7ado e eficiente.<\/span><\/p>\n<p><span style=\"font-weight: 400;\">Com atendimento diferenciado e personalizado, primamos pela sua aten\u00e7\u00e3o e satisfa\u00e7\u00e3o, oferecendo servi\u00e7os de pr\u00e9 e p\u00f3s-venda: aux\u00edlio na cria\u00e7\u00e3o de projetos de laborat\u00f3rios, importa\u00e7\u00e3o dos produtos, aux\u00edlio com linhas de cr\u00e9dito e empr\u00e9stimos, instala\u00e7\u00e3o e treinamento, garantia e assist\u00eancia t\u00e9cnica local.<\/span> <span style=\"font-weight: 400;\">Nosso maior objetivo \u00e9 difundir a cultura da tecnologia biomec\u00e2nica, para que o maior n\u00famero de pessoas possam ser beneficiadas com ela.<\/span><\/p>\n<p>[\/et_pb_text][\/et_pb_column][\/et_pb_row][et_pb_row column_structure=&#8221;1_2,1_2&#8243; custom_padding_last_edited=&#8221;on|desktop&#8221; disabled_on=&#8221;on|on|off&#8221; _builder_version=&#8221;4.16&#8243; background_color=&#8221;#ffffff&#8221; max_width=&#8221;1280px&#8221; custom_margin=&#8221;||40px|&#8221; custom_padding=&#8221;|60px|64px|60px|false|true&#8221; custom_padding_tablet=&#8221;|40px||40px||true&#8221; custom_padding_phone=&#8221;&#8221; border_radii=&#8221;|||12px|12px&#8221; box_shadow_style=&#8221;preset1&#8243; box_shadow_vertical=&#8221;50px&#8221; box_shadow_blur=&#8221;80px&#8221; box_shadow_color=&#8221;rgba(15,19,25,0.1)&#8221; use_custom_width=&#8221;on&#8221; custom_width_px=&#8221;1280px&#8221; global_colors_info=&#8221;{}&#8221;][et_pb_column type=&#8221;1_2&#8243; _builder_version=&#8221;4.16&#8243; custom_padding=&#8221;|||&#8221; global_colors_info=&#8221;{}&#8221; custom_padding__hover=&#8221;|||&#8221;][et_pb_number_counter title=&#8221;anos no mercado&#8221; number=&#8221;9&#8243; percent_sign=&#8221;off&#8221; _builder_version=&#8221;4.16&#8243; title_font=&#8221;|600||on|||||&#8221; title_text_color=&#8221;rgba(0,0,0,0.3)&#8221; title_font_size=&#8221;14px&#8221; title_letter_spacing=&#8221;1px&#8221; number_font=&#8221;Poppins||||||||&#8221; number_text_color=&#8221;#009fdb&#8221; number_font_size_tablet=&#8221;52px&#8221; number_font_size_phone=&#8221;&#8221; number_font_size_last_edited=&#8221;on|tablet&#8221; global_colors_info=&#8221;{}&#8221;][\/et_pb_number_counter][et_pb_number_counter title=&#8221;produtos vendidos&#8221; number=&#8221;+1500&#8243; percent_sign=&#8221;off&#8221; _builder_version=&#8221;4.16&#8243; title_font=&#8221;|600||on|||||&#8221; title_text_color=&#8221;rgba(0,0,0,0.3)&#8221; title_font_size=&#8221;14px&#8221; title_letter_spacing=&#8221;1px&#8221; number_font=&#8221;Poppins||||||||&#8221; number_text_color=&#8221;#009fdb&#8221; number_font_size_tablet=&#8221;52px&#8221; number_font_size_phone=&#8221;&#8221; number_font_size_last_edited=&#8221;on|tablet&#8221; global_colors_info=&#8221;{}&#8221;][\/et_pb_number_counter][\/et_pb_column][et_pb_column type=&#8221;1_2&#8243; _builder_version=&#8221;4.16&#8243; custom_padding=&#8221;|||&#8221; global_colors_info=&#8221;{}&#8221; custom_padding__hover=&#8221;|||&#8221;][et_pb_video src=&#8221;https:\/\/www.youtube.com\/watch?v=36v1DJL67WE&#8221; _builder_version=&#8221;4.16&#8243; _module_preset=&#8221;default&#8221; global_colors_info=&#8221;{}&#8221;][\/et_pb_video][\/et_pb_column][\/et_pb_row][\/et_pb_section][et_pb_section fb_built=&#8221;1&#8243; disabled_on=&#8221;||on&#8221; admin_label=&#8221;About Us&#8221; _builder_version=&#8221;4.16&#8243; inner_width_tablet=&#8221;50px&#8221; inner_max_width_tablet=&#8221;50px&#8221; z_index_tablet=&#8221;500&#8243; global_colors_info=&#8221;{}&#8221;][et_pb_row custom_padding_last_edited=&#8221;on|phone&#8221; _builder_version=&#8221;4.16&#8243; background_color=&#8221;#ffffff&#8221; width_phone=&#8221;50px&#8221; max_width=&#8221;1280px&#8221; custom_margin=&#8221;60px|||&#8221; custom_padding=&#8221;|60px||60px|true|true&#8221; custom_padding_tablet=&#8221;|40px||40px||true&#8221; custom_padding_phone=&#8221;|5px||5px&#8221; z_index_tablet=&#8221;500&#8243; box_shadow_style=&#8221;preset1&#8243; box_shadow_vertical=&#8221;50px&#8221; box_shadow_blur=&#8221;80px&#8221; box_shadow_color=&#8221;rgba(15,19,25,0.1)&#8221; global_colors_info=&#8221;{}&#8221;][et_pb_column type=&#8221;4_4&#8243; _builder_version=&#8221;4.16&#8243; custom_padding=&#8221;|||&#8221; global_colors_info=&#8221;{}&#8221; custom_padding__hover=&#8221;|||&#8221;][et_pb_text _builder_version=&#8221;4.22.1&#8243; text_line_height=&#8221;2em&#8221; header_font=&#8221;Montserrat|700|||||||&#8221; header_text_color=&#8221;#009fdb&#8221; header_font_size=&#8221;23px&#8221; header_line_height=&#8221;1.8em&#8221; header_3_font=&#8221;Open Sans|300||on|||||&#8221; header_3_text_color=&#8221;#009fdb&#8221; header_3_font_size=&#8221;18px&#8221; header_3_letter_spacing=&#8221;2px&#8221; custom_padding=&#8221;50px|50px|50px|50px&#8221; header_font_size_tablet=&#8221;&#8221; header_font_size_phone=&#8221;18&#8243; header_font_size_last_edited=&#8221;on|phone&#8221; z_index_tablet=&#8221;500&#8243; text_text_shadow_horizontal_length_tablet=&#8221;0px&#8221; text_text_shadow_vertical_length_tablet=&#8221;0px&#8221; text_text_shadow_blur_strength_tablet=&#8221;1px&#8221; link_text_shadow_horizontal_length_tablet=&#8221;0px&#8221; link_text_shadow_vertical_length_tablet=&#8221;0px&#8221; link_text_shadow_blur_strength_tablet=&#8221;1px&#8221; ul_text_shadow_horizontal_length_tablet=&#8221;0px&#8221; ul_text_shadow_vertical_length_tablet=&#8221;0px&#8221; ul_text_shadow_blur_strength_tablet=&#8221;1px&#8221; ol_text_shadow_horizontal_length_tablet=&#8221;0px&#8221; ol_text_shadow_vertical_length_tablet=&#8221;0px&#8221; ol_text_shadow_blur_strength_tablet=&#8221;1px&#8221; quote_text_shadow_horizontal_length_tablet=&#8221;0px&#8221; quote_text_shadow_vertical_length_tablet=&#8221;0px&#8221; quote_text_shadow_blur_strength_tablet=&#8221;1px&#8221; header_text_shadow_horizontal_length_tablet=&#8221;0px&#8221; header_text_shadow_vertical_length_tablet=&#8221;0px&#8221; header_text_shadow_blur_strength_tablet=&#8221;1px&#8221; header_2_text_shadow_horizontal_length_tablet=&#8221;0px&#8221; header_2_text_shadow_vertical_length_tablet=&#8221;0px&#8221; header_2_text_shadow_blur_strength_tablet=&#8221;1px&#8221; header_3_text_shadow_horizontal_length_tablet=&#8221;0px&#8221; header_3_text_shadow_vertical_length_tablet=&#8221;0px&#8221; header_3_text_shadow_blur_strength_tablet=&#8221;1px&#8221; header_4_text_shadow_horizontal_length_tablet=&#8221;0px&#8221; header_4_text_shadow_vertical_length_tablet=&#8221;0px&#8221; header_4_text_shadow_blur_strength_tablet=&#8221;1px&#8221; header_5_text_shadow_horizontal_length_tablet=&#8221;0px&#8221; header_5_text_shadow_vertical_length_tablet=&#8221;0px&#8221; header_5_text_shadow_blur_strength_tablet=&#8221;1px&#8221; header_6_text_shadow_horizontal_length_tablet=&#8221;0px&#8221; header_6_text_shadow_vertical_length_tablet=&#8221;0px&#8221; header_6_text_shadow_blur_strength_tablet=&#8221;1px&#8221; box_shadow_horizontal_tablet=&#8221;0px&#8221; box_shadow_vertical_tablet=&#8221;0px&#8221; box_shadow_blur_tablet=&#8221;40px&#8221; box_shadow_spread_tablet=&#8221;0px&#8221; global_colors_info=&#8221;{}&#8221;]<\/p>\n<h2>Antes de sermos uma empresa, somos pessoas, e temos hist\u00f3ria!<\/h2>\n<p>A Kinetec surgiu a partir da vis\u00e3o do Cristian Zaniboni e da Roberta Feij\u00f3, que voltaram da It\u00e1lia para o Brasil em 2011. Ap\u00f3s algum tempo procurando trabalho no pa\u00eds, Cristian recebeu uma sugest\u00e3o do seu irm\u00e3o de trazer para o Brasil as tecnologias biomec\u00e2nicas italianas.<\/p>\n<p>Depois de conhecer os equipamentos e perceber o grande potencial que essas novas tecnologias tinham de mudar vidas, al\u00e9m da grande receptividade dos brasileiros para com elas, o Cristian e a Roberta tomaram decis\u00e3o de fundar a Kinetec Tecnologias Biomec\u00e2nicas.<\/p>\n<p>Desde ent\u00e3o, nos tornamos os distribuidores oficiais das marcas italianas BTS\u00a0Bioengineering e Let Sense Srl. Trazemos ao Brasil os melhores equipamentos de an\u00e1lise do movimento com a miss\u00e3o de modernizar e agilizar o servi\u00e7o dos nossos clientes, fornecendo tecnologia de ponta para um atendimento avan\u00e7ado e eficiente.<\/p>\n<p>Com atendimento diferenciado e personalizado, primamos pela sua aten\u00e7\u00e3o e satisfa\u00e7\u00e3o, oferecendo servi\u00e7os de pr\u00e9 e p\u00f3s-venda: aux\u00edlio na cria\u00e7\u00e3o de projetos de laborat\u00f3rios, importa\u00e7\u00e3o dos produtos, aux\u00edlio com linhas de cr\u00e9dito e empr\u00e9stimos, instala\u00e7\u00e3o e treinamento, garantia e assist\u00eancia t\u00e9cnica local. Nosso maior objetivo \u00e9 difundir a cultura da tecnologia biomec\u00e2nica, para que o maior n\u00famero de pessoas possam ser beneficiadas com ela.<\/p>\n<p>&nbsp;<\/p>\n<p>[\/et_pb_text][et_pb_number_counter title=&#8221;anos no mercado&#8221; number=&#8221;9&#8243; percent_sign=&#8221;off&#8221; _builder_version=&#8221;4.16&#8243; title_font=&#8221;|600||on|||||&#8221; title_text_color=&#8221;rgba(0,0,0,0.3)&#8221; title_font_size=&#8221;14px&#8221; title_letter_spacing=&#8221;1px&#8221; number_font=&#8221;Poppins||||||||&#8221; number_text_color=&#8221;#009fdb&#8221; number_font_size_tablet=&#8221;52px&#8221; number_font_size_phone=&#8221;&#8221; number_font_size_last_edited=&#8221;on|tablet&#8221; global_colors_info=&#8221;{}&#8221;][\/et_pb_number_counter][et_pb_number_counter title=&#8221;produtos vendidos&#8221; number=&#8221;+1500&#8243; percent_sign=&#8221;off&#8221; _builder_version=&#8221;4.16&#8243; title_font=&#8221;|600||on|||||&#8221; title_text_color=&#8221;rgba(0,0,0,0.3)&#8221; title_font_size=&#8221;14px&#8221; title_letter_spacing=&#8221;1px&#8221; number_font=&#8221;Poppins||||||||&#8221; number_text_color=&#8221;#009fdb&#8221; number_font_size_tablet=&#8221;52px&#8221; number_font_size_phone=&#8221;&#8221; number_font_size_last_edited=&#8221;on|tablet&#8221; global_colors_info=&#8221;{}&#8221;][\/et_pb_number_counter][et_pb_video src=&#8221;https:\/\/www.youtube.com\/watch?v=36v1DJL67WE&#8221; _builder_version=&#8221;4.16&#8243; _module_preset=&#8221;default&#8221; global_colors_info=&#8221;{}&#8221;][\/et_pb_video][\/et_pb_column][\/et_pb_row][\/et_pb_section][et_pb_section fb_built=&#8221;1&#8243; _builder_version=&#8221;4.16&#8243; _module_preset=&#8221;default&#8221; global_colors_info=&#8221;{}&#8221;][et_pb_row _builder_version=&#8221;4.16&#8243; _module_preset=&#8221;default&#8221; global_colors_info=&#8221;{}&#8221;][et_pb_column type=&#8221;4_4&#8243; _builder_version=&#8221;4.16&#8243; _module_preset=&#8221;default&#8221; global_colors_info=&#8221;{}&#8221;][et_pb_button button_url=&#8221;https:\/\/kinetec.com.br\/new\/wp-content\/uploads\/2025\/03\/culture_code_2025.pdf&#8221; button_text=&#8221;Conhe\u00e7a o nosso c\u00f3digo de cultura &#8221; button_alignment=&#8221;center&#8221; _builder_version=&#8221;4.27.4&#8243; _module_preset=&#8221;default&#8221; custom_button=&#8221;on&#8221; button_bg_color=&#8221;#009FDB&#8221; button_border_width=&#8221;0px&#8221; button_border_radius=&#8221;0px&#8221; button_font=&#8221;|||on|||||&#8221; custom_margin=&#8221;-20px||||false|false&#8221; hover_enabled=&#8221;0&#8243; button_text_size_tablet=&#8221;&#8221; button_text_size_phone=&#8221;14px&#8221; button_text_size_last_edited=&#8221;on|phone&#8221; global_colors_info=&#8221;{}&#8221; sticky_enabled=&#8221;0&#8243;][\/et_pb_button][\/et_pb_column][\/et_pb_row][\/et_pb_section]<\/p>\n","protected":false},"excerpt":{"rendered":"<p>Especialistas em An\u00e1lise Biomec\u00e2nica do MovimentoAntes de sermos uma empresa, somos pessoas, e temos hist\u00f3ria! A Kinetec surgiu a partir da vis\u00e3o do Cristian Zaniboni e da Roberta Feij\u00f3, que voltaram da It\u00e1lia para o Brasil em 2011. Ap\u00f3s algum tempo procurando trabalho no pa\u00eds, Cristian recebeu uma sugest\u00e3o do seu irm\u00e3o de trazer para [&hellip;]<\/p>\n","protected":false},"author":1,"featured_media":0,"parent":0,"menu_order":0,"comment_status":"closed","ping_status":"closed","template":"","meta":{"_et_pb_use_builder":"on","_et_pb_old_content":"","_et_gb_content_width":"","footnotes":""},"class_list":["post-2120","page","type-page","status-publish","hentry"],"yoast_head":"<!-- This site is optimized with the Yoast SEO plugin v27.4 - https:\/\/yoast.com\/product\/yoast-seo-wordpress\/ -->\n<title>Especialistas em An\u00e1lise Biomec\u00e2nica do Movimento - Kinetec<\/title>\n<meta name=\"description\" content=\"Somos a Kinetec. Nosso objetivo \u00e9 difundir a cultura da an\u00e1lise biomec\u00e2nica e oferecer solu\u00e7\u00f5es tecnol\u00f3gicas, melhorando a qualidade de vida dos brasileiros.\" \/>\n<meta name=\"robots\" content=\"index, follow, max-snippet:-1, max-image-preview:large, max-video-preview:-1\" \/>\n<link rel=\"canonical\" href=\"https:\/\/kinetec.com.br\/new\/sobre\/\" \/>\n<meta property=\"og:locale\" content=\"pt_BR\" \/>\n<meta property=\"og:type\" content=\"article\" \/>\n<meta property=\"og:title\" content=\"Especialistas em An\u00e1lise Biomec\u00e2nica do Movimento - Kinetec\" \/>\n<meta property=\"og:description\" content=\"Somos a Kinetec. Nosso objetivo \u00e9 difundir a cultura da an\u00e1lise biomec\u00e2nica e oferecer solu\u00e7\u00f5es tecnol\u00f3gicas, melhorando a qualidade de vida dos brasileiros.\" \/>\n<meta property=\"og:url\" content=\"https:\/\/kinetec.com.br\/new\/sobre\/\" \/>\n<meta property=\"og:site_name\" content=\"Kinetec\" \/>\n<meta property=\"article:modified_time\" content=\"2025-03-14T19:26:52+00:00\" \/>\n<meta name=\"twitter:card\" content=\"summary_large_image\" \/>\n<meta name=\"twitter:label1\" content=\"Est. tempo de leitura\" \/>\n\t<meta name=\"twitter:data1\" content=\"3 minutos\" \/>\n<script type=\"application\/ld+json\" class=\"yoast-schema-graph\">{\"@context\":\"https:\\\/\\\/schema.org\",\"@graph\":[{\"@type\":\"WebPage\",\"@id\":\"https:\\\/\\\/kinetec.com.br\\\/new\\\/sobre\\\/\",\"url\":\"https:\\\/\\\/kinetec.com.br\\\/new\\\/sobre\\\/\",\"name\":\"Especialistas em An\u00e1lise Biomec\u00e2nica do Movimento - Kinetec\",\"isPartOf\":{\"@id\":\"https:\\\/\\\/kinetec.com.br\\\/new\\\/#website\"},\"datePublished\":\"2019-04-24T13:08:54+00:00\",\"dateModified\":\"2025-03-14T19:26:52+00:00\",\"description\":\"Somos a Kinetec. Nosso objetivo \u00e9 difundir a cultura da an\u00e1lise biomec\u00e2nica e oferecer solu\u00e7\u00f5es tecnol\u00f3gicas, melhorando a qualidade de vida dos brasileiros.\",\"breadcrumb\":{\"@id\":\"https:\\\/\\\/kinetec.com.br\\\/new\\\/sobre\\\/#breadcrumb\"},\"inLanguage\":\"pt-BR\",\"potentialAction\":[{\"@type\":\"ReadAction\",\"target\":[\"https:\\\/\\\/kinetec.com.br\\\/new\\\/sobre\\\/\"]}]},{\"@type\":\"BreadcrumbList\",\"@id\":\"https:\\\/\\\/kinetec.com.br\\\/new\\\/sobre\\\/#breadcrumb\",\"itemListElement\":[{\"@type\":\"ListItem\",\"position\":1,\"name\":\"In\u00edcio\",\"item\":\"https:\\\/\\\/kinetec.com.br\\\/new\\\/\"},{\"@type\":\"ListItem\",\"position\":2,\"name\":\"Sobre N\u00f3s\"}]},{\"@type\":\"WebSite\",\"@id\":\"https:\\\/\\\/kinetec.com.br\\\/new\\\/#website\",\"url\":\"https:\\\/\\\/kinetec.com.br\\\/new\\\/\",\"name\":\"Kinetec\",\"description\":\"Tecnologias Biomec\u00e2nicas\",\"potentialAction\":[{\"@type\":\"SearchAction\",\"target\":{\"@type\":\"EntryPoint\",\"urlTemplate\":\"https:\\\/\\\/kinetec.com.br\\\/new\\\/?s={search_term_string}\"},\"query-input\":{\"@type\":\"PropertyValueSpecification\",\"valueRequired\":true,\"valueName\":\"search_term_string\"}}],\"inLanguage\":\"pt-BR\"}]}<\/script>\n<!-- \/ Yoast SEO plugin. -->","yoast_head_json":{"title":"Especialistas em An\u00e1lise Biomec\u00e2nica do Movimento - Kinetec","description":"Somos a Kinetec. Nosso objetivo \u00e9 difundir a cultura da an\u00e1lise biomec\u00e2nica e oferecer solu\u00e7\u00f5es tecnol\u00f3gicas, melhorando a qualidade de vida dos brasileiros.","robots":{"index":"index","follow":"follow","max-snippet":"max-snippet:-1","max-image-preview":"max-image-preview:large","max-video-preview":"max-video-preview:-1"},"canonical":"https:\/\/kinetec.com.br\/new\/sobre\/","og_locale":"pt_BR","og_type":"article","og_title":"Especialistas em An\u00e1lise Biomec\u00e2nica do Movimento - Kinetec","og_description":"Somos a Kinetec. Nosso objetivo \u00e9 difundir a cultura da an\u00e1lise biomec\u00e2nica e oferecer solu\u00e7\u00f5es tecnol\u00f3gicas, melhorando a qualidade de vida dos brasileiros.","og_url":"https:\/\/kinetec.com.br\/new\/sobre\/","og_site_name":"Kinetec","article_modified_time":"2025-03-14T19:26:52+00:00","twitter_card":"summary_large_image","twitter_misc":{"Est. tempo de leitura":"3 minutos"},"schema":{"@context":"https:\/\/schema.org","@graph":[{"@type":"WebPage","@id":"https:\/\/kinetec.com.br\/new\/sobre\/","url":"https:\/\/kinetec.com.br\/new\/sobre\/","name":"Especialistas em An\u00e1lise Biomec\u00e2nica do Movimento - Kinetec","isPartOf":{"@id":"https:\/\/kinetec.com.br\/new\/#website"},"datePublished":"2019-04-24T13:08:54+00:00","dateModified":"2025-03-14T19:26:52+00:00","description":"Somos a Kinetec. Nosso objetivo \u00e9 difundir a cultura da an\u00e1lise biomec\u00e2nica e oferecer solu\u00e7\u00f5es tecnol\u00f3gicas, melhorando a qualidade de vida dos brasileiros.","breadcrumb":{"@id":"https:\/\/kinetec.com.br\/new\/sobre\/#breadcrumb"},"inLanguage":"pt-BR","potentialAction":[{"@type":"ReadAction","target":["https:\/\/kinetec.com.br\/new\/sobre\/"]}]},{"@type":"BreadcrumbList","@id":"https:\/\/kinetec.com.br\/new\/sobre\/#breadcrumb","itemListElement":[{"@type":"ListItem","position":1,"name":"In\u00edcio","item":"https:\/\/kinetec.com.br\/new\/"},{"@type":"ListItem","position":2,"name":"Sobre N\u00f3s"}]},{"@type":"WebSite","@id":"https:\/\/kinetec.com.br\/new\/#website","url":"https:\/\/kinetec.com.br\/new\/","name":"Kinetec","description":"Tecnologias Biomec\u00e2nicas","potentialAction":[{"@type":"SearchAction","target":{"@type":"EntryPoint","urlTemplate":"https:\/\/kinetec.com.br\/new\/?s={search_term_string}"},"query-input":{"@type":"PropertyValueSpecification","valueRequired":true,"valueName":"search_term_string"}}],"inLanguage":"pt-BR"}]}},"_links":{"self":[{"href":"https:\/\/kinetec.com.br\/new\/wp-json\/wp\/v2\/pages\/2120","targetHints":{"allow":["GET"]}}],"collection":[{"href":"https:\/\/kinetec.com.br\/new\/wp-json\/wp\/v2\/pages"}],"about":[{"href":"https:\/\/kinetec.com.br\/new\/wp-json\/wp\/v2\/types\/page"}],"author":[{"embeddable":true,"href":"https:\/\/kinetec.com.br\/new\/wp-json\/wp\/v2\/users\/1"}],"replies":[{"embeddable":true,"href":"https:\/\/kinetec.com.br\/new\/wp-json\/wp\/v2\/comments?post=2120"}],"version-history":[{"count":21,"href":"https:\/\/kinetec.com.br\/new\/wp-json\/wp\/v2\/pages\/2120\/revisions"}],"predecessor-version":[{"id":12060,"href":"https:\/\/kinetec.com.br\/new\/wp-json\/wp\/v2\/pages\/2120\/revisions\/12060"}],"wp:attachment":[{"href":"https:\/\/kinetec.com.br\/new\/wp-json\/wp\/v2\/media?parent=2120"}],"curies":[{"name":"wp","href":"https:\/\/api.w.org\/{rel}","templated":true}]}}