{"id":1372,"date":"2019-02-18T14:46:35","date_gmt":"2019-02-18T17:46:35","guid":{"rendered":"https:\/\/kinetec.com.br\/new\/?page_id=1372"},"modified":"2026-02-06T11:26:18","modified_gmt":"2026-02-06T14:26:18","slug":"artigos-de-pesquisa","status":"publish","type":"page","link":"https:\/\/kinetec.com.br\/new\/artigos-de-pesquisa\/","title":{"rendered":"Artigos de Pesquisa"},"content":{"rendered":"<p>[et_pb_section fb_built=&#8221;1&#8243; _builder_version=&#8221;4.16&#8243; global_colors_info=&#8221;{}&#8221;][et_pb_row column_structure=&#8221;1_2,1_2&#8243; _builder_version=&#8221;4.16&#8243; background_size=&#8221;initial&#8221; background_position=&#8221;top_left&#8221; background_repeat=&#8221;repeat&#8221; global_colors_info=&#8221;{}&#8221;][et_pb_column type=&#8221;1_2&#8243; _builder_version=&#8221;4.16&#8243; custom_padding=&#8221;|||&#8221; hover_enabled=&#8221;0&#8243; global_colors_info=&#8221;{}&#8221; custom_padding__hover=&#8221;|||&#8221; sticky_enabled=&#8221;0&#8243;][et_pb_divider color=&#8221;#009fdb&#8221; divider_weight=&#8221;8px&#8221; _builder_version=&#8221;4.16&#8243; max_width=&#8221;48px&#8221; global_colors_info=&#8221;{}&#8221;][\/et_pb_divider][et_pb_text _builder_version=&#8221;4.16&#8243; text_font=&#8221;Montserrat||||||||&#8221; header_font=&#8221;Montserrat|600|||||||&#8221; header_font_size=&#8221;15px&#8221; header_line_height=&#8221;1.3em&#8221; header_3_font=&#8221;Open Sans|300||on|||||&#8221; header_3_text_color=&#8221;#009fdb&#8221; header_3_font_size=&#8221;18px&#8221; header_3_letter_spacing=&#8221;2px&#8221; header_font_size_tablet=&#8221;&#8221; header_font_size_phone=&#8221;24px&#8221; header_font_size_last_edited=&#8221;on|desktop&#8221; global_colors_info=&#8221;{}&#8221;]<\/p>\n<h3>ARTIGOS DE PESQUISA<\/h3>\n<p>Neste espa\u00e7o divulgamos cultura sobre biomec\u00e2nica, s\u00e3o diversos artigos de pesquisa publicados nacional e internacionalmente, disponibilizados aqui n\u00e3o somente para quem est\u00e1 inserido no mundo da biomec\u00e2nica, mas tamb\u00e9m para quem tem curiosidade de aprender sobre esta \u00e1rea. A leitura de publica\u00e7\u00f5es importantes e recentes \u00e9 uma \u00f3tima forma de estar constantemente atualizado no desenvolvimento e inova\u00e7\u00f5es da an\u00e1lise do movimento.<\/p>\n<p>[\/et_pb_text][\/et_pb_column][et_pb_column type=&#8221;1_2&#8243; _builder_version=&#8221;4.16&#8243; custom_padding=&#8221;|||&#8221; global_colors_info=&#8221;{}&#8221; custom_padding__hover=&#8221;|||&#8221;][\/et_pb_column][\/et_pb_row][et_pb_row _builder_version=&#8221;4.16&#8243; background_size=&#8221;initial&#8221; background_position=&#8221;top_left&#8221; background_repeat=&#8221;repeat&#8221; global_colors_info=&#8221;{}&#8221;][et_pb_column type=&#8221;4_4&#8243; _builder_version=&#8221;4.16&#8243; custom_padding=&#8221;|||&#8221; global_colors_info=&#8221;{}&#8221; custom_padding__hover=&#8221;|||&#8221;][et_pb_blog fullwidth=&#8221;off&#8221; posts_number=&#8221;20&#8243; include_categories=&#8221;16&#8243; show_more=&#8221;on&#8221; show_author=&#8221;off&#8221; show_date=&#8221;off&#8221; show_categories=&#8221;off&#8221; _builder_version=&#8221;4.16&#8243; global_colors_info=&#8221;{}&#8221;][\/et_pb_blog][\/et_pb_column][\/et_pb_row][\/et_pb_section][et_pb_section fb_built=&#8221;1&#8243; disabled_on=&#8221;on|on|on&#8221; _builder_version=&#8221;4.27.4&#8243; background_color=&#8221;#009fdb&#8221; use_background_color_gradient=&#8221;on&#8221; background_color_gradient_direction=&#8221;179deg&#8221; background_color_gradient_stops=&#8221;#009fdb 0%|#006a9b 100%&#8221; background_color_gradient_start=&#8221;#009fdb&#8221; background_color_gradient_end=&#8221;#006a9b&#8221; disabled=&#8221;on&#8221; global_colors_info=&#8221;{}&#8221;][et_pb_row _builder_version=&#8221;4.16&#8243; custom_margin=&#8221;0px||0px|&#8221; custom_padding=&#8221;0px||0px|&#8221; global_colors_info=&#8221;{}&#8221;][et_pb_column type=&#8221;4_4&#8243; _builder_version=&#8221;4.16&#8243; custom_padding=&#8221;|||&#8221; global_colors_info=&#8221;{}&#8221; custom_padding__hover=&#8221;|||&#8221;][et_pb_signup mailchimp_list=&#8221;|none&#8221; first_name_field=&#8221;off&#8221; last_name_field=&#8221;off&#8221; success_message=&#8221;Enviado!&#8221; button_text=&#8221;Enviar&#8221; description=&#8221;<\/p>\n<p>Receba nossa Newsletter<br \/><b> Conte\u00fados sobre biomec\u00e2nica no Brasil<\/b><\/p>\n<\/p>\n<p>&#8221; _builder_version=&#8221;4.16&#8243; form_field_text_color=&#8221;#3b3d46&#8243; header_font_size=&#8221;35&#8243; body_font=&#8221;Montserrat||||||||&#8221; body_text_color=&#8221;#ffffff&#8221; body_font_size=&#8221;18&#8243; form_field_font=&#8221;Montserrat||||||||&#8221; background_color=&#8221;rgba(46,163,242,0)&#8221; custom_button=&#8221;on&#8221; button_text_size=&#8221;14&#8243; button_text_color=&#8221;#006a9b&#8221; button_bg_color=&#8221;#ffffff&#8221; button_bg_color_gradient_direction=&#8221;185deg&#8221; button_bg_color_gradient_stops=&#8221;#009fdb 0%|#2652b7 100%&#8221; button_bg_color_gradient_start=&#8221;#009fdb&#8221; button_bg_color_gradient_end=&#8221;#2652b7&#8243; button_border_width=&#8221;0&#8243; button_border_color=&#8221;#ffffff&#8221; button_border_radius=&#8221;0&#8243; button_font=&#8221;Montserrat|700||on|||||&#8221; button_use_icon=&#8221;off&#8221; global_colors_info=&#8221;{}&#8221;][\/et_pb_signup][\/et_pb_column][\/et_pb_row][\/et_pb_section]<\/p>\n","protected":false},"excerpt":{"rendered":"<p>ARTIGOS DE PESQUISA Neste espa\u00e7o divulgamos cultura sobre biomec\u00e2nica, s\u00e3o diversos artigos de pesquisa publicados nacional e internacionalmente, disponibilizados aqui n\u00e3o somente para quem est\u00e1 inserido no mundo da biomec\u00e2nica, mas tamb\u00e9m para quem tem curiosidade de aprender sobre esta \u00e1rea. A leitura de publica\u00e7\u00f5es importantes e recentes \u00e9 uma \u00f3tima forma de estar constantemente [&hellip;]<\/p>\n","protected":false},"author":1,"featured_media":0,"parent":0,"menu_order":0,"comment_status":"closed","ping_status":"closed","template":"","meta":{"_et_pb_use_builder":"on","_et_pb_old_content":"","_et_gb_content_width":"","footnotes":""},"class_list":["post-1372","page","type-page","status-publish","hentry"],"yoast_head":"<!-- This site is optimized with the Yoast SEO plugin v27.3 - https:\/\/yoast.com\/product\/yoast-seo-wordpress\/ -->\n<title>Artigos de Pesquisa - Kinetec<\/title>\n<meta name=\"robots\" content=\"index, follow, max-snippet:-1, max-image-preview:large, max-video-preview:-1\" \/>\n<link rel=\"canonical\" href=\"https:\/\/kinetec.com.br\/new\/artigos-de-pesquisa\/\" \/>\n<meta property=\"og:locale\" content=\"pt_BR\" \/>\n<meta property=\"og:type\" content=\"article\" \/>\n<meta property=\"og:title\" content=\"Artigos de Pesquisa - Kinetec\" \/>\n<meta property=\"og:description\" content=\"ARTIGOS DE PESQUISA Neste espa\u00e7o divulgamos cultura sobre biomec\u00e2nica, s\u00e3o diversos artigos de pesquisa publicados nacional e internacionalmente, disponibilizados aqui n\u00e3o somente para quem est\u00e1 inserido no mundo da biomec\u00e2nica, mas tamb\u00e9m para quem tem curiosidade de aprender sobre esta \u00e1rea. A leitura de publica\u00e7\u00f5es importantes e recentes \u00e9 uma \u00f3tima forma de estar constantemente [&hellip;]\" \/>\n<meta property=\"og:url\" content=\"https:\/\/kinetec.com.br\/new\/artigos-de-pesquisa\/\" \/>\n<meta property=\"og:site_name\" content=\"Kinetec\" \/>\n<meta property=\"article:modified_time\" content=\"2026-02-06T14:26:18+00:00\" \/>\n<meta name=\"twitter:card\" content=\"summary_large_image\" \/>\n<meta name=\"twitter:label1\" content=\"Est. tempo de leitura\" \/>\n\t<meta name=\"twitter:data1\" content=\"4 minutos\" \/>\n<script type=\"application\/ld+json\" class=\"yoast-schema-graph\">{\"@context\":\"https:\\\/\\\/schema.org\",\"@graph\":[{\"@type\":\"WebPage\",\"@id\":\"https:\\\/\\\/kinetec.com.br\\\/new\\\/artigos-de-pesquisa\\\/\",\"url\":\"https:\\\/\\\/kinetec.com.br\\\/new\\\/artigos-de-pesquisa\\\/\",\"name\":\"Artigos de Pesquisa - Kinetec\",\"isPartOf\":{\"@id\":\"https:\\\/\\\/kinetec.com.br\\\/new\\\/#website\"},\"datePublished\":\"2019-02-18T17:46:35+00:00\",\"dateModified\":\"2026-02-06T14:26:18+00:00\",\"breadcrumb\":{\"@id\":\"https:\\\/\\\/kinetec.com.br\\\/new\\\/artigos-de-pesquisa\\\/#breadcrumb\"},\"inLanguage\":\"pt-BR\",\"potentialAction\":[{\"@type\":\"ReadAction\",\"target\":[\"https:\\\/\\\/kinetec.com.br\\\/new\\\/artigos-de-pesquisa\\\/\"]}]},{\"@type\":\"BreadcrumbList\",\"@id\":\"https:\\\/\\\/kinetec.com.br\\\/new\\\/artigos-de-pesquisa\\\/#breadcrumb\",\"itemListElement\":[{\"@type\":\"ListItem\",\"position\":1,\"name\":\"In\u00edcio\",\"item\":\"https:\\\/\\\/kinetec.com.br\\\/new\\\/\"},{\"@type\":\"ListItem\",\"position\":2,\"name\":\"Artigos de Pesquisa\"}]},{\"@type\":\"WebSite\",\"@id\":\"https:\\\/\\\/kinetec.com.br\\\/new\\\/#website\",\"url\":\"https:\\\/\\\/kinetec.com.br\\\/new\\\/\",\"name\":\"Kinetec\",\"description\":\"Tecnologias Biomec\u00e2nicas\",\"potentialAction\":[{\"@type\":\"SearchAction\",\"target\":{\"@type\":\"EntryPoint\",\"urlTemplate\":\"https:\\\/\\\/kinetec.com.br\\\/new\\\/?s={search_term_string}\"},\"query-input\":{\"@type\":\"PropertyValueSpecification\",\"valueRequired\":true,\"valueName\":\"search_term_string\"}}],\"inLanguage\":\"pt-BR\"}]}<\/script>\n<!-- \/ Yoast SEO plugin. -->","yoast_head_json":{"title":"Artigos de Pesquisa - Kinetec","robots":{"index":"index","follow":"follow","max-snippet":"max-snippet:-1","max-image-preview":"max-image-preview:large","max-video-preview":"max-video-preview:-1"},"canonical":"https:\/\/kinetec.com.br\/new\/artigos-de-pesquisa\/","og_locale":"pt_BR","og_type":"article","og_title":"Artigos de Pesquisa - Kinetec","og_description":"ARTIGOS DE PESQUISA Neste espa\u00e7o divulgamos cultura sobre biomec\u00e2nica, s\u00e3o diversos artigos de pesquisa publicados nacional e internacionalmente, disponibilizados aqui n\u00e3o somente para quem est\u00e1 inserido no mundo da biomec\u00e2nica, mas tamb\u00e9m para quem tem curiosidade de aprender sobre esta \u00e1rea. A leitura de publica\u00e7\u00f5es importantes e recentes \u00e9 uma \u00f3tima forma de estar constantemente [&hellip;]","og_url":"https:\/\/kinetec.com.br\/new\/artigos-de-pesquisa\/","og_site_name":"Kinetec","article_modified_time":"2026-02-06T14:26:18+00:00","twitter_card":"summary_large_image","twitter_misc":{"Est. tempo de leitura":"4 minutos"},"schema":{"@context":"https:\/\/schema.org","@graph":[{"@type":"WebPage","@id":"https:\/\/kinetec.com.br\/new\/artigos-de-pesquisa\/","url":"https:\/\/kinetec.com.br\/new\/artigos-de-pesquisa\/","name":"Artigos de Pesquisa - Kinetec","isPartOf":{"@id":"https:\/\/kinetec.com.br\/new\/#website"},"datePublished":"2019-02-18T17:46:35+00:00","dateModified":"2026-02-06T14:26:18+00:00","breadcrumb":{"@id":"https:\/\/kinetec.com.br\/new\/artigos-de-pesquisa\/#breadcrumb"},"inLanguage":"pt-BR","potentialAction":[{"@type":"ReadAction","target":["https:\/\/kinetec.com.br\/new\/artigos-de-pesquisa\/"]}]},{"@type":"BreadcrumbList","@id":"https:\/\/kinetec.com.br\/new\/artigos-de-pesquisa\/#breadcrumb","itemListElement":[{"@type":"ListItem","position":1,"name":"In\u00edcio","item":"https:\/\/kinetec.com.br\/new\/"},{"@type":"ListItem","position":2,"name":"Artigos de Pesquisa"}]},{"@type":"WebSite","@id":"https:\/\/kinetec.com.br\/new\/#website","url":"https:\/\/kinetec.com.br\/new\/","name":"Kinetec","description":"Tecnologias Biomec\u00e2nicas","potentialAction":[{"@type":"SearchAction","target":{"@type":"EntryPoint","urlTemplate":"https:\/\/kinetec.com.br\/new\/?s={search_term_string}"},"query-input":{"@type":"PropertyValueSpecification","valueRequired":true,"valueName":"search_term_string"}}],"inLanguage":"pt-BR"}]}},"_links":{"self":[{"href":"https:\/\/kinetec.com.br\/new\/wp-json\/wp\/v2\/pages\/1372","targetHints":{"allow":["GET"]}}],"collection":[{"href":"https:\/\/kinetec.com.br\/new\/wp-json\/wp\/v2\/pages"}],"about":[{"href":"https:\/\/kinetec.com.br\/new\/wp-json\/wp\/v2\/types\/page"}],"author":[{"embeddable":true,"href":"https:\/\/kinetec.com.br\/new\/wp-json\/wp\/v2\/users\/1"}],"replies":[{"embeddable":true,"href":"https:\/\/kinetec.com.br\/new\/wp-json\/wp\/v2\/comments?post=1372"}],"version-history":[{"count":8,"href":"https:\/\/kinetec.com.br\/new\/wp-json\/wp\/v2\/pages\/1372\/revisions"}],"predecessor-version":[{"id":12995,"href":"https:\/\/kinetec.com.br\/new\/wp-json\/wp\/v2\/pages\/1372\/revisions\/12995"}],"wp:attachment":[{"href":"https:\/\/kinetec.com.br\/new\/wp-json\/wp\/v2\/media?parent=1372"}],"curies":[{"name":"wp","href":"https:\/\/api.w.org\/{rel}","templated":true}]}}