{"id":13138,"date":"2026-02-12T14:50:42","date_gmt":"2026-02-12T17:50:42","guid":{"rendered":"https:\/\/kinetec.com.br\/new\/?page_id=13138"},"modified":"2026-03-06T15:26:20","modified_gmt":"2026-03-06T18:26:20","slug":"obrigado-biomecanica-digital","status":"publish","type":"page","link":"https:\/\/kinetec.com.br\/new\/obrigado-biomecanica-digital\/","title":{"rendered":"Obrigado Biomec\u00e2nica Digital"},"content":{"rendered":"<p>[et_pb_section fb_built=&#8221;1&#8243; _builder_version=&#8221;4.16&#8243; global_colors_info=&#8221;{}&#8221;][et_pb_row _builder_version=&#8221;4.16&#8243; background_size=&#8221;initial&#8221; background_position=&#8221;top_left&#8221; background_repeat=&#8221;repeat&#8221; global_colors_info=&#8221;{}&#8221;][et_pb_column type=&#8221;4_4&#8243; _builder_version=&#8221;4.16&#8243; custom_padding=&#8221;|||&#8221; global_colors_info=&#8221;{}&#8221; custom_padding__hover=&#8221;|||&#8221;][et_pb_text _builder_version=&#8221;4.20.2&#8243; _module_preset=&#8221;default&#8221; global_colors_info=&#8221;{}&#8221;]<\/p>\n<h1 style=\"text-align: center;\">Obrigado por se inscrever!<\/h1>\n<h2 style=\"text-align: center;\">Falta apenas 1 passo para concluir sua inscri\u00e7\u00e3o:<\/h2>\n<p>&nbsp;<\/p>\n<p style=\"text-align: center;\">Clique no bot\u00e3o abaixo e participe do grupo de whatsapp para receber todas as informa\u00e7\u00f5es de acesso.<\/p>\n<p>[\/et_pb_text][et_pb_button button_url=&#8221;https:\/\/chat.whatsapp.com\/IBUDhckl6LlGYMt9bJyKp2&#8243; button_text=&#8221;ENTRAR NO GRUPO&#8221; button_alignment=&#8221;center&#8221; _builder_version=&#8221;4.27.6&#8243; _module_preset=&#8221;default&#8221; custom_button=&#8221;on&#8221; button_bg_color=&#8221;#2dc100&#8243; global_colors_info=&#8221;{}&#8221;][\/et_pb_button][et_pb_code admin_label=&#8221;Facebook Pixel&#8221; _builder_version=&#8221;4.27.4&#8243; _module_preset=&#8221;default&#8221; global_colors_info=&#8221;{}&#8221;]<!-- Meta Pixel Code --><!-- [et_pb_line_break_holder] --><script><!-- [et_pb_line_break_holder] -->!function(f,b,e,v,n,t,s)<!-- [et_pb_line_break_holder] -->{if(f.fbq)return;n=f.fbq=function(){n.callMethod?<!-- [et_pb_line_break_holder] -->n.callMethod.apply(n,arguments):n.queue.push(arguments)};<!-- [et_pb_line_break_holder] -->if(!f._fbq)f._fbq=n;n.push=n;n.loaded=!0;n.version='2.0';<!-- [et_pb_line_break_holder] -->n.queue=[];t=b.createElement(e);t.async=!0;<!-- [et_pb_line_break_holder] -->t.src=v;s=b.getElementsByTagName(e)[0];<!-- [et_pb_line_break_holder] -->s.parentNode.insertBefore(t,s)}(window, document,'script',<!-- [et_pb_line_break_holder] -->'https:\/\/connect.facebook.net\/en_US\/fbevents.js');<!-- [et_pb_line_break_holder] -->fbq('init', '343930739441530');<!-- [et_pb_line_break_holder] -->fbq('track', 'PageView');<!-- [et_pb_line_break_holder] -->fbq('track', 'summit_lead');<!-- [et_pb_line_break_holder] --><\/script><!-- [et_pb_line_break_holder] --><noscript><img height=\"1\" width=\"1\" style=\"display:none\"<!-- [et_pb_line_break_holder] -->src=&#8221;https:\/\/www.facebook.com\/tr?id=343930739441530&#038;ev=PageView&#038;noscript=1&#8243;<!-- [et_pb_line_break_holder] -->\/><\/noscript><!-- [et_pb_line_break_holder] --><!-- End Meta\u00a0Pixel\u00a0Code\u00a0-->[\/et_pb_code][\/et_pb_column][\/et_pb_row][\/et_pb_section]<\/p>\n","protected":false},"excerpt":{"rendered":"<p>Obrigado por se inscrever! Falta apenas 1 passo para concluir sua inscri\u00e7\u00e3o: &nbsp; Clique no bot\u00e3o abaixo e participe do grupo de whatsapp para receber todas as informa\u00e7\u00f5es de acesso.<\/p>\n","protected":false},"author":1,"featured_media":0,"parent":0,"menu_order":0,"comment_status":"closed","ping_status":"closed","template":"","meta":{"_et_pb_use_builder":"on","_et_pb_old_content":"","_et_gb_content_width":"","footnotes":""},"class_list":["post-13138","page","type-page","status-publish","hentry"],"yoast_head":"<!-- This site is optimized with the Yoast SEO plugin v27.4 - https:\/\/yoast.com\/product\/yoast-seo-wordpress\/ -->\n<title>Obrigado Biomec\u00e2nica Digital - Kinetec<\/title>\n<meta name=\"robots\" content=\"index, follow, max-snippet:-1, max-image-preview:large, max-video-preview:-1\" \/>\n<link rel=\"canonical\" href=\"https:\/\/kinetec.com.br\/new\/obrigado-biomecanica-digital\/\" \/>\n<meta property=\"og:locale\" content=\"pt_BR\" \/>\n<meta property=\"og:type\" content=\"article\" \/>\n<meta property=\"og:title\" content=\"Obrigado Biomec\u00e2nica Digital - Kinetec\" \/>\n<meta property=\"og:description\" content=\"Obrigado por se inscrever! Falta apenas 1 passo para concluir sua inscri\u00e7\u00e3o: &nbsp; Clique no bot\u00e3o abaixo e participe do grupo de whatsapp para receber todas as informa\u00e7\u00f5es de acesso.\" \/>\n<meta property=\"og:url\" content=\"https:\/\/kinetec.com.br\/new\/obrigado-biomecanica-digital\/\" \/>\n<meta property=\"og:site_name\" content=\"Kinetec\" \/>\n<meta property=\"article:modified_time\" content=\"2026-03-06T18:26:20+00:00\" \/>\n<meta name=\"twitter:card\" content=\"summary_large_image\" \/>\n<meta name=\"twitter:label1\" content=\"Est. tempo de leitura\" \/>\n\t<meta name=\"twitter:data1\" content=\"1 minuto\" \/>\n<script type=\"application\/ld+json\" class=\"yoast-schema-graph\">{\"@context\":\"https:\\\/\\\/schema.org\",\"@graph\":[{\"@type\":\"WebPage\",\"@id\":\"https:\\\/\\\/kinetec.com.br\\\/new\\\/obrigado-biomecanica-digital\\\/\",\"url\":\"https:\\\/\\\/kinetec.com.br\\\/new\\\/obrigado-biomecanica-digital\\\/\",\"name\":\"Obrigado Biomec\u00e2nica Digital - Kinetec\",\"isPartOf\":{\"@id\":\"https:\\\/\\\/kinetec.com.br\\\/new\\\/#website\"},\"datePublished\":\"2026-02-12T17:50:42+00:00\",\"dateModified\":\"2026-03-06T18:26:20+00:00\",\"breadcrumb\":{\"@id\":\"https:\\\/\\\/kinetec.com.br\\\/new\\\/obrigado-biomecanica-digital\\\/#breadcrumb\"},\"inLanguage\":\"pt-BR\",\"potentialAction\":[{\"@type\":\"ReadAction\",\"target\":[\"https:\\\/\\\/kinetec.com.br\\\/new\\\/obrigado-biomecanica-digital\\\/\"]}]},{\"@type\":\"BreadcrumbList\",\"@id\":\"https:\\\/\\\/kinetec.com.br\\\/new\\\/obrigado-biomecanica-digital\\\/#breadcrumb\",\"itemListElement\":[{\"@type\":\"ListItem\",\"position\":1,\"name\":\"In\u00edcio\",\"item\":\"https:\\\/\\\/kinetec.com.br\\\/new\\\/\"},{\"@type\":\"ListItem\",\"position\":2,\"name\":\"Obrigado Biomec\u00e2nica Digital\"}]},{\"@type\":\"WebSite\",\"@id\":\"https:\\\/\\\/kinetec.com.br\\\/new\\\/#website\",\"url\":\"https:\\\/\\\/kinetec.com.br\\\/new\\\/\",\"name\":\"Kinetec\",\"description\":\"Tecnologias Biomec\u00e2nicas\",\"potentialAction\":[{\"@type\":\"SearchAction\",\"target\":{\"@type\":\"EntryPoint\",\"urlTemplate\":\"https:\\\/\\\/kinetec.com.br\\\/new\\\/?s={search_term_string}\"},\"query-input\":{\"@type\":\"PropertyValueSpecification\",\"valueRequired\":true,\"valueName\":\"search_term_string\"}}],\"inLanguage\":\"pt-BR\"}]}<\/script>\n<!-- \/ Yoast SEO plugin. -->","yoast_head_json":{"title":"Obrigado Biomec\u00e2nica Digital - Kinetec","robots":{"index":"index","follow":"follow","max-snippet":"max-snippet:-1","max-image-preview":"max-image-preview:large","max-video-preview":"max-video-preview:-1"},"canonical":"https:\/\/kinetec.com.br\/new\/obrigado-biomecanica-digital\/","og_locale":"pt_BR","og_type":"article","og_title":"Obrigado Biomec\u00e2nica Digital - Kinetec","og_description":"Obrigado por se inscrever! Falta apenas 1 passo para concluir sua inscri\u00e7\u00e3o: &nbsp; Clique no bot\u00e3o abaixo e participe do grupo de whatsapp para receber todas as informa\u00e7\u00f5es de acesso.","og_url":"https:\/\/kinetec.com.br\/new\/obrigado-biomecanica-digital\/","og_site_name":"Kinetec","article_modified_time":"2026-03-06T18:26:20+00:00","twitter_card":"summary_large_image","twitter_misc":{"Est. tempo de leitura":"1 minuto"},"schema":{"@context":"https:\/\/schema.org","@graph":[{"@type":"WebPage","@id":"https:\/\/kinetec.com.br\/new\/obrigado-biomecanica-digital\/","url":"https:\/\/kinetec.com.br\/new\/obrigado-biomecanica-digital\/","name":"Obrigado Biomec\u00e2nica Digital - Kinetec","isPartOf":{"@id":"https:\/\/kinetec.com.br\/new\/#website"},"datePublished":"2026-02-12T17:50:42+00:00","dateModified":"2026-03-06T18:26:20+00:00","breadcrumb":{"@id":"https:\/\/kinetec.com.br\/new\/obrigado-biomecanica-digital\/#breadcrumb"},"inLanguage":"pt-BR","potentialAction":[{"@type":"ReadAction","target":["https:\/\/kinetec.com.br\/new\/obrigado-biomecanica-digital\/"]}]},{"@type":"BreadcrumbList","@id":"https:\/\/kinetec.com.br\/new\/obrigado-biomecanica-digital\/#breadcrumb","itemListElement":[{"@type":"ListItem","position":1,"name":"In\u00edcio","item":"https:\/\/kinetec.com.br\/new\/"},{"@type":"ListItem","position":2,"name":"Obrigado Biomec\u00e2nica Digital"}]},{"@type":"WebSite","@id":"https:\/\/kinetec.com.br\/new\/#website","url":"https:\/\/kinetec.com.br\/new\/","name":"Kinetec","description":"Tecnologias Biomec\u00e2nicas","potentialAction":[{"@type":"SearchAction","target":{"@type":"EntryPoint","urlTemplate":"https:\/\/kinetec.com.br\/new\/?s={search_term_string}"},"query-input":{"@type":"PropertyValueSpecification","valueRequired":true,"valueName":"search_term_string"}}],"inLanguage":"pt-BR"}]}},"_links":{"self":[{"href":"https:\/\/kinetec.com.br\/new\/wp-json\/wp\/v2\/pages\/13138","targetHints":{"allow":["GET"]}}],"collection":[{"href":"https:\/\/kinetec.com.br\/new\/wp-json\/wp\/v2\/pages"}],"about":[{"href":"https:\/\/kinetec.com.br\/new\/wp-json\/wp\/v2\/types\/page"}],"author":[{"embeddable":true,"href":"https:\/\/kinetec.com.br\/new\/wp-json\/wp\/v2\/users\/1"}],"replies":[{"embeddable":true,"href":"https:\/\/kinetec.com.br\/new\/wp-json\/wp\/v2\/comments?post=13138"}],"version-history":[{"count":5,"href":"https:\/\/kinetec.com.br\/new\/wp-json\/wp\/v2\/pages\/13138\/revisions"}],"predecessor-version":[{"id":13169,"href":"https:\/\/kinetec.com.br\/new\/wp-json\/wp\/v2\/pages\/13138\/revisions\/13169"}],"wp:attachment":[{"href":"https:\/\/kinetec.com.br\/new\/wp-json\/wp\/v2\/media?parent=13138"}],"curies":[{"name":"wp","href":"https:\/\/api.w.org\/{rel}","templated":true}]}}