{"id":12239,"date":"2025-05-14T18:07:15","date_gmt":"2025-05-14T21:07:15","guid":{"rendered":"https:\/\/kinetec.com.br\/new\/?page_id=12239"},"modified":"2025-05-14T18:10:35","modified_gmt":"2025-05-14T21:10:35","slug":"universidade-federal-de-ciencias-da-saude-de-porto-alegre","status":"publish","type":"page","link":"https:\/\/kinetec.com.br\/new\/universidade-federal-de-ciencias-da-saude-de-porto-alegre\/","title":{"rendered":"Universidade Federal de Ci\u00eancias da Sa\u00fade de Porto Alegre"},"content":{"rendered":"<p>[et_pb_section fb_built=&#8221;1&#8243; _builder_version=&#8221;4.27.4&#8243; _module_preset=&#8221;default&#8221; background_color=&#8221;#009FDB&#8221; custom_padding=&#8221;36px|||||&#8221; global_colors_info=&#8221;{}&#8221;][et_pb_row _builder_version=&#8221;4.27.4&#8243; _module_preset=&#8221;default&#8221; global_colors_info=&#8221;{}&#8221;][et_pb_column type=&#8221;4_4&#8243; _builder_version=&#8221;4.27.4&#8243; _module_preset=&#8221;default&#8221; global_colors_info=&#8221;{}&#8221;][et_pb_text _builder_version=&#8221;4.27.4&#8243; _module_preset=&#8221;default&#8221; header_font=&#8221;Open Sans|700|||||||&#8221; header_text_align=&#8221;center&#8221; header_text_color=&#8221;#FFFFFF&#8221; header_font_size=&#8221;35px&#8221; custom_margin=&#8221;||3px|||&#8221; header_font_size_tablet=&#8221;35px&#8221; header_font_size_phone=&#8221;25px&#8221; header_font_size_last_edited=&#8221;on|phone&#8221; global_colors_info=&#8221;{}&#8221;]<\/p>\n<h1>Universidade Federal de Ci\u00eancias da Sa\u00fade de Porto Alegre<\/h1>\n<p>[\/et_pb_text][et_pb_text disabled_on=&#8221;on|on|on&#8221; _builder_version=&#8221;4.27.4&#8243; _module_preset=&#8221;default&#8221; text_font=&#8221;Open Sans|600||on|||||&#8221; text_text_color=&#8221;#FFFFFF&#8221; text_font_size=&#8221;16px&#8221; text_letter_spacing=&#8221;2px&#8221; text_line_height=&#8221;1.2em&#8221; header_font=&#8221;Open Sans||||||||&#8221; header_text_align=&#8221;center&#8221; header_text_color=&#8221;#009FDB&#8221; text_orientation=&#8221;center&#8221; disabled=&#8221;on&#8221; global_colors_info=&#8221;{}&#8221;]Excele\u0302ncia em Movimento Humano<br \/>\n[\/et_pb_text][\/et_pb_column][\/et_pb_row][\/et_pb_section][et_pb_section fb_built=&#8221;1&#8243; _builder_version=&#8221;4.27.4&#8243; _module_preset=&#8221;default&#8221; custom_padding=&#8221;33px||1px|||&#8221; global_colors_info=&#8221;{}&#8221;][et_pb_row column_structure=&#8221;1_2,1_2&#8243; make_equal=&#8221;on&#8221; _builder_version=&#8221;4.27.4&#8243; _module_preset=&#8221;default&#8221; global_colors_info=&#8221;{}&#8221;][et_pb_column type=&#8221;1_2&#8243; _builder_version=&#8221;4.27.4&#8243; _module_preset=&#8221;default&#8221; global_colors_info=&#8221;{}&#8221;][et_pb_image src=&#8221;https:\/\/kinetec.com.br\/new\/wp-content\/uploads\/2025\/05\/ufcspa-1.jpg&#8221; title_text=&#8221;ufcspa-1&#8243; _builder_version=&#8221;4.27.4&#8243; _module_preset=&#8221;default&#8221; border_radii=&#8221;on|10px|10px|10px|10px&#8221; global_colors_info=&#8221;{}&#8221;][\/et_pb_image][\/et_pb_column][et_pb_column type=&#8221;1_2&#8243; _builder_version=&#8221;4.27.4&#8243; _module_preset=&#8221;default&#8221; global_colors_info=&#8221;{}&#8221;][et_pb_text _builder_version=&#8221;4.27.4&#8243; _module_preset=&#8221;default&#8221; header_3_font=&#8221;Open Sans||||||||&#8221; header_3_text_color=&#8221;#009FDB&#8221; custom_margin=&#8221;40px||||false|false&#8221; custom_margin_tablet=&#8221;40px||||false|false&#8221; custom_margin_phone=&#8221;0px||||false|false&#8221; custom_margin_last_edited=&#8221;on|desktop&#8221; global_colors_info=&#8221;{}&#8221;]<\/p>\n<h3>Laborat\u00f3rio de Reabilita\u00e7\u00e3o<\/h3>\n<p>No centro das atividades de pesquisa da UFCSPA est\u00e1 o Laborat\u00f3rio de Reabilita\u00e7\u00e3o, liderado pela Professora Assistente Dra. Aline de Souza Pagnussat, PhD, Fisioterapeuta. Este laborat\u00f3rio serve como um n\u00facleo para estudantes de gradua\u00e7\u00e3o e p\u00f3s-gradua\u00e7\u00e3o envolvidos nas Ci\u00eancias da Reabilita\u00e7\u00e3o. O foco principal do laborat\u00f3rio \u00e9 investigar dist\u00farbios neurol\u00f3gicos, seu impacto na fun\u00e7\u00e3o motora e desenvolver protocolos de tratamento eficazes.<\/p>\n<p>O laborat\u00f3rio dedica-se especialmente \u00e0 pesquisa com crian\u00e7as com paralisia cerebral, adultos p\u00f3s-AVC e pacientes com doen\u00e7a de Parkinson. Os pesquisadores analisam o movimento dos pacientes tanto dentro quanto fora do laborat\u00f3rio utilizando o G-WALK, uma tecnologia vest\u00edvel que permite o monitoramento em ambientes da vida real. Isso \u00e9 particularmente crucial para pacientes com Parkinson, pois as dificuldades motoras muitas vezes n\u00e3o s\u00e3o totalmente evidentes em um ambiente de laborat\u00f3rio, onde os pacientes tendem a compensar excessivamente e focar demais em seus movimentos.<\/p>\n<p>As tecnologias da BTS Bioengineering empregadas no laborat\u00f3rio tamb\u00e9m possibilitam a avalia\u00e7\u00e3o de abordagens terap\u00eauticas amplamente adotadas para verificar seus benef\u00edcios reais. Por exemplo, a equipe conduziu estudos sobre o M\u00e9todo Bobath, utilizando sensores inerciais para medir o movimento e sistemas de eletromiografia (EMG) para avaliar a atividade muscular.<\/p>\n<p>[\/et_pb_text][\/et_pb_column][\/et_pb_row][et_pb_row _builder_version=&#8221;4.27.4&#8243; _module_preset=&#8221;default&#8221; custom_margin=&#8221;||25px||false|false&#8221; custom_margin_tablet=&#8221;&#8221; custom_margin_phone=&#8221;||||false|false&#8221; custom_margin_last_edited=&#8221;on|desktop&#8221; global_colors_info=&#8221;{}&#8221;][et_pb_column type=&#8221;4_4&#8243; _builder_version=&#8221;4.27.4&#8243; _module_preset=&#8221;default&#8221; global_colors_info=&#8221;{}&#8221;][et_pb_image src=&#8221;https:\/\/kinetec.com.br\/new\/wp-content\/uploads\/2025\/05\/ufcspa-2.jpg&#8221; title_text=&#8221;ufcspa-2&#8243; _builder_version=&#8221;4.27.4&#8243; _module_preset=&#8221;default&#8221; border_radii=&#8221;on|10px|10px|10px|10px&#8221; global_colors_info=&#8221;{}&#8221;][\/et_pb_image][\/et_pb_column][\/et_pb_row][et_pb_row column_structure=&#8221;3_5,2_5&#8243; _builder_version=&#8221;4.27.4&#8243; _module_preset=&#8221;default&#8221; custom_padding=&#8221;0px|||||&#8221; global_colors_info=&#8221;{}&#8221;][et_pb_column type=&#8221;3_5&#8243; _builder_version=&#8221;4.27.4&#8243; _module_preset=&#8221;default&#8221; global_colors_info=&#8221;{}&#8221;][et_pb_text _builder_version=&#8221;4.27.4&#8243; _module_preset=&#8221;default&#8221; header_3_font=&#8221;Open Sans||||||||&#8221; header_3_text_color=&#8221;#009FDB&#8221; custom_margin=&#8221;||||false|false&#8221; custom_margin_tablet=&#8221;40px||||false|false&#8221; custom_margin_phone=&#8221;0px||||false|false&#8221; custom_margin_last_edited=&#8221;on|desktop&#8221; global_colors_info=&#8221;{}&#8221;]<\/p>\n<h3>Integra\u00e7\u00e3o da BTS Bioengineering na UFCSPA<\/h3>\n<p>Para aprimorar suas capacidades de pesquisa, o Laborat\u00f3rio de Reabilita\u00e7\u00e3o integrou tecnologias de ponta em suas opera\u00e7\u00f5es. O laborat\u00f3rio est\u00e1 equipado com o sistema BTS GAITLAB, composto por seis c\u00e2meras SMART-DX 400, aceler\u00f4metros, plataformas de for\u00e7a, G-WALK e FREEEMG. Essa configura\u00e7\u00e3o avan\u00e7ada permite uma an\u00e1lise abrangente do movimento humano, possibilitando a avalia\u00e7\u00e3o precisa de d\u00e9ficits na fun\u00e7\u00e3o motora e a an\u00e1lise dos resultados dos tratamentos.<\/p>\n<h3>Por que a UFCSPA Escolheu as Tecnologias da BTS para Pesquisa Biomec\u00e2nica<\/h3>\n<p>A decis\u00e3o de adotar tecnologias avan\u00e7adas foi influenciada por diversos fatores-chave:<\/p>\n<ul>\n<li><strong>Compatibilidade e Desempenho:<\/strong> O sistema oferece integra\u00e7\u00e3o perfeita entre os diferentes componentes dos equipamentos, garantindo alto desempenho por meio de uma plataforma de hardware unificada.<\/li>\n<li><strong>Protocolos Flex\u00edveis:<\/strong> A tecnologia permite protocolos de an\u00e1lise de dados consistentes, que podem ser adaptados \u00e0s necessidades espec\u00edficas de cada pesquisa. Isso possibilita a investiga\u00e7\u00e3o de diversas condi\u00e7\u00f5es cl\u00ednicas e melhora a qualidade dos resultados cient\u00edficos.<\/li>\n<li><strong>Suporte T\u00e9cnico e Atendimento:<\/strong> Um dos grandes diferenciais \u00e9 o suporte t\u00e9cnico robusto e o servi\u00e7o p\u00f3s-venda. Canais de comunica\u00e7\u00e3o eficazes e uma rela\u00e7\u00e3o colaborativa com t\u00e9cnicos, engenheiros e a equipe de suporte garantem a r\u00e1pida e eficiente resolu\u00e7\u00e3o de problemas.<\/li>\n<\/ul>\n<p>&nbsp;<\/p>\n<p>[\/et_pb_text][\/et_pb_column][et_pb_column type=&#8221;2_5&#8243; _builder_version=&#8221;4.27.4&#8243; _module_preset=&#8221;default&#8221; global_colors_info=&#8221;{}&#8221;][et_pb_image src=&#8221;https:\/\/kinetec.com.br\/new\/wp-content\/uploads\/2025\/05\/ufcspa-3.jpg&#8221; title_text=&#8221;ufcspa-3&#8243; _builder_version=&#8221;4.27.4&#8243; _module_preset=&#8221;default&#8221; width=&#8221;100%&#8221; module_alignment=&#8221;center&#8221; border_radii=&#8221;on|10px|10px|10px|10px&#8221; global_colors_info=&#8221;{}&#8221;][\/et_pb_image][\/et_pb_column][\/et_pb_row][\/et_pb_section][et_pb_section fb_built=&#8221;1&#8243; _builder_version=&#8221;4.27.4&#8243; _module_preset=&#8221;default&#8221; background_color=&#8221;#009FDB&#8221; custom_padding=&#8221;26px||21px|||&#8221; global_colors_info=&#8221;{}&#8221;][et_pb_row _builder_version=&#8221;4.27.4&#8243; _module_preset=&#8221;default&#8221; global_colors_info=&#8221;{}&#8221;][et_pb_column type=&#8221;4_4&#8243; _builder_version=&#8221;4.27.4&#8243; _module_preset=&#8221;default&#8221; global_colors_info=&#8221;{}&#8221;][et_pb_video src=&#8221;https:\/\/www.youtube.com\/watch?v=ofGxpJX5p7g&#038;ab_channel=KinetecTecnologiasBiomec%C3%A2nicas&#8221; _builder_version=&#8221;4.27.4&#8243; _module_preset=&#8221;default&#8221; width=&#8221;70%&#8221; width_tablet=&#8221;70%&#8221; width_phone=&#8221;100%&#8221; width_last_edited=&#8221;on|phone&#8221; module_alignment=&#8221;center&#8221; hover_enabled=&#8221;0&#8243; module_alignment_tablet=&#8221;center&#8221; module_alignment_phone=&#8221;center&#8221; module_alignment_last_edited=&#8221;on|desktop&#8221; global_colors_info=&#8221;{}&#8221; sticky_enabled=&#8221;0&#8243;][\/et_pb_video][et_pb_text _builder_version=&#8221;4.27.4&#8243; _module_preset=&#8221;default&#8221; text_text_color=&#8221;#FFFFFF&#8221; header_3_font=&#8221;Open Sans||||||||&#8221; header_3_text_color=&#8221;#FFFFFF&#8221; width=&#8221;70%&#8221; width_tablet=&#8221;70%&#8221; width_phone=&#8221;100%&#8221; width_last_edited=&#8221;on|phone&#8221; module_alignment=&#8221;center&#8221; custom_margin=&#8221;||||false|false&#8221; custom_margin_tablet=&#8221;40px||||false|false&#8221; custom_margin_phone=&#8221;40px||||false|false&#8221; custom_margin_last_edited=&#8221;on|desktop&#8221; global_colors_info=&#8221;{}&#8221;]<\/p>\n<p>Hoje, os profissionais t\u00eam a oportunidade de avaliar os pacientes de forma mais f\u00e1cil e eficaz gra\u00e7as \u00e0 tecnologia, que permite a an\u00e1lise e a medi\u00e7\u00e3o da efetividade dos tratamentos. \u00c9 essencial que o cl\u00ednico estabele\u00e7a um objetivo terap\u00eautico claro e consiga monitorar o progresso de maneira quantific\u00e1vel. Isso n\u00e3o apenas facilita o trabalho do profissional, como tamb\u00e9m d\u00e1 ao paciente a chance de observar suas melhoras ao longo do tempo.\u201d<\/p>\n<p><strong>Aline de Souza Pagnussat<\/strong>, PhD, Fisioterapeuta, Professora<\/p>\n<p>[\/et_pb_text][et_pb_button button_url=&#8221;https:\/\/kinetec.com.br\/new\/contato\/&#8221; button_text=&#8221;Fale conosco&#8221; button_alignment=&#8221;center&#8221; button_alignment_tablet=&#8221;center&#8221; button_alignment_phone=&#8221;left&#8221; button_alignment_last_edited=&#8221;on|phone&#8221; _builder_version=&#8221;4.27.4&#8243; custom_button=&#8221;on&#8221; button_text_size=&#8221;14px&#8221; button_text_color=&#8221;#ffffff&#8221; button_bg_color=&#8221;#3B3D46&#8243; button_border_width=&#8221;0px&#8221; button_border_color=&#8221;#009fdb&#8221; button_border_radius=&#8221;0px&#8221; button_letter_spacing=&#8221;2px&#8221; button_font=&#8221;Roboto|500||on|||||&#8221; button_icon=&#8221;&#x24;||divi||400&#8243; custom_margin=&#8221;10px|||&#8221; animation_style=&#8221;fade&#8221; global_colors_info=&#8221;{}&#8221; button_text_size__hover_enabled=&#8221;off&#8221; button_text_size__hover=&#8221;null&#8221; button_one_text_size__hover_enabled=&#8221;off&#8221; button_one_text_size__hover=&#8221;null&#8221; button_two_text_size__hover_enabled=&#8221;off&#8221; button_two_text_size__hover=&#8221;null&#8221; button_text_color__hover_enabled=&#8221;off&#8221; button_text_color__hover=&#8221;null&#8221; button_one_text_color__hover_enabled=&#8221;off&#8221; button_one_text_color__hover=&#8221;null&#8221; button_two_text_color__hover_enabled=&#8221;off&#8221; button_two_text_color__hover=&#8221;null&#8221; button_border_width__hover_enabled=&#8221;off&#8221; button_border_width__hover=&#8221;null&#8221; button_one_border_width__hover_enabled=&#8221;off&#8221; button_one_border_width__hover=&#8221;null&#8221; button_two_border_width__hover_enabled=&#8221;off&#8221; button_two_border_width__hover=&#8221;null&#8221; button_border_color__hover_enabled=&#8221;off&#8221; button_border_color__hover=&#8221;null&#8221; button_one_border_color__hover_enabled=&#8221;off&#8221; button_one_border_color__hover=&#8221;null&#8221; button_two_border_color__hover_enabled=&#8221;off&#8221; button_two_border_color__hover=&#8221;null&#8221; button_border_radius__hover_enabled=&#8221;off&#8221; button_border_radius__hover=&#8221;null&#8221; button_one_border_radius__hover_enabled=&#8221;off&#8221; button_one_border_radius__hover=&#8221;null&#8221; button_two_border_radius__hover_enabled=&#8221;off&#8221; button_two_border_radius__hover=&#8221;null&#8221; button_letter_spacing__hover_enabled=&#8221;off&#8221; button_letter_spacing__hover=&#8221;null&#8221; button_one_letter_spacing__hover_enabled=&#8221;off&#8221; button_one_letter_spacing__hover=&#8221;null&#8221; button_two_letter_spacing__hover_enabled=&#8221;off&#8221; button_two_letter_spacing__hover=&#8221;null&#8221; button_bg_color__hover_enabled=&#8221;off&#8221; button_bg_color__hover=&#8221;null&#8221; button_one_bg_color__hover_enabled=&#8221;off&#8221; button_one_bg_color__hover=&#8221;null&#8221; button_two_bg_color__hover_enabled=&#8221;off&#8221; button_two_bg_color__hover=&#8221;null&#8221;][\/et_pb_button][\/et_pb_column][\/et_pb_row][\/et_pb_section]<\/p>\n","protected":false},"excerpt":{"rendered":"<p>Universidade Federal de Ci\u00eancias da Sa\u00fade de Porto AlegreExcele\u0302ncia em Movimento Humano Laborat\u00f3rio de Reabilita\u00e7\u00e3o No centro das atividades de pesquisa da UFCSPA est\u00e1 o Laborat\u00f3rio de Reabilita\u00e7\u00e3o, liderado pela Professora Assistente Dra. Aline de Souza Pagnussat, PhD, Fisioterapeuta. Este laborat\u00f3rio serve como um n\u00facleo para estudantes de gradua\u00e7\u00e3o e p\u00f3s-gradua\u00e7\u00e3o envolvidos nas Ci\u00eancias da [&hellip;]<\/p>\n","protected":false},"author":3,"featured_media":0,"parent":0,"menu_order":0,"comment_status":"closed","ping_status":"closed","template":"","meta":{"_et_pb_use_builder":"on","_et_pb_old_content":"","_et_gb_content_width":"","footnotes":""},"class_list":["post-12239","page","type-page","status-publish","hentry"],"yoast_head":"<!-- This site is optimized with the Yoast SEO plugin v27.3 - https:\/\/yoast.com\/product\/yoast-seo-wordpress\/ -->\n<title>Universidade Federal de Ci\u00eancias da Sa\u00fade de Porto Alegre - Kinetec<\/title>\n<meta name=\"robots\" content=\"index, follow, max-snippet:-1, max-image-preview:large, max-video-preview:-1\" \/>\n<link rel=\"canonical\" href=\"https:\/\/kinetec.com.br\/new\/universidade-federal-de-ciencias-da-saude-de-porto-alegre\/\" \/>\n<meta property=\"og:locale\" content=\"pt_BR\" \/>\n<meta property=\"og:type\" content=\"article\" \/>\n<meta property=\"og:title\" content=\"Universidade Federal de Ci\u00eancias da Sa\u00fade de Porto Alegre - Kinetec\" \/>\n<meta property=\"og:description\" content=\"Universidade Federal de Ci\u00eancias da Sa\u00fade de Porto AlegreExcele\u0302ncia em Movimento Humano Laborat\u00f3rio de Reabilita\u00e7\u00e3o No centro das atividades de pesquisa da UFCSPA est\u00e1 o Laborat\u00f3rio de Reabilita\u00e7\u00e3o, liderado pela Professora Assistente Dra. Aline de Souza Pagnussat, PhD, Fisioterapeuta. Este laborat\u00f3rio serve como um n\u00facleo para estudantes de gradua\u00e7\u00e3o e p\u00f3s-gradua\u00e7\u00e3o envolvidos nas Ci\u00eancias da [&hellip;]\" \/>\n<meta property=\"og:url\" content=\"https:\/\/kinetec.com.br\/new\/universidade-federal-de-ciencias-da-saude-de-porto-alegre\/\" \/>\n<meta property=\"og:site_name\" content=\"Kinetec\" \/>\n<meta property=\"article:modified_time\" content=\"2025-05-14T21:10:35+00:00\" \/>\n<meta name=\"twitter:card\" content=\"summary_large_image\" \/>\n<meta name=\"twitter:label1\" content=\"Est. tempo de leitura\" \/>\n\t<meta name=\"twitter:data1\" content=\"4 minutos\" \/>\n<script type=\"application\/ld+json\" class=\"yoast-schema-graph\">{\"@context\":\"https:\\\/\\\/schema.org\",\"@graph\":[{\"@type\":\"WebPage\",\"@id\":\"https:\\\/\\\/kinetec.com.br\\\/new\\\/universidade-federal-de-ciencias-da-saude-de-porto-alegre\\\/\",\"url\":\"https:\\\/\\\/kinetec.com.br\\\/new\\\/universidade-federal-de-ciencias-da-saude-de-porto-alegre\\\/\",\"name\":\"Universidade Federal de Ci\u00eancias da Sa\u00fade de Porto Alegre - Kinetec\",\"isPartOf\":{\"@id\":\"https:\\\/\\\/kinetec.com.br\\\/new\\\/#website\"},\"datePublished\":\"2025-05-14T21:07:15+00:00\",\"dateModified\":\"2025-05-14T21:10:35+00:00\",\"breadcrumb\":{\"@id\":\"https:\\\/\\\/kinetec.com.br\\\/new\\\/universidade-federal-de-ciencias-da-saude-de-porto-alegre\\\/#breadcrumb\"},\"inLanguage\":\"pt-BR\",\"potentialAction\":[{\"@type\":\"ReadAction\",\"target\":[\"https:\\\/\\\/kinetec.com.br\\\/new\\\/universidade-federal-de-ciencias-da-saude-de-porto-alegre\\\/\"]}]},{\"@type\":\"BreadcrumbList\",\"@id\":\"https:\\\/\\\/kinetec.com.br\\\/new\\\/universidade-federal-de-ciencias-da-saude-de-porto-alegre\\\/#breadcrumb\",\"itemListElement\":[{\"@type\":\"ListItem\",\"position\":1,\"name\":\"In\u00edcio\",\"item\":\"https:\\\/\\\/kinetec.com.br\\\/new\\\/\"},{\"@type\":\"ListItem\",\"position\":2,\"name\":\"Universidade Federal de Ci\u00eancias da Sa\u00fade de Porto Alegre\"}]},{\"@type\":\"WebSite\",\"@id\":\"https:\\\/\\\/kinetec.com.br\\\/new\\\/#website\",\"url\":\"https:\\\/\\\/kinetec.com.br\\\/new\\\/\",\"name\":\"Kinetec\",\"description\":\"Tecnologias Biomec\u00e2nicas\",\"potentialAction\":[{\"@type\":\"SearchAction\",\"target\":{\"@type\":\"EntryPoint\",\"urlTemplate\":\"https:\\\/\\\/kinetec.com.br\\\/new\\\/?s={search_term_string}\"},\"query-input\":{\"@type\":\"PropertyValueSpecification\",\"valueRequired\":true,\"valueName\":\"search_term_string\"}}],\"inLanguage\":\"pt-BR\"}]}<\/script>\n<!-- \/ Yoast SEO plugin. -->","yoast_head_json":{"title":"Universidade Federal de Ci\u00eancias da Sa\u00fade de Porto Alegre - Kinetec","robots":{"index":"index","follow":"follow","max-snippet":"max-snippet:-1","max-image-preview":"max-image-preview:large","max-video-preview":"max-video-preview:-1"},"canonical":"https:\/\/kinetec.com.br\/new\/universidade-federal-de-ciencias-da-saude-de-porto-alegre\/","og_locale":"pt_BR","og_type":"article","og_title":"Universidade Federal de Ci\u00eancias da Sa\u00fade de Porto Alegre - Kinetec","og_description":"Universidade Federal de Ci\u00eancias da Sa\u00fade de Porto AlegreExcele\u0302ncia em Movimento Humano Laborat\u00f3rio de Reabilita\u00e7\u00e3o No centro das atividades de pesquisa da UFCSPA est\u00e1 o Laborat\u00f3rio de Reabilita\u00e7\u00e3o, liderado pela Professora Assistente Dra. Aline de Souza Pagnussat, PhD, Fisioterapeuta. Este laborat\u00f3rio serve como um n\u00facleo para estudantes de gradua\u00e7\u00e3o e p\u00f3s-gradua\u00e7\u00e3o envolvidos nas Ci\u00eancias da [&hellip;]","og_url":"https:\/\/kinetec.com.br\/new\/universidade-federal-de-ciencias-da-saude-de-porto-alegre\/","og_site_name":"Kinetec","article_modified_time":"2025-05-14T21:10:35+00:00","twitter_card":"summary_large_image","twitter_misc":{"Est. tempo de leitura":"4 minutos"},"schema":{"@context":"https:\/\/schema.org","@graph":[{"@type":"WebPage","@id":"https:\/\/kinetec.com.br\/new\/universidade-federal-de-ciencias-da-saude-de-porto-alegre\/","url":"https:\/\/kinetec.com.br\/new\/universidade-federal-de-ciencias-da-saude-de-porto-alegre\/","name":"Universidade Federal de Ci\u00eancias da Sa\u00fade de Porto Alegre - Kinetec","isPartOf":{"@id":"https:\/\/kinetec.com.br\/new\/#website"},"datePublished":"2025-05-14T21:07:15+00:00","dateModified":"2025-05-14T21:10:35+00:00","breadcrumb":{"@id":"https:\/\/kinetec.com.br\/new\/universidade-federal-de-ciencias-da-saude-de-porto-alegre\/#breadcrumb"},"inLanguage":"pt-BR","potentialAction":[{"@type":"ReadAction","target":["https:\/\/kinetec.com.br\/new\/universidade-federal-de-ciencias-da-saude-de-porto-alegre\/"]}]},{"@type":"BreadcrumbList","@id":"https:\/\/kinetec.com.br\/new\/universidade-federal-de-ciencias-da-saude-de-porto-alegre\/#breadcrumb","itemListElement":[{"@type":"ListItem","position":1,"name":"In\u00edcio","item":"https:\/\/kinetec.com.br\/new\/"},{"@type":"ListItem","position":2,"name":"Universidade Federal de Ci\u00eancias da Sa\u00fade de Porto Alegre"}]},{"@type":"WebSite","@id":"https:\/\/kinetec.com.br\/new\/#website","url":"https:\/\/kinetec.com.br\/new\/","name":"Kinetec","description":"Tecnologias Biomec\u00e2nicas","potentialAction":[{"@type":"SearchAction","target":{"@type":"EntryPoint","urlTemplate":"https:\/\/kinetec.com.br\/new\/?s={search_term_string}"},"query-input":{"@type":"PropertyValueSpecification","valueRequired":true,"valueName":"search_term_string"}}],"inLanguage":"pt-BR"}]}},"_links":{"self":[{"href":"https:\/\/kinetec.com.br\/new\/wp-json\/wp\/v2\/pages\/12239","targetHints":{"allow":["GET"]}}],"collection":[{"href":"https:\/\/kinetec.com.br\/new\/wp-json\/wp\/v2\/pages"}],"about":[{"href":"https:\/\/kinetec.com.br\/new\/wp-json\/wp\/v2\/types\/page"}],"author":[{"embeddable":true,"href":"https:\/\/kinetec.com.br\/new\/wp-json\/wp\/v2\/users\/3"}],"replies":[{"embeddable":true,"href":"https:\/\/kinetec.com.br\/new\/wp-json\/wp\/v2\/comments?post=12239"}],"version-history":[{"count":4,"href":"https:\/\/kinetec.com.br\/new\/wp-json\/wp\/v2\/pages\/12239\/revisions"}],"predecessor-version":[{"id":12248,"href":"https:\/\/kinetec.com.br\/new\/wp-json\/wp\/v2\/pages\/12239\/revisions\/12248"}],"wp:attachment":[{"href":"https:\/\/kinetec.com.br\/new\/wp-json\/wp\/v2\/media?parent=12239"}],"curies":[{"name":"wp","href":"https:\/\/api.w.org\/{rel}","templated":true}]}}