{"id":11416,"date":"2024-08-23T16:27:34","date_gmt":"2024-08-23T19:27:34","guid":{"rendered":"https:\/\/kinetec.com.br\/new\/?page_id=11416"},"modified":"2024-08-23T20:06:20","modified_gmt":"2024-08-23T23:06:20","slug":"obrigado-marcha","status":"publish","type":"page","link":"https:\/\/kinetec.com.br\/new\/obrigado-marcha\/","title":{"rendered":"Obrigado Curso Marcha"},"content":{"rendered":"<p>[et_pb_section fb_built=&#8221;1&#8243; _builder_version=&#8221;4.27.0&#8243; _module_preset=&#8221;default&#8221; use_background_color_gradient=&#8221;on&#8221; background_color_gradient_direction=&#8221;360deg&#8221; background_color_gradient_stops=&#8221;#001a47 0%|#043c8c 100%&#8221; hover_enabled=&#8221;0&#8243; locked=&#8221;off&#8221; global_colors_info=&#8221;{}&#8221; disabled_on=&#8221;on|off|off&#8221; sticky_enabled=&#8221;0&#8243;][et_pb_row column_structure=&#8221;1_2,1_2&#8243; _builder_version=&#8221;4.27.0&#8243; _module_preset=&#8221;default&#8221; global_colors_info=&#8221;{}&#8221;][et_pb_column type=&#8221;1_2&#8243; _builder_version=&#8221;4.27.0&#8243; _module_preset=&#8221;default&#8221; global_colors_info=&#8221;{}&#8221;][et_pb_image src=&#8221;https:\/\/kinetec.com.br\/new\/wp-content\/uploads\/2024\/08\/bnner-s.png&#8221; title_text=&#8221;bnner-s&#8221; align=&#8221;center&#8221; _builder_version=&#8221;4.27.0&#8243; _module_preset=&#8221;default&#8221; custom_margin=&#8221;|170px||||&#8221; locked=&#8221;off&#8221; global_colors_info=&#8221;{}&#8221;][\/et_pb_image][\/et_pb_column][et_pb_column type=&#8221;1_2&#8243; _builder_version=&#8221;4.27.0&#8243; _module_preset=&#8221;default&#8221; global_colors_info=&#8221;{}&#8221;][et_pb_text _builder_version=&#8221;4.27.0&#8243; _module_preset=&#8221;default&#8221; text_font=&#8221;Montserrat||||||||&#8221; text_text_color=&#8221;#FFFFFF&#8221; locked=&#8221;off&#8221; global_colors_info=&#8221;{}&#8221;]<\/p>\n<h2><span style=\"color: #ffffff;\">Curso de An\u00e1lise<br \/>Biomec\u00e2nica da Marcha 2.0<\/span><\/h2>\n<p><span style=\"color: #ffffff;\">\u00a0<\/span><\/p>\n<p><strong><span style=\"color: #00eeff;\"><span style=\"font-size: 80px;\">Obrigado!<\/span><\/span><\/strong><\/p>\n<p>&nbsp;<\/p>\n<h3><span style=\"color: #ffffff;\">Voc\u00ea acaba de garantir sua pr\u00e9-inscri\u00e7\u00e3o! <\/span><\/h3>\n<h4><span style=\"color: #ffffff; font-size: small;\">Aguarde em breve um de nossos consultores entrar\u00e1 em contato para completar a sua inscri\u00e7\u00e3o em nosso curso.<\/span><\/h4>\n<p>[\/et_pb_text][\/et_pb_column][\/et_pb_row][\/et_pb_section][et_pb_section fb_built=&#8221;1&#8243; _builder_version=&#8221;4.27.0&#8243; _module_preset=&#8221;default&#8221; use_background_color_gradient=&#8221;on&#8221; background_color_gradient_direction=&#8221;360deg&#8221; background_color_gradient_stops=&#8221;#001a47 0%|#043c8c 100%&#8221; hover_enabled=&#8221;0&#8243; locked=&#8221;off&#8221; global_colors_info=&#8221;{}&#8221; disabled_on=&#8221;off|on|on&#8221; sticky_enabled=&#8221;0&#8243;][et_pb_row column_structure=&#8221;1_2,1_2&#8243; _builder_version=&#8221;4.27.0&#8243; _module_preset=&#8221;default&#8221; global_colors_info=&#8221;{}&#8221;][et_pb_column type=&#8221;1_2&#8243; _builder_version=&#8221;4.27.0&#8243; _module_preset=&#8221;default&#8221; global_colors_info=&#8221;{}&#8221;][et_pb_image src=&#8221;https:\/\/kinetec.com.br\/new\/wp-content\/uploads\/2024\/08\/bnner-s.png&#8221; title_text=&#8221;bnner-s&#8221; align=&#8221;center&#8221; _builder_version=&#8221;4.27.0&#8243; _module_preset=&#8221;default&#8221; custom_margin=&#8221;|170px||||&#8221; locked=&#8221;off&#8221; global_colors_info=&#8221;{}&#8221;][\/et_pb_image][\/et_pb_column][et_pb_column type=&#8221;1_2&#8243; _builder_version=&#8221;4.27.0&#8243; _module_preset=&#8221;default&#8221; global_colors_info=&#8221;{}&#8221;][et_pb_text _builder_version=&#8221;4.27.0&#8243; _module_preset=&#8221;default&#8221; text_font=&#8221;Montserrat||||||||&#8221; text_text_color=&#8221;#FFFFFF&#8221; locked=&#8221;off&#8221; global_colors_info=&#8221;{}&#8221;]<\/p>\n<h2><span style=\"color: #ffffff; font-size: medium;\">Curso de An\u00e1lise<br \/>Biomec\u00e2nica da Marcha 2.0<\/span><\/h2>\n<p><span style=\"color: #ffffff;\">\u00a0<\/span><\/p>\n<p><span style=\"font-size: xx-large;\"><strong><span style=\"color: #00eeff;\">Obrigado!<\/span><\/strong><\/span><\/p>\n<p>&nbsp;<\/p>\n<h3><span style=\"color: #ffffff;\">Voc\u00ea acaba de garantir sua pr\u00e9-inscri\u00e7\u00e3o! <\/span><\/h3>\n<h4><span style=\"color: #ffffff; font-size: small;\">Aguarde em breve um de nossos consultores entrar\u00e1 em contato para completar a sua inscri\u00e7\u00e3o em nosso curso.<\/span><\/h4>\n<p>[\/et_pb_text][\/et_pb_column][\/et_pb_row][\/et_pb_section][et_pb_section fb_built=&#8221;1&#8243; _builder_version=&#8221;4.27.0&#8243; _module_preset=&#8221;default&#8221; background_color=&#8221;#fffbf6&#8243; min_height=&#8221;201.8px&#8221; custom_margin=&#8221;||-2px|||&#8221; custom_padding=&#8221;46px||70px|||&#8221; locked=&#8221;off&#8221; global_colors_info=&#8221;{}&#8221;][et_pb_row _builder_version=&#8221;4.27.0&#8243; _module_preset=&#8221;default&#8221; background_color=&#8221;#009FDB&#8221; use_background_color_gradient=&#8221;on&#8221; background_color_gradient_direction=&#8221;324deg&#8221; background_color_gradient_stops=&#8221;#0c54b2 0%|#002f6c 100%&#8221; custom_padding=&#8221;45px||45px|||&#8221; border_radii=&#8221;on|20px|20px|20px|20px&#8221; global_colors_info=&#8221;{}&#8221;][et_pb_column type=&#8221;4_4&#8243; _builder_version=&#8221;4.27.0&#8243; _module_preset=&#8221;default&#8221; global_colors_info=&#8221;{}&#8221;][et_pb_text _builder_version=&#8221;4.27.0&#8243; _module_preset=&#8221;default&#8221; text_font=&#8221;Montserrat||||||||&#8221; text_text_color=&#8221;#FFFFFF&#8221; text_font_size=&#8221;32px&#8221; text_line_height=&#8221;1.6em&#8221; min_height=&#8221;51.8px&#8221; border_radii=&#8221;on|20px|20px|20px|20px&#8221; global_colors_info=&#8221;{}&#8221;]<\/p>\n<p style=\"text-align: center;\">Fique sempre informado<br \/>Siga-nos nas redes sociais!<\/p>\n<p>[\/et_pb_text][et_pb_social_media_follow use_icon_font_size=&#8221;on&#8221; icon_font_size=&#8221;23px&#8221; disabled_on=&#8221;off|off|off&#8221; _builder_version=&#8221;4.27.0&#8243; _module_preset=&#8221;default&#8221; text_orientation=&#8221;center&#8221; max_width=&#8221;100%&#8221; global_colors_info=&#8221;{}&#8221;][et_pb_social_media_follow_network social_network=&#8221;instagram&#8221; url=&#8221;https:\/\/www.instagram.com\/kinetec_biomecanica\/&#8221; _builder_version=&#8221;4.27.0&#8243; _module_preset=&#8221;default&#8221; background_color=&#8221;#ea2c59&#8243; global_colors_info=&#8221;{}&#8221; follow_button=&#8221;off&#8221; url_new_window=&#8221;on&#8221;]instagram[\/et_pb_social_media_follow_network][et_pb_social_media_follow_network social_network=&#8221;facebook&#8221; url=&#8221;https:\/\/www.facebook.com\/kinetec.biomecanica&#8221; _builder_version=&#8221;4.27.0&#8243; _module_preset=&#8221;default&#8221; background_color=&#8221;#3b5998&#8243; global_colors_info=&#8221;{}&#8221; follow_button=&#8221;off&#8221; url_new_window=&#8221;on&#8221;]facebook[\/et_pb_social_media_follow_network][et_pb_social_media_follow_network social_network=&#8221;linkedin&#8221; url=&#8221;https:\/\/www.linkedin.com\/company\/kinetec\/&#8221; _builder_version=&#8221;4.27.0&#8243; _module_preset=&#8221;default&#8221; background_color=&#8221;#007bb6&#8243; global_colors_info=&#8221;{}&#8221; follow_button=&#8221;off&#8221; url_new_window=&#8221;on&#8221;]linkedin[\/et_pb_social_media_follow_network][et_pb_social_media_follow_network social_network=&#8221;youtube&#8221; url=&#8221;https:\/\/www.youtube.com\/channel\/UCL1ip2qgJDdibYMzhiTckUw&#8221; _builder_version=&#8221;4.27.0&#8243; _module_preset=&#8221;default&#8221; background_color=&#8221;#a82400&#8243; global_colors_info=&#8221;{}&#8221; follow_button=&#8221;off&#8221; url_new_window=&#8221;on&#8221;]youtube[\/et_pb_social_media_follow_network][\/et_pb_social_media_follow][et_pb_code _builder_version=&#8221;4.27.0&#8243; _module_preset=&#8221;default&#8221; global_colors_info=&#8221;{}&#8221;]<\/p>\n<div class=\"et-fb-mousetrap et-fb-mousetrap--module et-fb-mousetrap-pointer\" style=\"background: 0px center; pointer-events: auto; top: -6px; bottom: -29px;\"><\/div>\n<p>[\/et_pb_code][\/et_pb_column][\/et_pb_row][\/et_pb_section]<\/p>\n","protected":false},"excerpt":{"rendered":"<p>Curso de An\u00e1liseBiomec\u00e2nica da Marcha 2.0 \u00a0 Obrigado! &nbsp; Voc\u00ea acaba de garantir sua pr\u00e9-inscri\u00e7\u00e3o! Aguarde em breve um de nossos consultores entrar\u00e1 em contato para completar a sua inscri\u00e7\u00e3o em nosso curso.Curso de An\u00e1liseBiomec\u00e2nica da Marcha 2.0 \u00a0 Obrigado! &nbsp; Voc\u00ea acaba de garantir sua pr\u00e9-inscri\u00e7\u00e3o! Aguarde em breve um de nossos consultores entrar\u00e1 [&hellip;]<\/p>\n","protected":false},"author":10,"featured_media":0,"parent":0,"menu_order":0,"comment_status":"closed","ping_status":"closed","template":"","meta":{"_et_pb_use_builder":"on","_et_pb_old_content":"","_et_gb_content_width":"","footnotes":""},"class_list":["post-11416","page","type-page","status-publish","hentry"],"yoast_head":"<!-- This site is optimized with the Yoast SEO plugin v27.5 - https:\/\/yoast.com\/product\/yoast-seo-wordpress\/ -->\n<title>Obrigado Curso Marcha - Kinetec<\/title>\n<meta name=\"robots\" content=\"index, follow, max-snippet:-1, max-image-preview:large, max-video-preview:-1\" \/>\n<link rel=\"canonical\" href=\"https:\/\/kinetec.com.br\/new\/obrigado-marcha\/\" \/>\n<meta property=\"og:locale\" content=\"pt_BR\" \/>\n<meta property=\"og:type\" content=\"article\" \/>\n<meta property=\"og:title\" content=\"Obrigado Curso Marcha - Kinetec\" \/>\n<meta property=\"og:description\" content=\"Curso de An\u00e1liseBiomec\u00e2nica da Marcha 2.0 \u00a0 Obrigado! &nbsp; Voc\u00ea acaba de garantir sua pr\u00e9-inscri\u00e7\u00e3o! Aguarde em breve um de nossos consultores entrar\u00e1 em contato para completar a sua inscri\u00e7\u00e3o em nosso curso.Curso de An\u00e1liseBiomec\u00e2nica da Marcha 2.0 \u00a0 Obrigado! &nbsp; Voc\u00ea acaba de garantir sua pr\u00e9-inscri\u00e7\u00e3o! Aguarde em breve um de nossos consultores entrar\u00e1 [&hellip;]\" \/>\n<meta property=\"og:url\" content=\"https:\/\/kinetec.com.br\/new\/obrigado-marcha\/\" \/>\n<meta property=\"og:site_name\" content=\"Kinetec\" \/>\n<meta property=\"article:modified_time\" content=\"2024-08-23T23:06:20+00:00\" \/>\n<meta name=\"twitter:card\" content=\"summary_large_image\" \/>\n<meta name=\"twitter:label1\" content=\"Est. tempo de leitura\" \/>\n\t<meta name=\"twitter:data1\" content=\"1 minuto\" \/>\n<script type=\"application\/ld+json\" class=\"yoast-schema-graph\">{\"@context\":\"https:\\\/\\\/schema.org\",\"@graph\":[{\"@type\":\"WebPage\",\"@id\":\"https:\\\/\\\/kinetec.com.br\\\/new\\\/obrigado-marcha\\\/\",\"url\":\"https:\\\/\\\/kinetec.com.br\\\/new\\\/obrigado-marcha\\\/\",\"name\":\"Obrigado Curso Marcha - Kinetec\",\"isPartOf\":{\"@id\":\"https:\\\/\\\/kinetec.com.br\\\/new\\\/#website\"},\"datePublished\":\"2024-08-23T19:27:34+00:00\",\"dateModified\":\"2024-08-23T23:06:20+00:00\",\"breadcrumb\":{\"@id\":\"https:\\\/\\\/kinetec.com.br\\\/new\\\/obrigado-marcha\\\/#breadcrumb\"},\"inLanguage\":\"pt-BR\",\"potentialAction\":[{\"@type\":\"ReadAction\",\"target\":[\"https:\\\/\\\/kinetec.com.br\\\/new\\\/obrigado-marcha\\\/\"]}]},{\"@type\":\"BreadcrumbList\",\"@id\":\"https:\\\/\\\/kinetec.com.br\\\/new\\\/obrigado-marcha\\\/#breadcrumb\",\"itemListElement\":[{\"@type\":\"ListItem\",\"position\":1,\"name\":\"In\u00edcio\",\"item\":\"https:\\\/\\\/kinetec.com.br\\\/new\\\/\"},{\"@type\":\"ListItem\",\"position\":2,\"name\":\"Obrigado Curso Marcha\"}]},{\"@type\":\"WebSite\",\"@id\":\"https:\\\/\\\/kinetec.com.br\\\/new\\\/#website\",\"url\":\"https:\\\/\\\/kinetec.com.br\\\/new\\\/\",\"name\":\"Kinetec\",\"description\":\"Tecnologias Biomec\u00e2nicas\",\"potentialAction\":[{\"@type\":\"SearchAction\",\"target\":{\"@type\":\"EntryPoint\",\"urlTemplate\":\"https:\\\/\\\/kinetec.com.br\\\/new\\\/?s={search_term_string}\"},\"query-input\":{\"@type\":\"PropertyValueSpecification\",\"valueRequired\":true,\"valueName\":\"search_term_string\"}}],\"inLanguage\":\"pt-BR\"}]}<\/script>\n<!-- \/ Yoast SEO plugin. -->","yoast_head_json":{"title":"Obrigado Curso Marcha - Kinetec","robots":{"index":"index","follow":"follow","max-snippet":"max-snippet:-1","max-image-preview":"max-image-preview:large","max-video-preview":"max-video-preview:-1"},"canonical":"https:\/\/kinetec.com.br\/new\/obrigado-marcha\/","og_locale":"pt_BR","og_type":"article","og_title":"Obrigado Curso Marcha - Kinetec","og_description":"Curso de An\u00e1liseBiomec\u00e2nica da Marcha 2.0 \u00a0 Obrigado! &nbsp; Voc\u00ea acaba de garantir sua pr\u00e9-inscri\u00e7\u00e3o! Aguarde em breve um de nossos consultores entrar\u00e1 em contato para completar a sua inscri\u00e7\u00e3o em nosso curso.Curso de An\u00e1liseBiomec\u00e2nica da Marcha 2.0 \u00a0 Obrigado! &nbsp; Voc\u00ea acaba de garantir sua pr\u00e9-inscri\u00e7\u00e3o! Aguarde em breve um de nossos consultores entrar\u00e1 [&hellip;]","og_url":"https:\/\/kinetec.com.br\/new\/obrigado-marcha\/","og_site_name":"Kinetec","article_modified_time":"2024-08-23T23:06:20+00:00","twitter_card":"summary_large_image","twitter_misc":{"Est. tempo de leitura":"1 minuto"},"schema":{"@context":"https:\/\/schema.org","@graph":[{"@type":"WebPage","@id":"https:\/\/kinetec.com.br\/new\/obrigado-marcha\/","url":"https:\/\/kinetec.com.br\/new\/obrigado-marcha\/","name":"Obrigado Curso Marcha - Kinetec","isPartOf":{"@id":"https:\/\/kinetec.com.br\/new\/#website"},"datePublished":"2024-08-23T19:27:34+00:00","dateModified":"2024-08-23T23:06:20+00:00","breadcrumb":{"@id":"https:\/\/kinetec.com.br\/new\/obrigado-marcha\/#breadcrumb"},"inLanguage":"pt-BR","potentialAction":[{"@type":"ReadAction","target":["https:\/\/kinetec.com.br\/new\/obrigado-marcha\/"]}]},{"@type":"BreadcrumbList","@id":"https:\/\/kinetec.com.br\/new\/obrigado-marcha\/#breadcrumb","itemListElement":[{"@type":"ListItem","position":1,"name":"In\u00edcio","item":"https:\/\/kinetec.com.br\/new\/"},{"@type":"ListItem","position":2,"name":"Obrigado Curso Marcha"}]},{"@type":"WebSite","@id":"https:\/\/kinetec.com.br\/new\/#website","url":"https:\/\/kinetec.com.br\/new\/","name":"Kinetec","description":"Tecnologias Biomec\u00e2nicas","potentialAction":[{"@type":"SearchAction","target":{"@type":"EntryPoint","urlTemplate":"https:\/\/kinetec.com.br\/new\/?s={search_term_string}"},"query-input":{"@type":"PropertyValueSpecification","valueRequired":true,"valueName":"search_term_string"}}],"inLanguage":"pt-BR"}]}},"_links":{"self":[{"href":"https:\/\/kinetec.com.br\/new\/wp-json\/wp\/v2\/pages\/11416","targetHints":{"allow":["GET"]}}],"collection":[{"href":"https:\/\/kinetec.com.br\/new\/wp-json\/wp\/v2\/pages"}],"about":[{"href":"https:\/\/kinetec.com.br\/new\/wp-json\/wp\/v2\/types\/page"}],"author":[{"embeddable":true,"href":"https:\/\/kinetec.com.br\/new\/wp-json\/wp\/v2\/users\/10"}],"replies":[{"embeddable":true,"href":"https:\/\/kinetec.com.br\/new\/wp-json\/wp\/v2\/comments?post=11416"}],"version-history":[{"count":6,"href":"https:\/\/kinetec.com.br\/new\/wp-json\/wp\/v2\/pages\/11416\/revisions"}],"predecessor-version":[{"id":11485,"href":"https:\/\/kinetec.com.br\/new\/wp-json\/wp\/v2\/pages\/11416\/revisions\/11485"}],"wp:attachment":[{"href":"https:\/\/kinetec.com.br\/new\/wp-json\/wp\/v2\/media?parent=11416"}],"curies":[{"name":"wp","href":"https:\/\/api.w.org\/{rel}","templated":true}]}}